{"id":1911,"date":"2014-06-11T08:54:14","date_gmt":"2016-02-22T15:06:03","guid":{"rendered":"https:\/\/jafep.com\/?post_type=product&#038;p=1911"},"modified":"2023-04-20T10:08:17","modified_gmt":"2023-04-20T10:08:17","slug":"pintura-plastica-mate-extra-peinture-a-leau-mate-extra","status":"publish","type":"product","link":"https:\/\/jafep.com\/fr\/producto\/pintura-plastica-mate-extra-peinture-a-leau-mate-extra\/","title":{"rendered":"PINTURA PL\u00c1STICA MATE EXTRA (PEINTURE \u00c0 L&#8217;EAU MATE EXTRA)"},"content":{"rendered":"<p>Peinture de grande qualit\u00e9 pour int\u00e9rieurs. Finition tr\u00e8s blanche et tr\u00e8s bon pouvoir<br \/>\ncouvrante, lavable et r\u00e9sistante; elle est aussi ad\u00e9quate pour la protection ext\u00e9rieure<br \/>\ngr\u00e2ce \u00e0 sa r\u00e9sistance \u00e0 la lumi\u00e8re et stabilit\u00e9 aux agents atmosph\u00e9riques. <\/p>\n","protected":false},"excerpt":{"rendered":"<p>Peinture de grande qualit\u00e9 pour int\u00e9rieurs. Finition tr\u00e8s blanche et tr\u00e8s bon pouvoir couvrante, lavable et r\u00e9sistante; elle est aussi ad\u00e9quate pour la protection ext\u00e9rieure gr\u00e2ce \u00e0 sa r\u00e9sistance \u00e0 la lumi\u00e8re et stabilit\u00e9 aux agents atmosph\u00e9riques.<\/p>\n","protected":false},"featured_media":82144,"comment_status":"closed","ping_status":"closed","template":"","meta":{"_acf_changed":false,"_links_to":"","_links_to_target":""},"product_brand":[],"product_cat":[1338,750],"product_tag":[],"class_list":{"0":"post-1911","1":"product","2":"type-product","3":"status-publish","4":"has-post-thumbnail","6":"product_cat-mate-extra-fr","7":"product_cat-pinturas-plasticas-fr-2","8":"pa_formatos-15l-fr","9":"pa_formatos-4l-fr","10":"pa_formatos-750ml-fr","11":"pa_formatos-8l-fr","12":"pa_herramientas-airless-fr","13":"pa_herramientas-brocha-fr","14":"pa_herramientas-pistola-fr","15":"pa_herramientas-rodillo-fr-2","16":"pa_herramientas-rodillo-iinterior-100-microfibra-de-11mm-fr","17":"pa_herramientas-rodillo-interior-poliamida-de-11mm-fr","18":"pa_iconos-1-base-agua-fr","19":"pa_iconos-33-rendimiento-8-10-m2l-fr","20":"pa_iconos-45-exterior-interior-fr","21":"pa_iconos-50-extra-mate-85o-fr","22":"pa_iconos-61-lavabilidad-nivel-2-fr","23":"pa_iconos-extra-mate-profundo-fr","24":"pa_iconos-mate5-fr","26":"first","27":"instock","28":"shipping-taxable","29":"product-type-simple"},"acf":[],"_links":{"self":[{"href":"https:\/\/jafep.com\/fr\/wp-json\/wp\/v2\/product\/1911","targetHints":{"allow":["GET"]}}],"collection":[{"href":"https:\/\/jafep.com\/fr\/wp-json\/wp\/v2\/product"}],"about":[{"href":"https:\/\/jafep.com\/fr\/wp-json\/wp\/v2\/types\/product"}],"replies":[{"embeddable":true,"href":"https:\/\/jafep.com\/fr\/wp-json\/wp\/v2\/comments?post=1911"}],"wp:featuredmedia":[{"embeddable":true,"href":"https:\/\/jafep.com\/fr\/wp-json\/wp\/v2\/media\/82144"}],"wp:attachment":[{"href":"https:\/\/jafep.com\/fr\/wp-json\/wp\/v2\/media?parent=1911"}],"wp:term":[{"taxonomy":"product_brand","embeddable":true,"href":"https:\/\/jafep.com\/fr\/wp-json\/wp\/v2\/product_brand?post=1911"},{"taxonomy":"product_cat","embeddable":true,"href":"https:\/\/jafep.com\/fr\/wp-json\/wp\/v2\/product_cat?post=1911"},{"taxonomy":"product_tag","embeddable":true,"href":"https:\/\/jafep.com\/fr\/wp-json\/wp\/v2\/product_tag?post=1911"}],"curies":[{"name":"wp","href":"https:\/\/api.w.org\/{rel}","templated":true}]}}