{"id":1895,"date":"2014-06-11T10:22:29","date_gmt":"2014-06-11T10:22:29","guid":{"rendered":"https:\/\/jafep.com\/?post_type=product&#038;p=1895"},"modified":"2023-04-24T06:58:55","modified_gmt":"2023-04-24T06:58:55","slug":"mate-professionnelle-peinture-acrylique","status":"publish","type":"product","link":"https:\/\/jafep.com\/fr\/producto\/mate-professionnelle-peinture-acrylique\/","title":{"rendered":"MATE PROFESSIONNELLE Peinture acrylique"},"content":{"rendered":"<p>Peinture acrylique destin\u00e9e \u00e0 la d\u00e9coration en int\u00e9rieur, grande blancheur, bon pouvoir<br \/>\ncouvrant. <\/p>\n","protected":false},"excerpt":{"rendered":"<p>Peinture acrylique destin\u00e9e \u00e0 la d\u00e9coration en int\u00e9rieur, grande blancheur, bon pouvoir couvrant.<\/p>\n","protected":false},"featured_media":82164,"comment_status":"closed","ping_status":"closed","template":"","meta":{"_acf_changed":false,"_links_to":"","_links_to_target":""},"product_brand":[],"product_cat":[1549,1551,1547,750,1352],"product_tag":[],"class_list":{"0":"post-1895","1":"product","2":"type-product","3":"status-publish","4":"has-post-thumbnail","6":"product_cat-decorer-peindre","7":"product_cat-effets-decoratifs","8":"product_cat-interieurs","9":"product_cat-pinturas-plasticas-fr-2","10":"product_cat-profesional-fr","11":"pa_formatos-15l-fr","12":"pa_formatos-4l-fr","13":"pa_herramientas-airless-fr","14":"pa_herramientas-brocha-fr","15":"pa_herramientas-pistola-fr","16":"pa_herramientas-rodillo-fr-2","17":"pa_herramientas-rodillo-iinterior-100-microfibra-de-11mm-fr","18":"pa_herramientas-rodillo-interior-poliamida-de-11mm-fr","19":"pa_iconos-1-base-agua-fr","20":"pa_iconos-46-interior-fr","21":"pa_iconos-51-mate-60o-fr","22":"pa_iconos-63-lavabilidad-nivel-4-fr","23":"pa_iconos-mate-fr","24":"pa_iconos-mate3-5-fr","25":"pa_iconos-b-s1d0-fr","26":"pa_iconos-rendimiento-6-7-m2-l-fr","28":"first","29":"instock","30":"shipping-taxable","31":"product-type-simple"},"acf":[],"_links":{"self":[{"href":"https:\/\/jafep.com\/fr\/wp-json\/wp\/v2\/product\/1895","targetHints":{"allow":["GET"]}}],"collection":[{"href":"https:\/\/jafep.com\/fr\/wp-json\/wp\/v2\/product"}],"about":[{"href":"https:\/\/jafep.com\/fr\/wp-json\/wp\/v2\/types\/product"}],"replies":[{"embeddable":true,"href":"https:\/\/jafep.com\/fr\/wp-json\/wp\/v2\/comments?post=1895"}],"wp:featuredmedia":[{"embeddable":true,"href":"https:\/\/jafep.com\/fr\/wp-json\/wp\/v2\/media\/82164"}],"wp:attachment":[{"href":"https:\/\/jafep.com\/fr\/wp-json\/wp\/v2\/media?parent=1895"}],"wp:term":[{"taxonomy":"product_brand","embeddable":true,"href":"https:\/\/jafep.com\/fr\/wp-json\/wp\/v2\/product_brand?post=1895"},{"taxonomy":"product_cat","embeddable":true,"href":"https:\/\/jafep.com\/fr\/wp-json\/wp\/v2\/product_cat?post=1895"},{"taxonomy":"product_tag","embeddable":true,"href":"https:\/\/jafep.com\/fr\/wp-json\/wp\/v2\/product_tag?post=1895"}],"curies":[{"name":"wp","href":"https:\/\/api.w.org\/{rel}","templated":true}]}}