{"id":1875,"date":"2014-06-12T08:10:30","date_gmt":"2014-06-12T08:10:30","guid":{"rendered":"https:\/\/jafep.com\/?post_type=product&#038;p=1875"},"modified":"2023-04-25T07:48:46","modified_gmt":"2023-04-25T07:48:46","slug":"revetement-lisse-petrex","status":"publish","type":"product","link":"https:\/\/jafep.com\/fr\/producto\/revetement-lisse-petrex\/","title":{"rendered":"REV\u00caTEMENT LISSE PETREX"},"content":{"rendered":"<p>Rev\u00eatement pierreux acrylique pour ext\u00e9rieur. Imperm\u00e9able et lavable. Grande<br \/>\nr\u00e9sistance aux intemp\u00e9ries, au salp\u00eatre et \u00e0 l\u2019abrasion. Excellent pouvoir couvrant et bon<br \/>\nrendement. Imperm\u00e9abilise la fa\u00e7ade tout en maintenant sa transpirabilit\u00e9.<br \/>\nProduit disponible avec fongicide. <\/p>\n","protected":false},"excerpt":{"rendered":"<p>Rev\u00eatement pierreux acrylique pour ext\u00e9rieur. Imperm\u00e9able et lavable. Grande r\u00e9sistance aux intemp\u00e9ries, au salp\u00eatre et \u00e0 l\u2019abrasion. Excellent pouvoir couvrant et bon rendement. Imperm\u00e9abilise la fa\u00e7ade tout en maintenant sa transpirabilit\u00e9. Produit disponible avec fongicide.<\/p>\n","protected":false},"featured_media":82219,"comment_status":"closed","ping_status":"closed","template":"","meta":{"_acf_changed":false,"_links_to":"","_links_to_target":""},"product_brand":[],"product_cat":[1549,828,838,1547,1581,829,508,1582,1379,1539],"product_tag":[],"class_list":{"0":"post-1875","1":"product","2":"type-product","3":"status-publish","4":"has-post-thumbnail","6":"product_cat-decorer-peindre","7":"product_cat-exteriores-fr","8":"product_cat-en-mate-fr-2","9":"product_cat-interieurs","10":"product_cat-ite-isolation-thermique-par-lexterieur","11":"product_cat-fachadas-fr","12":"product_cat-petrex-5-fr","13":"product_cat-reparer-les-facades","14":"product_cat-revetements","15":"product_cat-zones-faiblement-humides","16":"pa_formatos-15l-fr","17":"pa_formatos-4l-fr","18":"pa_herramientas-airless-fr","19":"pa_herramientas-brocha-fr","20":"pa_herramientas-pistola-fr","21":"pa_herramientas-rodillo-fr-2","22":"pa_herramientas-rodillo-fachadas-lana-oveja-20mm-fr","23":"pa_herramientas-rodillo-fachadas-poliamida-extra-larga-de-20mm-fr","24":"pa_herramientas-rodillo-fachadas-poliamida-larga-de-19mm-fr","25":"pa_iconos-1-base-agua-fr","26":"pa_iconos-51-mate-60o-fr","27":"pa_iconos-61-lavabilidad-nivel-2-fr","28":"pa_iconos-cartes-de-credit","29":"pa_iconos-ce-fr","30":"pa_iconos-ce-etag-004-fr","31":"pa_iconos-cidemco-fr","32":"pa_iconos-exterior-fr","33":"pa_iconos-ince-fr","34":"pa_iconos-mate-fr","35":"pa_iconos-b-s1d0-fr","36":"pa_iconos-rendimiento-de-8-12-m2l-fr","38":"first","39":"instock","40":"shipping-taxable","41":"product-type-simple"},"acf":[],"_links":{"self":[{"href":"https:\/\/jafep.com\/fr\/wp-json\/wp\/v2\/product\/1875","targetHints":{"allow":["GET"]}}],"collection":[{"href":"https:\/\/jafep.com\/fr\/wp-json\/wp\/v2\/product"}],"about":[{"href":"https:\/\/jafep.com\/fr\/wp-json\/wp\/v2\/types\/product"}],"replies":[{"embeddable":true,"href":"https:\/\/jafep.com\/fr\/wp-json\/wp\/v2\/comments?post=1875"}],"wp:featuredmedia":[{"embeddable":true,"href":"https:\/\/jafep.com\/fr\/wp-json\/wp\/v2\/media\/82219"}],"wp:attachment":[{"href":"https:\/\/jafep.com\/fr\/wp-json\/wp\/v2\/media?parent=1875"}],"wp:term":[{"taxonomy":"product_brand","embeddable":true,"href":"https:\/\/jafep.com\/fr\/wp-json\/wp\/v2\/product_brand?post=1875"},{"taxonomy":"product_cat","embeddable":true,"href":"https:\/\/jafep.com\/fr\/wp-json\/wp\/v2\/product_cat?post=1875"},{"taxonomy":"product_tag","embeddable":true,"href":"https:\/\/jafep.com\/fr\/wp-json\/wp\/v2\/product_tag?post=1875"}],"curies":[{"name":"wp","href":"https:\/\/api.w.org\/{rel}","templated":true}]}}