{"id":1864,"date":"2016-02-22T07:57:35","date_gmt":"2016-02-22T07:57:35","guid":{"rendered":"https:\/\/jafep.com\/?post_type=product&#038;p=1864"},"modified":"2025-03-28T11:59:24","modified_gmt":"2025-03-28T11:59:24","slug":"revestimiento-liso-petrex-5-hr-revetement-lisse","status":"publish","type":"product","link":"https:\/\/jafep.com\/fr\/producto\/revestimiento-liso-petrex-5-hr-revetement-lisse\/","title":{"rendered":"REVESTIMIENTO LISO PETREX 5 HR (REV\u00caTEMENT LISSE)"},"content":{"rendered":"<p>Rev\u00eatement lisse acrylique pour ext\u00e9rieur. Imperm\u00e9able. Grande r\u00e9sistance aux intemp\u00e9ries, au salp\u00eatre et \u00e0 l\u2019abrasion. Peinture hydrofuge \u00e0 base de polysiloxane. Elle repousse l&#8217;eau et facilite en m\u00eame temps la perm\u00e9abilit\u00e9 \u00e0 la vapeur d&#8217;eau.<\/p>\n","protected":false},"excerpt":{"rendered":"<p>Rev\u00eatement lisse acrylique pour ext\u00e9rieur. Imperm\u00e9able. Grande r\u00e9sistance aux intemp\u00e9ries, au salp\u00eatre et \u00e0 l\u2019abrasion. Peinture hydrofuge \u00e0 base de polysiloxane. Elle repousse l&#8217;eau et facilite en m\u00eame temps la perm\u00e9abilit\u00e9 \u00e0 la vapeur d&#8217;eau.<\/p>\n","protected":false},"featured_media":0,"comment_status":"closed","ping_status":"closed","template":"","meta":{"_acf_changed":false,"_links_to":"","_links_to_target":""},"product_brand":[],"product_cat":[511,508,750],"product_tag":[],"class_list":{"0":"post-1864","1":"product","2":"type-product","3":"status-publish","5":"product_cat-facades-fr-2","6":"product_cat-petrex-5-fr","7":"product_cat-pinturas-plasticas-fr-2","8":"pa_formatos-15l-fr","9":"pa_herramientas-airless-fr","10":"pa_herramientas-brocha-fr","11":"pa_herramientas-brocha-esmalte-barniz-acrilico-microfibra-fr","12":"pa_herramientas-pistola-fr","13":"pa_herramientas-rodillo-fr-2","14":"pa_herramientas-rodillo-fr","15":"pa_herramientas-rodillo-fachadas-lana-oveja-20mm-fr","16":"pa_herramientas-rodillo-fachadas-poliamida-extra-larga-de-20mm-fr","17":"pa_herramientas-rodillo-fachadas-poliamida-larga-de-19mm-fr","18":"pa_iconos-1-base-agua-fr","19":"pa_iconos-63-lavabilidad-nivel-4-fr","21":"first","22":"instock","23":"shipping-taxable","24":"product-type-simple"},"acf":[],"_links":{"self":[{"href":"https:\/\/jafep.com\/fr\/wp-json\/wp\/v2\/product\/1864","targetHints":{"allow":["GET"]}}],"collection":[{"href":"https:\/\/jafep.com\/fr\/wp-json\/wp\/v2\/product"}],"about":[{"href":"https:\/\/jafep.com\/fr\/wp-json\/wp\/v2\/types\/product"}],"replies":[{"embeddable":true,"href":"https:\/\/jafep.com\/fr\/wp-json\/wp\/v2\/comments?post=1864"}],"wp:attachment":[{"href":"https:\/\/jafep.com\/fr\/wp-json\/wp\/v2\/media?parent=1864"}],"wp:term":[{"taxonomy":"product_brand","embeddable":true,"href":"https:\/\/jafep.com\/fr\/wp-json\/wp\/v2\/product_brand?post=1864"},{"taxonomy":"product_cat","embeddable":true,"href":"https:\/\/jafep.com\/fr\/wp-json\/wp\/v2\/product_cat?post=1864"},{"taxonomy":"product_tag","embeddable":true,"href":"https:\/\/jafep.com\/fr\/wp-json\/wp\/v2\/product_tag?post=1864"}],"curies":[{"name":"wp","href":"https:\/\/api.w.org\/{rel}","templated":true}]}}