{"id":1852,"date":"2014-06-12T10:06:57","date_gmt":"2014-06-12T10:06:57","guid":{"rendered":"https:\/\/jafep.com\/?post_type=product&#038;p=1852"},"modified":"2023-04-24T07:07:29","modified_gmt":"2023-04-24T07:07:29","slug":"jafep-stilo-peinture-mate-dinterieur","status":"publish","type":"product","link":"https:\/\/jafep.com\/fr\/producto\/jafep-stilo-peinture-mate-dinterieur\/","title":{"rendered":"JAFEP STILO Peinture mate d\u2019int\u00e9rieur"},"content":{"rendered":"<p>Peinture acrylique d\u2019excellente qualit\u00e9 \u00e9tudi\u00e9e pour la d\u00e9coration, la r\u00e9novation et<br \/>\nl\u2019entretien des int\u00e9rieurs qui demandent une bonne lavabilit\u00e9 et une bonne r\u00e9sistance<br \/>\nau frottement. Pour des finitions color\u00e9es aux tonalit\u00e9s assorties. <\/p>\n","protected":false},"excerpt":{"rendered":"<p>Peinture acrylique d\u2019excellente qualit\u00e9 \u00e9tudi\u00e9e pour la d\u00e9coration, la r\u00e9novation et l\u2019entretien des int\u00e9rieurs qui demandent une bonne lavabilit\u00e9 et une bonne r\u00e9sistance au frottement. Pour des finitions color\u00e9es aux tonalit\u00e9s assorties.<\/p>\n","protected":false},"featured_media":82224,"comment_status":"closed","ping_status":"closed","template":"","meta":{"_acf_changed":false,"_links_to":"","_links_to_target":""},"product_brand":[],"product_cat":[499,1549,838,1547,750],"product_tag":[],"class_list":{"0":"post-1852","1":"product","2":"type-product","3":"status-publish","4":"has-post-thumbnail","6":"product_cat-decoration-interieure-stilo","7":"product_cat-decorer-peindre","8":"product_cat-en-mate-fr-2","9":"product_cat-interieurs","10":"product_cat-pinturas-plasticas-fr-2","11":"pa_formatos-15l-fr","12":"pa_formatos-4l-fr","13":"pa_formatos-750ml-fr","14":"pa_herramientas-airless-fr","15":"pa_herramientas-brocha-fr","16":"pa_herramientas-brocha-esmalte-barniz-acrilico-microfibra-fr","17":"pa_herramientas-pistola-fr","18":"pa_herramientas-rodillo-fr-2","19":"pa_herramientas-rodillo-iinterior-100-microfibra-de-11mm-fr","20":"pa_herramientas-rodillo-interior-poliamida-de-11mm-fr","21":"pa_iconos-1-base-agua-fr","22":"pa_iconos-33-rendimiento-8-10-m2l-fr","23":"pa_iconos-45-exterior-interior-fr","24":"pa_iconos-51-mate-60o-fr","25":"pa_iconos-62-lavabilidad-nivel-3-fr","26":"pa_iconos-cartes-de-credit","27":"pa_iconos-mate-fr","28":"pa_iconos-mate2-5-fr","30":"first","31":"instock","32":"shipping-taxable","33":"product-type-simple"},"acf":[],"_links":{"self":[{"href":"https:\/\/jafep.com\/fr\/wp-json\/wp\/v2\/product\/1852","targetHints":{"allow":["GET"]}}],"collection":[{"href":"https:\/\/jafep.com\/fr\/wp-json\/wp\/v2\/product"}],"about":[{"href":"https:\/\/jafep.com\/fr\/wp-json\/wp\/v2\/types\/product"}],"replies":[{"embeddable":true,"href":"https:\/\/jafep.com\/fr\/wp-json\/wp\/v2\/comments?post=1852"}],"wp:featuredmedia":[{"embeddable":true,"href":"https:\/\/jafep.com\/fr\/wp-json\/wp\/v2\/media\/82224"}],"wp:attachment":[{"href":"https:\/\/jafep.com\/fr\/wp-json\/wp\/v2\/media?parent=1852"}],"wp:term":[{"taxonomy":"product_brand","embeddable":true,"href":"https:\/\/jafep.com\/fr\/wp-json\/wp\/v2\/product_brand?post=1852"},{"taxonomy":"product_cat","embeddable":true,"href":"https:\/\/jafep.com\/fr\/wp-json\/wp\/v2\/product_cat?post=1852"},{"taxonomy":"product_tag","embeddable":true,"href":"https:\/\/jafep.com\/fr\/wp-json\/wp\/v2\/product_tag?post=1852"}],"curies":[{"name":"wp","href":"https:\/\/api.w.org\/{rel}","templated":true}]}}