{"id":1846,"date":"2014-06-12T10:22:24","date_gmt":"2016-02-22T07:34:21","guid":{"rendered":"https:\/\/jafep.com\/?post_type=product&#038;p=1846"},"modified":"2023-04-24T07:13:09","modified_gmt":"2023-04-24T07:13:09","slug":"peinture-acrylique-mate-interieur-jafep-stilo-monocouche","status":"publish","type":"product","link":"https:\/\/jafep.com\/fr\/producto\/peinture-acrylique-mate-interieur-jafep-stilo-monocouche\/","title":{"rendered":"PEINTURE ACRYLIQUE MATE INT\u00c9RIEUR JAFEP STILO MONOCOUCHE"},"content":{"rendered":"<p>Peinture acrylique pr\u00eate \u00e0 l\u2019emploi, d\u2019excellente qualit\u00e9 et au tr\u00e8s haut pouvoir couvrant,<br \/>\n\u00e9tudi\u00e9e pour la d\u00e9coration, la r\u00e9novation et l\u2019entretien des int\u00e9rieurs qui demandent une<br \/>\nbonne lavabilit\u00e9 et une bonne r\u00e9sistance au frottement. Pour des finitions color\u00e9es aux<br \/>\ntonalit\u00e9s assorties. <\/p>\n","protected":false},"excerpt":{"rendered":"<p>Peinture acrylique pr\u00eate \u00e0 l\u2019emploi, d\u2019excellente qualit\u00e9 et au tr\u00e8s haut pouvoir couvrant, \u00e9tudi\u00e9e pour la d\u00e9coration, la r\u00e9novation et l\u2019entretien des int\u00e9rieurs qui demandent une bonne lavabilit\u00e9 et une bonne r\u00e9sistance au frottement. Pour des finitions color\u00e9es aux tonalit\u00e9s assorties.<\/p>\n","protected":false},"featured_media":82229,"comment_status":"closed","ping_status":"closed","template":"","meta":{"_acf_changed":false,"_links_to":"","_links_to_target":""},"product_brand":[],"product_cat":[499,1549,838,1547,750],"product_tag":[],"class_list":{"0":"post-1846","1":"product","2":"type-product","3":"status-publish","4":"has-post-thumbnail","6":"product_cat-decoration-interieure-stilo","7":"product_cat-decorer-peindre","8":"product_cat-en-mate-fr-2","9":"product_cat-interieurs","10":"product_cat-pinturas-plasticas-fr-2","11":"pa_formatos-4l-fr","12":"pa_herramientas-airless-fr","13":"pa_herramientas-brocha-fr","14":"pa_herramientas-brocha-esmalte-barniz-acrilico-microfibra-fr","15":"pa_herramientas-pistola-fr","16":"pa_herramientas-rodillo-fr-2","17":"pa_herramientas-rodillo-iinterior-100-microfibra-de-11mm-fr","18":"pa_herramientas-rodillo-interior-poliamida-de-11mm-fr","19":"pa_iconos-1-base-agua-fr","20":"pa_iconos-30-rendimiento-12-14-m2-fr","21":"pa_iconos-45-exterior-interior-fr","22":"pa_iconos-51-mate-60o-fr","23":"pa_iconos-62-lavabilidad-nivel-3-fr","24":"pa_iconos-cartes-de-credit","25":"pa_iconos-mate-fr","26":"pa_iconos-mate2-5-fr","28":"first","29":"instock","30":"shipping-taxable","31":"product-type-simple"},"acf":[],"_links":{"self":[{"href":"https:\/\/jafep.com\/fr\/wp-json\/wp\/v2\/product\/1846","targetHints":{"allow":["GET"]}}],"collection":[{"href":"https:\/\/jafep.com\/fr\/wp-json\/wp\/v2\/product"}],"about":[{"href":"https:\/\/jafep.com\/fr\/wp-json\/wp\/v2\/types\/product"}],"replies":[{"embeddable":true,"href":"https:\/\/jafep.com\/fr\/wp-json\/wp\/v2\/comments?post=1846"}],"wp:featuredmedia":[{"embeddable":true,"href":"https:\/\/jafep.com\/fr\/wp-json\/wp\/v2\/media\/82229"}],"wp:attachment":[{"href":"https:\/\/jafep.com\/fr\/wp-json\/wp\/v2\/media?parent=1846"}],"wp:term":[{"taxonomy":"product_brand","embeddable":true,"href":"https:\/\/jafep.com\/fr\/wp-json\/wp\/v2\/product_brand?post=1846"},{"taxonomy":"product_cat","embeddable":true,"href":"https:\/\/jafep.com\/fr\/wp-json\/wp\/v2\/product_cat?post=1846"},{"taxonomy":"product_tag","embeddable":true,"href":"https:\/\/jafep.com\/fr\/wp-json\/wp\/v2\/product_tag?post=1846"}],"curies":[{"name":"wp","href":"https:\/\/api.w.org\/{rel}","templated":true}]}}