{"id":1833,"date":"2014-06-12T11:06:38","date_gmt":"2014-06-12T11:06:38","guid":{"rendered":"https:\/\/jafep.com\/?post_type=product&#038;p=1833"},"modified":"2023-04-24T07:31:20","modified_gmt":"2023-04-24T07:31:20","slug":"peinture-a-leau-mate-easyclean","status":"publish","type":"product","link":"https:\/\/jafep.com\/fr\/producto\/peinture-a-leau-mate-easyclean\/","title":{"rendered":"PEINTURE \u00c0 L&#8217;EAU MATE \u201c EasyClean\u201d"},"content":{"rendered":"<p>caract\u00e9ristique la plus remarquable est l&#8217;absorption minimale, c&#8217;est pourquoi elle<br \/>\njoint sa magnifique lavabilit\u00e9 \u00e0 l&#8217;entretien facile de taches difficiles (vin, caf\u00e9, etc.) \u00e0 l&#8217;aide d&#8217;un chiffon humide et d&#8217;un simple coup.<br \/>\nEasyClean respecte tous les crit\u00e8res \u00e9cologiques pour les peintures d&#8217;int\u00e9rieur, c&#8217;est pourquoi elle est en cours d&#8217;obtenir le label \u00e9cologique europ\u00e9en Eco label . <\/p>\n","protected":false},"excerpt":{"rendered":"<p>caract\u00e9ristique la plus remarquable est l&#8217;absorption minimale, c&#8217;est pourquoi elle joint sa magnifique lavabilit\u00e9 \u00e0 l&#8217;entretien facile de taches difficiles (vin, caf\u00e9, etc.) \u00e0 l&#8217;aide d&#8217;un chiffon humide et d&#8217;un simple coup. EasyClean respecte tous les crit\u00e8res \u00e9cologiques pour les peintures d&#8217;int\u00e9rieur, c&#8217;est pourquoi elle est en cours d&#8217;obtenir le label \u00e9cologique europ\u00e9en Eco label&#8230;<\/p>\n","protected":false},"featured_media":82244,"comment_status":"closed","ping_status":"closed","template":"","meta":{"_acf_changed":false,"_links_to":"","_links_to_target":""},"product_brand":[],"product_cat":[1549,838,754,755,1349,750],"product_tag":[],"class_list":{"0":"post-1833","1":"product","2":"type-product","3":"status-publish","4":"has-post-thumbnail","6":"product_cat-decorer-peindre","7":"product_cat-en-mate-fr-2","8":"product_cat-facil-limpieza-fr","9":"product_cat-pintura-ecologica-fr","10":"product_cat-peintures-eco-friendly","11":"product_cat-pinturas-plasticas-fr-2","12":"pa_formatos-15l-fr","13":"pa_formatos-4l-fr","14":"pa_herramientas-airless-fr","15":"pa_herramientas-brocha-fr","16":"pa_herramientas-pistola-fr","17":"pa_herramientas-rodillo-fr-2","18":"pa_herramientas-rodillo-iinterior-100-microfibra-de-11mm-fr","19":"pa_herramientas-rodillo-interior-poliamida-de-11mm-fr","20":"pa_iconos-1-base-agua-fr","21":"pa_iconos-45-exterior-interior-fr","22":"pa_iconos-51-mate-60o-fr","23":"pa_iconos-60-lavabilidad-nivel-1-fr","24":"pa_iconos-ecolabel-fr","25":"pa_iconos-mate-fr","26":"pa_iconos-mate2-5-fr","27":"pa_iconos-rendimiento-10-14-m2-l-fr","29":"first","30":"instock","31":"shipping-taxable","32":"product-type-simple"},"acf":[],"_links":{"self":[{"href":"https:\/\/jafep.com\/fr\/wp-json\/wp\/v2\/product\/1833","targetHints":{"allow":["GET"]}}],"collection":[{"href":"https:\/\/jafep.com\/fr\/wp-json\/wp\/v2\/product"}],"about":[{"href":"https:\/\/jafep.com\/fr\/wp-json\/wp\/v2\/types\/product"}],"replies":[{"embeddable":true,"href":"https:\/\/jafep.com\/fr\/wp-json\/wp\/v2\/comments?post=1833"}],"wp:featuredmedia":[{"embeddable":true,"href":"https:\/\/jafep.com\/fr\/wp-json\/wp\/v2\/media\/82244"}],"wp:attachment":[{"href":"https:\/\/jafep.com\/fr\/wp-json\/wp\/v2\/media?parent=1833"}],"wp:term":[{"taxonomy":"product_brand","embeddable":true,"href":"https:\/\/jafep.com\/fr\/wp-json\/wp\/v2\/product_brand?post=1833"},{"taxonomy":"product_cat","embeddable":true,"href":"https:\/\/jafep.com\/fr\/wp-json\/wp\/v2\/product_cat?post=1833"},{"taxonomy":"product_tag","embeddable":true,"href":"https:\/\/jafep.com\/fr\/wp-json\/wp\/v2\/product_tag?post=1833"}],"curies":[{"name":"wp","href":"https:\/\/api.w.org\/{rel}","templated":true}]}}