{"id":1747,"date":"2016-02-02T10:52:32","date_gmt":"2016-02-19T12:44:16","guid":{"rendered":"https:\/\/jafep.com\/?post_type=product&#038;p=1747"},"modified":"2023-05-02T07:16:27","modified_gmt":"2023-05-02T07:16:27","slug":"telacril-terrazas-terrasses","status":"publish","type":"product","link":"https:\/\/jafep.com\/fr\/producto\/telacril-terrazas-terrasses\/","title":{"rendered":"Telacril Terrasses"},"content":{"rendered":"<p>Membrane continue hautement \u00e9lastique \u00e0 haute r\u00e9sistance aux intemp\u00e9ries. Il est recommand\u00e9 pour l&#8217;imperm\u00e9abilisation des terrasses, toitures, toitures, etc. Il sert \u00e9galement \u00e0 prot\u00e9ger les mousses de polyur\u00e9thane. <\/p>\n","protected":false},"excerpt":{"rendered":"<p>\u00c9tanch\u00e9it\u00e9 \u00e9lastom\u00e8re <\/p>\n","protected":false},"featured_media":83645,"comment_status":"closed","ping_status":"closed","template":"","meta":{"_acf_changed":false,"_links_to":"","_links_to_target":""},"product_brand":[],"product_cat":[1583,1312,1540,1315,1546],"product_tag":[],"class_list":{"0":"post-1747","1":"product","2":"type-product","3":"status-publish","4":"has-post-thumbnail","6":"product_cat-impermeabilisation","7":"product_cat-ligne-anti-humidite","8":"product_cat-peindre-les-terrasses","9":"product_cat-telacril-fr","10":"product_cat-toits","11":"pa_formatos-15l-fr","12":"pa_formatos-4l-fr","13":"pa_formatos-750ml-fr","14":"pa_herramientas-airless-fr","15":"pa_herramientas-brocha-fr","16":"pa_herramientas-pistola-fr","17":"pa_herramientas-rodillo-fachadas-lana-oveja-20mm-fr","18":"pa_herramientas-rodillo-fachadas-poliamida-extra-larga-de-20mm-fr","19":"pa_herramientas-rodillo-fachadas-poliamida-larga-de-19mm-fr","20":"pa_iconos-1-m2-l-fr","21":"pa_iconos-1-base-agua-fr","22":"pa_iconos-60-lavabilidad-nivel-1-fr","23":"pa_iconos-conservateur-anti-moisissures-systeme-atmh","24":"pa_iconos-elongacion-fr","25":"pa_iconos-exterior-fr","27":"first","28":"instock","29":"shipping-taxable","30":"product-type-simple"},"acf":[],"_links":{"self":[{"href":"https:\/\/jafep.com\/fr\/wp-json\/wp\/v2\/product\/1747","targetHints":{"allow":["GET"]}}],"collection":[{"href":"https:\/\/jafep.com\/fr\/wp-json\/wp\/v2\/product"}],"about":[{"href":"https:\/\/jafep.com\/fr\/wp-json\/wp\/v2\/types\/product"}],"replies":[{"embeddable":true,"href":"https:\/\/jafep.com\/fr\/wp-json\/wp\/v2\/comments?post=1747"}],"wp:featuredmedia":[{"embeddable":true,"href":"https:\/\/jafep.com\/fr\/wp-json\/wp\/v2\/media\/83645"}],"wp:attachment":[{"href":"https:\/\/jafep.com\/fr\/wp-json\/wp\/v2\/media?parent=1747"}],"wp:term":[{"taxonomy":"product_brand","embeddable":true,"href":"https:\/\/jafep.com\/fr\/wp-json\/wp\/v2\/product_brand?post=1747"},{"taxonomy":"product_cat","embeddable":true,"href":"https:\/\/jafep.com\/fr\/wp-json\/wp\/v2\/product_cat?post=1747"},{"taxonomy":"product_tag","embeddable":true,"href":"https:\/\/jafep.com\/fr\/wp-json\/wp\/v2\/product_tag?post=1747"}],"curies":[{"name":"wp","href":"https:\/\/api.w.org\/{rel}","templated":true}]}}