{"id":1723,"date":"2016-02-02T12:25:44","date_gmt":"2016-02-19T12:15:57","guid":{"rendered":"https:\/\/jafep.com\/?post_type=product&#038;p=1723"},"modified":"2023-05-03T08:18:00","modified_gmt":"2023-05-03T08:18:00","slug":"barniz-marino-vernis","status":"publish","type":"product","link":"https:\/\/jafep.com\/fr\/producto\/barniz-marino-vernis\/","title":{"rendered":"Vernis Marin Intemp\u00e9ries"},"content":{"rendered":"<p>Vernis alkyde modifi\u00e9 de haute qualit\u00e9 avec d&#8217;excellentes propri\u00e9t\u00e9s telles que : Bonne adh\u00e9rence, p\u00e9n\u00e9tration et\u00a0mouillage. Bonne r\u00e9sistance aux agents atmosph\u00e9riques et environnementaux.\u00a0Grande flexibilit\u00e9 et duret\u00e9 de surface. <\/p>\n","protected":false},"excerpt":{"rendered":"<p>Vernis alkyde id\u00e9al pour les environnements marins <\/p>\n","protected":false},"featured_media":82374,"comment_status":"closed","ping_status":"closed","template":"","meta":{"_acf_changed":false,"_links_to":"","_links_to_target":""},"product_brand":[],"product_cat":[853,839,1508,1506,1361],"product_tag":[],"class_list":{"0":"post-1723","1":"product","2":"type-product","3":"status-publish","4":"has-post-thumbnail","6":"product_cat-madera-fr","7":"product_cat-productos-para-la-madera-fr-2","8":"product_cat-proteger-fr","9":"product_cat-vernir","10":"product_cat-vernis","11":"pa_formatos-375ml-fr","12":"pa_formatos-4l-fr","13":"pa_formatos-750ml-fr","14":"pa_herramientas-airless-fr","15":"pa_herramientas-brocha-fr","16":"pa_herramientas-brocha-esmalte-barniz-acrilico-microfibra-fr","17":"pa_herramientas-pistola-fr","18":"pa_iconos-2-base-solvente-fr","19":"pa_iconos-45-exterior-interior-fr","20":"pa_iconos-basetr-fr","21":"pa_iconos-brillant","22":"pa_iconos-cartes-de-credit","23":"pa_iconos-rendimiento-15-m2-l-fr","25":"first","26":"instock","27":"shipping-taxable","28":"product-type-simple"},"acf":[],"_links":{"self":[{"href":"https:\/\/jafep.com\/fr\/wp-json\/wp\/v2\/product\/1723","targetHints":{"allow":["GET"]}}],"collection":[{"href":"https:\/\/jafep.com\/fr\/wp-json\/wp\/v2\/product"}],"about":[{"href":"https:\/\/jafep.com\/fr\/wp-json\/wp\/v2\/types\/product"}],"replies":[{"embeddable":true,"href":"https:\/\/jafep.com\/fr\/wp-json\/wp\/v2\/comments?post=1723"}],"wp:featuredmedia":[{"embeddable":true,"href":"https:\/\/jafep.com\/fr\/wp-json\/wp\/v2\/media\/82374"}],"wp:attachment":[{"href":"https:\/\/jafep.com\/fr\/wp-json\/wp\/v2\/media?parent=1723"}],"wp:term":[{"taxonomy":"product_brand","embeddable":true,"href":"https:\/\/jafep.com\/fr\/wp-json\/wp\/v2\/product_brand?post=1723"},{"taxonomy":"product_cat","embeddable":true,"href":"https:\/\/jafep.com\/fr\/wp-json\/wp\/v2\/product_cat?post=1723"},{"taxonomy":"product_tag","embeddable":true,"href":"https:\/\/jafep.com\/fr\/wp-json\/wp\/v2\/product_tag?post=1723"}],"curies":[{"name":"wp","href":"https:\/\/api.w.org\/{rel}","templated":true}]}}