{"id":1667,"date":"2016-02-02T16:15:37","date_gmt":"2016-02-19T10:45:32","guid":{"rendered":"https:\/\/jafep.com\/?post_type=product&#038;p=1667"},"modified":"2023-05-05T08:55:17","modified_gmt":"2023-05-05T08:55:17","slug":"jafestuc-stuc","status":"publish","type":"product","link":"https:\/\/jafep.com\/fr\/producto\/jafestuc-stuc\/","title":{"rendered":"JAFESTUC &#8211; STUC"},"content":{"rendered":"<p>Rev\u00eatement d\u00e9coratif pour int\u00e9rieur, murs de pl\u00e2tres, plafonds et tout type de support<br \/>\nde m\u00eame genre qui, avec une spatule, permet d\u2019obtenir une finition d\u2019une grande<br \/>\nbeaut\u00e9. <\/p>\n","protected":false},"excerpt":{"rendered":"<p>Rev\u00eatement d\u00e9coratif pour int\u00e9rieur, murs de pl\u00e2tres, plafonds et tout type de support de m\u00eame genre qui, avec une spatule, permet d\u2019obtenir une finition d\u2019une grande beaut\u00e9.<\/p>\n","protected":false},"featured_media":83751,"comment_status":"closed","ping_status":"closed","template":"","meta":{"_acf_changed":false,"_links_to":"","_links_to_target":""},"product_brand":[],"product_cat":[1549,1551,82,1296],"product_tag":[],"class_list":{"0":"post-1667","1":"product","2":"type-product","3":"status-publish","4":"has-post-thumbnail","6":"product_cat-decorer-peindre","7":"product_cat-effets-decoratifs","8":"product_cat-acabados-fr","9":"product_cat-haute-decoration","10":"pa_formatos-750ml-fr","11":"pa_herramientas-llana-fr","12":"pa_iconos-1-base-agua-fr","13":"pa_iconos-46-interior-fr","14":"pa_iconos-brillant","15":"pa_iconos-cartes-de-credit","16":"pa_iconos-multicolor-fr","17":"pa_iconos-rendimiento-3-5-m2-l-fr","19":"first","20":"instock","21":"shipping-taxable","22":"product-type-simple"},"acf":[],"_links":{"self":[{"href":"https:\/\/jafep.com\/fr\/wp-json\/wp\/v2\/product\/1667","targetHints":{"allow":["GET"]}}],"collection":[{"href":"https:\/\/jafep.com\/fr\/wp-json\/wp\/v2\/product"}],"about":[{"href":"https:\/\/jafep.com\/fr\/wp-json\/wp\/v2\/types\/product"}],"replies":[{"embeddable":true,"href":"https:\/\/jafep.com\/fr\/wp-json\/wp\/v2\/comments?post=1667"}],"wp:featuredmedia":[{"embeddable":true,"href":"https:\/\/jafep.com\/fr\/wp-json\/wp\/v2\/media\/83751"}],"wp:attachment":[{"href":"https:\/\/jafep.com\/fr\/wp-json\/wp\/v2\/media?parent=1667"}],"wp:term":[{"taxonomy":"product_brand","embeddable":true,"href":"https:\/\/jafep.com\/fr\/wp-json\/wp\/v2\/product_brand?post=1667"},{"taxonomy":"product_cat","embeddable":true,"href":"https:\/\/jafep.com\/fr\/wp-json\/wp\/v2\/product_cat?post=1667"},{"taxonomy":"product_tag","embeddable":true,"href":"https:\/\/jafep.com\/fr\/wp-json\/wp\/v2\/product_tag?post=1667"}],"curies":[{"name":"wp","href":"https:\/\/api.w.org\/{rel}","templated":true}]}}