{"id":1661,"date":"2016-02-02T16:21:49","date_gmt":"2016-02-19T10:36:47","guid":{"rendered":"https:\/\/jafep.com\/?post_type=product&#038;p=1661"},"modified":"2023-05-05T09:00:23","modified_gmt":"2023-05-05T09:00:23","slug":"gharnata-stuc-au-rouleau","status":"publish","type":"product","link":"https:\/\/jafep.com\/fr\/producto\/gharnata-stuc-au-rouleau\/","title":{"rendered":"GHARNATA Stuc au rouleau"},"content":{"rendered":"<p>Rev\u00eatement d\u00e9coratif d\u2019int\u00e9rieur, \u00e0 appliquer sur murs et plafonds de pl\u00e2tre, et d\u2019autres<br \/>\nsupports de m\u00eame nature pour un effet marbr\u00e9, inspir\u00e9 de la technique du<br \/>\n\u00ab Tadelaket \u00bb. <\/p>\n","protected":false},"excerpt":{"rendered":"<p>Rev\u00eatement d\u00e9coratif d\u2019int\u00e9rieur, \u00e0 appliquer sur murs et plafonds de pl\u00e2tre, et d\u2019autres supports de m\u00eame nature pour un effet marbr\u00e9, inspir\u00e9 de la technique du \u00ab Tadelaket \u00bb.<\/p>\n","protected":false},"featured_media":83601,"comment_status":"closed","ping_status":"closed","template":"","meta":{"_acf_changed":false,"_links_to":"","_links_to_target":""},"product_brand":[],"product_cat":[1549,1551,82,1296,1547],"product_tag":[],"class_list":{"0":"post-1661","1":"product","2":"type-product","3":"status-publish","4":"has-post-thumbnail","6":"product_cat-decorer-peindre","7":"product_cat-effets-decoratifs","8":"product_cat-acabados-fr","9":"product_cat-haute-decoration","10":"product_cat-interieurs","11":"pa_formatos-5kg-fr","12":"pa_herramientas-llana-fr","13":"pa_herramientas-rodillo-interior-poliamida-de-11mm-fr","14":"pa_iconos-1-base-agua-fr","15":"pa_iconos-46-interior-fr","16":"pa_iconos-cartes-de-credit","17":"pa_iconos-multicolor-fr","18":"pa_iconos-rendimiento-8-12-m2l-fr","20":"first","21":"instock","22":"shipping-taxable","23":"product-type-simple"},"acf":[],"_links":{"self":[{"href":"https:\/\/jafep.com\/fr\/wp-json\/wp\/v2\/product\/1661","targetHints":{"allow":["GET"]}}],"collection":[{"href":"https:\/\/jafep.com\/fr\/wp-json\/wp\/v2\/product"}],"about":[{"href":"https:\/\/jafep.com\/fr\/wp-json\/wp\/v2\/types\/product"}],"replies":[{"embeddable":true,"href":"https:\/\/jafep.com\/fr\/wp-json\/wp\/v2\/comments?post=1661"}],"wp:featuredmedia":[{"embeddable":true,"href":"https:\/\/jafep.com\/fr\/wp-json\/wp\/v2\/media\/83601"}],"wp:attachment":[{"href":"https:\/\/jafep.com\/fr\/wp-json\/wp\/v2\/media?parent=1661"}],"wp:term":[{"taxonomy":"product_brand","embeddable":true,"href":"https:\/\/jafep.com\/fr\/wp-json\/wp\/v2\/product_brand?post=1661"},{"taxonomy":"product_cat","embeddable":true,"href":"https:\/\/jafep.com\/fr\/wp-json\/wp\/v2\/product_cat?post=1661"},{"taxonomy":"product_tag","embeddable":true,"href":"https:\/\/jafep.com\/fr\/wp-json\/wp\/v2\/product_tag?post=1661"}],"curies":[{"name":"wp","href":"https:\/\/api.w.org\/{rel}","templated":true}]}}