{"id":1639,"date":"2016-02-19T09:29:58","date_gmt":"2016-02-19T09:29:58","guid":{"rendered":"https:\/\/jafep.com\/?post_type=product&#038;p=1639"},"modified":"2023-05-05T07:15:54","modified_gmt":"2023-05-05T07:15:54","slug":"revetement-mural-rustique-fond-muralia","status":"publish","type":"product","link":"https:\/\/jafep.com\/fr\/producto\/revetement-mural-rustique-fond-muralia\/","title":{"rendered":"REV\u00caTEMENT MURAL RUSTIQUE. Fond MURALIA"},"content":{"rendered":"<p>P\u00e2te thixotropique \u00e0 appliquer \u00e0 la taloche, la brosse ou au pinceau de fa\u00e7on \u00e0 cr\u00e9er un<br \/>\nmur \u00e0 l\u2019ancienne reproduisant l\u2019aspect du pl\u00e2tre vieilli, de fa\u00e7on tr\u00e8s naturelle. <\/p>\n","protected":false},"excerpt":{"rendered":"<p>P\u00e2te thixotropique \u00e0 appliquer \u00e0 la taloche, la brosse ou au pinceau de fa\u00e7on \u00e0 cr\u00e9er un mur \u00e0 l\u2019ancienne reproduisant l\u2019aspect du pl\u00e2tre vieilli, de fa\u00e7on tr\u00e8s naturelle.<\/p>\n","protected":false},"featured_media":13923,"comment_status":"closed","ping_status":"closed","template":"","meta":{"_acf_changed":false,"_links_to":"","_links_to_target":""},"product_brand":[],"product_cat":[1548,1549,82,1296,1547],"product_tag":[],"class_list":{"0":"post-1639","1":"product","2":"type-product","3":"status-publish","4":"has-post-thumbnail","6":"product_cat-avant-de-peindre-fr-3","7":"product_cat-decorer-peindre","8":"product_cat-acabados-fr","9":"product_cat-haute-decoration","10":"product_cat-interieurs","11":"pa_formatos-20kg-fr","12":"pa_formatos-5kg-fr","13":"pa_herramientas-brosse","14":"pa_herramientas-llana-fr","15":"pa_herramientas-paletina-alta-decoracion-fr","16":"pa_iconos-1-base-agua-fr","17":"pa_iconos-46-interior-fr","18":"pa_iconos-51-mate-60o-fr","19":"pa_iconos-rendimiento-1-3-m2-l-fr","21":"first","22":"instock","23":"shipping-taxable","24":"product-type-simple"},"acf":[],"_links":{"self":[{"href":"https:\/\/jafep.com\/fr\/wp-json\/wp\/v2\/product\/1639","targetHints":{"allow":["GET"]}}],"collection":[{"href":"https:\/\/jafep.com\/fr\/wp-json\/wp\/v2\/product"}],"about":[{"href":"https:\/\/jafep.com\/fr\/wp-json\/wp\/v2\/types\/product"}],"replies":[{"embeddable":true,"href":"https:\/\/jafep.com\/fr\/wp-json\/wp\/v2\/comments?post=1639"}],"wp:featuredmedia":[{"embeddable":true,"href":"https:\/\/jafep.com\/fr\/wp-json\/wp\/v2\/media\/13923"}],"wp:attachment":[{"href":"https:\/\/jafep.com\/fr\/wp-json\/wp\/v2\/media?parent=1639"}],"wp:term":[{"taxonomy":"product_brand","embeddable":true,"href":"https:\/\/jafep.com\/fr\/wp-json\/wp\/v2\/product_brand?post=1639"},{"taxonomy":"product_cat","embeddable":true,"href":"https:\/\/jafep.com\/fr\/wp-json\/wp\/v2\/product_cat?post=1639"},{"taxonomy":"product_tag","embeddable":true,"href":"https:\/\/jafep.com\/fr\/wp-json\/wp\/v2\/product_tag?post=1639"}],"curies":[{"name":"wp","href":"https:\/\/api.w.org\/{rel}","templated":true}]}}