{"id":1628,"date":"2016-02-05T07:57:51","date_gmt":"2016-02-05T07:57:51","guid":{"rendered":"https:\/\/jafep.com\/?post_type=product&#038;p=1628"},"modified":"2023-05-05T07:33:54","modified_gmt":"2023-05-05T07:33:54","slug":"veladuras","status":"publish","type":"product","link":"https:\/\/jafep.com\/fr\/producto\/veladuras\/","title":{"rendered":"VELADURAS"},"content":{"rendered":"<p>Produit en phase aqueuse, acrylique, de basse viscosit\u00e9, au s\u00e9chage tr\u00e8s lent afin de<br \/>\nr\u00e9aliser des patines aux diff\u00e9rents effets, \u00e9tant appliqu\u00e9 sur diff\u00e9rents supports. <\/p>\n","protected":false},"excerpt":{"rendered":"<p>Produit en phase aqueuse, acrylique, de basse viscosit\u00e9, au s\u00e9chage tr\u00e8s lent afin de r\u00e9aliser des patines aux diff\u00e9rents effets, \u00e9tant appliqu\u00e9 sur diff\u00e9rents supports.<\/p>\n","protected":false},"featured_media":83751,"comment_status":"closed","ping_status":"closed","template":"","meta":{"_acf_changed":false,"_links_to":"","_links_to_target":""},"product_brand":[],"product_cat":[1549,82,1296,1547],"product_tag":[],"class_list":{"0":"post-1628","1":"product","2":"type-product","3":"status-publish","4":"has-post-thumbnail","6":"product_cat-decorer-peindre","7":"product_cat-acabados-fr","8":"product_cat-haute-decoration","9":"product_cat-interieurs","10":"pa_formatos-750ml-fr","11":"pa_herramientas-paletina-alta-decoracion-fr","12":"pa_herramientas-rodillo-interior-poliamida-de-11mm-fr","13":"pa_iconos-1-base-agua-fr","14":"pa_iconos-46-interior-fr","15":"pa_iconos-61-lavabilidad-nivel-2-fr","17":"first","18":"instock","19":"shipping-taxable","20":"product-type-simple"},"acf":[],"_links":{"self":[{"href":"https:\/\/jafep.com\/fr\/wp-json\/wp\/v2\/product\/1628","targetHints":{"allow":["GET"]}}],"collection":[{"href":"https:\/\/jafep.com\/fr\/wp-json\/wp\/v2\/product"}],"about":[{"href":"https:\/\/jafep.com\/fr\/wp-json\/wp\/v2\/types\/product"}],"replies":[{"embeddable":true,"href":"https:\/\/jafep.com\/fr\/wp-json\/wp\/v2\/comments?post=1628"}],"wp:featuredmedia":[{"embeddable":true,"href":"https:\/\/jafep.com\/fr\/wp-json\/wp\/v2\/media\/83751"}],"wp:attachment":[{"href":"https:\/\/jafep.com\/fr\/wp-json\/wp\/v2\/media?parent=1628"}],"wp:term":[{"taxonomy":"product_brand","embeddable":true,"href":"https:\/\/jafep.com\/fr\/wp-json\/wp\/v2\/product_brand?post=1628"},{"taxonomy":"product_cat","embeddable":true,"href":"https:\/\/jafep.com\/fr\/wp-json\/wp\/v2\/product_cat?post=1628"},{"taxonomy":"product_tag","embeddable":true,"href":"https:\/\/jafep.com\/fr\/wp-json\/wp\/v2\/product_tag?post=1628"}],"curies":[{"name":"wp","href":"https:\/\/api.w.org\/{rel}","templated":true}]}}