{"id":1624,"date":"2016-02-05T08:03:33","date_gmt":"2016-02-19T09:07:00","guid":{"rendered":"https:\/\/jafep.com\/?post_type=product&#038;p=1624"},"modified":"2023-05-05T07:43:35","modified_gmt":"2023-05-05T07:43:35","slug":"arenas-egypcias-enduit-decoratif","status":"publish","type":"product","link":"https:\/\/jafep.com\/fr\/producto\/arenas-egypcias-enduit-decoratif\/","title":{"rendered":"ARENAS EGYPCIAS Enduit d\u00e9coratif"},"content":{"rendered":"<p>Rev\u00eatement d\u00e9coratif vinylique d\u2019int\u00e9rieur \u00e0 teinter avec nos colorants \u00ab Tinturas<br \/>\nJAFEP \u00bb, produisant un effet sabl\u00e9. R\u00e9siste aux coups. Lavable, bonne r\u00e9sistance \u00e0 la<br \/>\nlumi\u00e8re et aux intemp\u00e9ries en fonction de la nuance. <\/p>\n","protected":false},"excerpt":{"rendered":"<p>Rev\u00eatement d\u00e9coratif vinylique d\u2019int\u00e9rieur \u00e0 teinter avec nos colorants \u00ab Tinturas JAFEP \u00bb, produisant un effet sabl\u00e9. R\u00e9siste aux coups. Lavable, bonne r\u00e9sistance \u00e0 la lumi\u00e8re et aux intemp\u00e9ries en fonction de la nuance.<\/p>\n","protected":false},"featured_media":13784,"comment_status":"closed","ping_status":"closed","template":"","meta":{"_acf_changed":false,"_links_to":"","_links_to_target":""},"product_brand":[],"product_cat":[1549,1551,82,1296,1547],"product_tag":[],"class_list":{"0":"post-1624","1":"product","2":"type-product","3":"status-publish","4":"has-post-thumbnail","6":"product_cat-decorer-peindre","7":"product_cat-effets-decoratifs","8":"product_cat-acabados-fr","9":"product_cat-haute-decoration","10":"product_cat-interieurs","11":"pa_formatos-5kg-fr","12":"pa_iconos-1-base-agua-fr","13":"pa_iconos-33-rendimiento-8-10-m2l-fr","14":"pa_iconos-45-exterior-interior-fr","15":"pa_iconos-cartes-de-credit","16":"pa_iconos-multicolor-fr","18":"first","19":"instock","20":"shipping-taxable","21":"product-type-simple"},"acf":[],"_links":{"self":[{"href":"https:\/\/jafep.com\/fr\/wp-json\/wp\/v2\/product\/1624","targetHints":{"allow":["GET"]}}],"collection":[{"href":"https:\/\/jafep.com\/fr\/wp-json\/wp\/v2\/product"}],"about":[{"href":"https:\/\/jafep.com\/fr\/wp-json\/wp\/v2\/types\/product"}],"replies":[{"embeddable":true,"href":"https:\/\/jafep.com\/fr\/wp-json\/wp\/v2\/comments?post=1624"}],"wp:featuredmedia":[{"embeddable":true,"href":"https:\/\/jafep.com\/fr\/wp-json\/wp\/v2\/media\/13784"}],"wp:attachment":[{"href":"https:\/\/jafep.com\/fr\/wp-json\/wp\/v2\/media?parent=1624"}],"wp:term":[{"taxonomy":"product_brand","embeddable":true,"href":"https:\/\/jafep.com\/fr\/wp-json\/wp\/v2\/product_brand?post=1624"},{"taxonomy":"product_cat","embeddable":true,"href":"https:\/\/jafep.com\/fr\/wp-json\/wp\/v2\/product_cat?post=1624"},{"taxonomy":"product_tag","embeddable":true,"href":"https:\/\/jafep.com\/fr\/wp-json\/wp\/v2\/product_tag?post=1624"}],"curies":[{"name":"wp","href":"https:\/\/api.w.org\/{rel}","templated":true}]}}