{"id":1620,"date":"2016-02-19T09:01:56","date_gmt":"2016-02-19T09:01:56","guid":{"rendered":"https:\/\/jafep.com\/?post_type=product&#038;p=1620"},"modified":"2016-03-15T16:24:05","modified_gmt":"2016-03-15T16:24:05","slug":"les-coulours-rev-multimatices-decorativo","status":"publish","type":"product","link":"https:\/\/jafep.com\/fr\/producto\/les-coulours-rev-multimatices-decorativo\/","title":{"rendered":"LES COULOURS. REV. MULTIMATICES Decorativo."},"content":{"rendered":"<p>Revestimento de acabados multimatizes a uma s\u00f3 m\u00e3o, sobre superf\u00edcies lisas. <\/p>\n","protected":false},"excerpt":{"rendered":"<p>Revestimento de acabados multimatizes a uma s\u00f3 m\u00e3o, sobre superf\u00edcies lisas.<\/p>\n","protected":false},"featured_media":13927,"comment_status":"closed","ping_status":"closed","template":"","meta":{"_acf_changed":false,"_links_to":"","_links_to_target":""},"product_brand":[],"product_cat":[82,21],"product_tag":[],"class_list":{"0":"post-1620","1":"product","2":"type-product","3":"status-publish","4":"has-post-thumbnail","6":"product_cat-acabados-fr","7":"product_cat-alta-decoracion-fr","8":"pa_formatos-2-5l-fr","9":"pa_herramientas-paletina-alta-decoracion-fr","10":"pa_herramientas-rodillo-interior-poliamida-de-11mm-fr","11":"pa_iconos-1-base-agua-fr","12":"pa_iconos-63-lavabilidad-nivel-4-fr","14":"first","15":"instock","16":"shipping-taxable","17":"product-type-simple"},"acf":[],"_links":{"self":[{"href":"https:\/\/jafep.com\/fr\/wp-json\/wp\/v2\/product\/1620","targetHints":{"allow":["GET"]}}],"collection":[{"href":"https:\/\/jafep.com\/fr\/wp-json\/wp\/v2\/product"}],"about":[{"href":"https:\/\/jafep.com\/fr\/wp-json\/wp\/v2\/types\/product"}],"replies":[{"embeddable":true,"href":"https:\/\/jafep.com\/fr\/wp-json\/wp\/v2\/comments?post=1620"}],"wp:featuredmedia":[{"embeddable":true,"href":"https:\/\/jafep.com\/fr\/wp-json\/wp\/v2\/media\/13927"}],"wp:attachment":[{"href":"https:\/\/jafep.com\/fr\/wp-json\/wp\/v2\/media?parent=1620"}],"wp:term":[{"taxonomy":"product_brand","embeddable":true,"href":"https:\/\/jafep.com\/fr\/wp-json\/wp\/v2\/product_brand?post=1620"},{"taxonomy":"product_cat","embeddable":true,"href":"https:\/\/jafep.com\/fr\/wp-json\/wp\/v2\/product_cat?post=1620"},{"taxonomy":"product_tag","embeddable":true,"href":"https:\/\/jafep.com\/fr\/wp-json\/wp\/v2\/product_tag?post=1620"}],"curies":[{"name":"wp","href":"https:\/\/api.w.org\/{rel}","templated":true}]}}