{"id":1618,"date":"2016-02-19T09:00:05","date_gmt":"2016-02-19T09:00:05","guid":{"rendered":"https:\/\/jafep.com\/?post_type=product&#038;p=1618"},"modified":"2016-03-15T16:23:39","modified_gmt":"2016-03-15T16:23:39","slug":"les-coulours-revetement-decoratif-multi-nuances","status":"publish","type":"product","link":"https:\/\/jafep.com\/fr\/producto\/les-coulours-revetement-decoratif-multi-nuances\/","title":{"rendered":"LES COULOURS Rev\u00eatement d\u00e9coratif multi nuances"},"content":{"rendered":"<p>Rev\u00eatement multi nuances, en une seule couche, sur surfaces lisses. <\/p>\n","protected":false},"excerpt":{"rendered":"<p>Rev\u00eatement multi nuances, en une seule couche, sur surfaces lisses.<\/p>\n","protected":false},"featured_media":13927,"comment_status":"closed","ping_status":"closed","template":"","meta":{"_acf_changed":false,"_links_to":"","_links_to_target":""},"product_brand":[],"product_cat":[82,21],"product_tag":[],"class_list":{"0":"post-1618","1":"product","2":"type-product","3":"status-publish","4":"has-post-thumbnail","6":"product_cat-acabados-fr","7":"product_cat-alta-decoracion-fr","8":"pa_formatos-2-5l-fr","9":"pa_herramientas-paletina-alta-decoracion-fr","10":"pa_herramientas-rodillo-interior-poliamida-de-11mm-fr","11":"pa_iconos-1-base-agua-fr","12":"pa_iconos-63-lavabilidad-nivel-4-fr","14":"first","15":"instock","16":"shipping-taxable","17":"product-type-simple"},"acf":[],"_links":{"self":[{"href":"https:\/\/jafep.com\/fr\/wp-json\/wp\/v2\/product\/1618","targetHints":{"allow":["GET"]}}],"collection":[{"href":"https:\/\/jafep.com\/fr\/wp-json\/wp\/v2\/product"}],"about":[{"href":"https:\/\/jafep.com\/fr\/wp-json\/wp\/v2\/types\/product"}],"replies":[{"embeddable":true,"href":"https:\/\/jafep.com\/fr\/wp-json\/wp\/v2\/comments?post=1618"}],"wp:featuredmedia":[{"embeddable":true,"href":"https:\/\/jafep.com\/fr\/wp-json\/wp\/v2\/media\/13927"}],"wp:attachment":[{"href":"https:\/\/jafep.com\/fr\/wp-json\/wp\/v2\/media?parent=1618"}],"wp:term":[{"taxonomy":"product_brand","embeddable":true,"href":"https:\/\/jafep.com\/fr\/wp-json\/wp\/v2\/product_brand?post=1618"},{"taxonomy":"product_cat","embeddable":true,"href":"https:\/\/jafep.com\/fr\/wp-json\/wp\/v2\/product_cat?post=1618"},{"taxonomy":"product_tag","embeddable":true,"href":"https:\/\/jafep.com\/fr\/wp-json\/wp\/v2\/product_tag?post=1618"}],"curies":[{"name":"wp","href":"https:\/\/api.w.org\/{rel}","templated":true}]}}