{"id":1612,"date":"2016-02-05T08:16:00","date_gmt":"2016-02-19T08:53:11","guid":{"rendered":"https:\/\/jafep.com\/?post_type=product&#038;p=1612"},"modified":"2016-03-15T16:25:50","modified_gmt":"2016-03-15T16:25:50","slug":"crackelado-decoration","status":"publish","type":"product","link":"https:\/\/jafep.com\/fr\/producto\/crackelado-decoration\/","title":{"rendered":"CRACKELADO D\u00e9coration"},"content":{"rendered":"<p>Syst\u00e8me de deux composants \u00e0 l\u2019eau, consistant en un vernis sp\u00e9cifique et une peinture<br \/>\nde finition, qui reproduit avec une application facile une finition traditionnelle vieillie \u00e0<br \/>\neffet craquel\u00e9. <\/p>\n","protected":false},"excerpt":{"rendered":"<p>Syst\u00e8me de deux composants \u00e0 l\u2019eau, consistant en un vernis sp\u00e9cifique et une peinture de finition, qui reproduit avec une application facile une finition traditionnelle vieillie \u00e0 effet craquel\u00e9.<\/p>\n","protected":false},"featured_media":13783,"comment_status":"closed","ping_status":"closed","template":"","meta":{"_acf_changed":false,"_links_to":"","_links_to_target":""},"product_brand":[],"product_cat":[82,1296],"product_tag":[],"class_list":{"0":"post-1612","1":"product","2":"type-product","3":"status-publish","4":"has-post-thumbnail","6":"product_cat-acabados-fr","7":"product_cat-haute-decoration","8":"pa_formatos-750ml-fr","9":"pa_herramientas-paletina-alta-decoracion-fr","10":"pa_herramientas-rodillo-interior-poliamida-de-11mm-fr","11":"pa_iconos-1-base-agua-fr","12":"pa_iconos-62-lavabilidad-nivel-3-fr","14":"first","15":"instock","16":"shipping-taxable","17":"product-type-simple"},"acf":[],"_links":{"self":[{"href":"https:\/\/jafep.com\/fr\/wp-json\/wp\/v2\/product\/1612","targetHints":{"allow":["GET"]}}],"collection":[{"href":"https:\/\/jafep.com\/fr\/wp-json\/wp\/v2\/product"}],"about":[{"href":"https:\/\/jafep.com\/fr\/wp-json\/wp\/v2\/types\/product"}],"replies":[{"embeddable":true,"href":"https:\/\/jafep.com\/fr\/wp-json\/wp\/v2\/comments?post=1612"}],"wp:featuredmedia":[{"embeddable":true,"href":"https:\/\/jafep.com\/fr\/wp-json\/wp\/v2\/media\/13783"}],"wp:attachment":[{"href":"https:\/\/jafep.com\/fr\/wp-json\/wp\/v2\/media?parent=1612"}],"wp:term":[{"taxonomy":"product_brand","embeddable":true,"href":"https:\/\/jafep.com\/fr\/wp-json\/wp\/v2\/product_brand?post=1612"},{"taxonomy":"product_cat","embeddable":true,"href":"https:\/\/jafep.com\/fr\/wp-json\/wp\/v2\/product_cat?post=1612"},{"taxonomy":"product_tag","embeddable":true,"href":"https:\/\/jafep.com\/fr\/wp-json\/wp\/v2\/product_tag?post=1612"}],"curies":[{"name":"wp","href":"https:\/\/api.w.org\/{rel}","templated":true}]}}