{"id":1584,"date":"2016-02-05T09:16:30","date_gmt":"2016-02-16T15:34:02","guid":{"rendered":"https:\/\/jafep.com\/?post_type=product&#038;p=1584"},"modified":"2023-06-02T11:02:48","modified_gmt":"2023-06-02T11:02:48","slug":"sellaprim-interieurs","status":"publish","type":"product","link":"https:\/\/jafep.com\/fr\/producto\/sellaprim-interieurs\/","title":{"rendered":"Sellaprim Int\u00e9rieurs. Appr\u00eat d&#8217;\u00e9tanch\u00e9it\u00e9 pigment\u00e9 en phase aqueuse"},"content":{"rendered":"<p>PProduit \u00e0 base de r\u00e9sines en \u00e9mulsion, sp\u00e9cialement d\u00e9velopp\u00e9 comme primaire \u00e0 appliquer sur les moulages, pl\u00e2tres, leurs d\u00e9riv\u00e9s et surtout celui projet\u00e9.<\/p>\n<p>Il produit un film isolant, opaque et mat qui \u00e9limine les diff\u00e9rences d&#8217;absorption du support, avant l&#8217;application des peintures de finition. <\/p>\n","protected":false},"excerpt":{"rendered":"<p>PProduit \u00e0 base de r\u00e9sines en \u00e9mulsion, sp\u00e9cialement d\u00e9velopp\u00e9 comme primaire \u00e0 appliquer sur les moulages, pl\u00e2tres, leurs d\u00e9riv\u00e9s et surtout celui projet\u00e9. Il produit un film isolant, opaque et mat qui \u00e9limine les diff\u00e9rences d&#8217;absorption du support, avant l&#8217;application des peintures de finition.<\/p>\n","protected":false},"featured_media":82444,"comment_status":"closed","ping_status":"closed","template":"","meta":{"_acf_changed":false,"_links_to":"","_links_to_target":""},"product_brand":[],"product_cat":[536,1359],"product_tag":[],"class_list":{"0":"post-1584","1":"product","2":"type-product","3":"status-publish","4":"has-post-thumbnail","6":"product_cat-complements","7":"product_cat-preparation-et-sous-couches","8":"pa_formatos-15l-fr","9":"pa_formatos-4l-fr","10":"pa_herramientas-airless-fr","11":"pa_herramientas-brocha-fr","12":"pa_herramientas-pistola-fr","13":"pa_herramientas-rodillo-fr-2","14":"pa_herramientas-rodillo-iinterior-100-microfibra-de-11mm-fr","15":"pa_herramientas-rodillo-interior-poliamida-de-11mm-fr","16":"pa_iconos-1-base-agua-fr","17":"pa_iconos-46-interior-fr","18":"pa_iconos-51-mate-60o-fr","19":"pa_iconos-listo-al-uso-fr","20":"pa_iconos-mate-fr","21":"pa_iconos-rendimiento-5-8-m2-l-fr","23":"first","24":"instock","25":"shipping-taxable","26":"product-type-simple"},"acf":[],"_links":{"self":[{"href":"https:\/\/jafep.com\/fr\/wp-json\/wp\/v2\/product\/1584","targetHints":{"allow":["GET"]}}],"collection":[{"href":"https:\/\/jafep.com\/fr\/wp-json\/wp\/v2\/product"}],"about":[{"href":"https:\/\/jafep.com\/fr\/wp-json\/wp\/v2\/types\/product"}],"replies":[{"embeddable":true,"href":"https:\/\/jafep.com\/fr\/wp-json\/wp\/v2\/comments?post=1584"}],"wp:featuredmedia":[{"embeddable":true,"href":"https:\/\/jafep.com\/fr\/wp-json\/wp\/v2\/media\/82444"}],"wp:attachment":[{"href":"https:\/\/jafep.com\/fr\/wp-json\/wp\/v2\/media?parent=1584"}],"wp:term":[{"taxonomy":"product_brand","embeddable":true,"href":"https:\/\/jafep.com\/fr\/wp-json\/wp\/v2\/product_brand?post=1584"},{"taxonomy":"product_cat","embeddable":true,"href":"https:\/\/jafep.com\/fr\/wp-json\/wp\/v2\/product_cat?post=1584"},{"taxonomy":"product_tag","embeddable":true,"href":"https:\/\/jafep.com\/fr\/wp-json\/wp\/v2\/product_tag?post=1584"}],"curies":[{"name":"wp","href":"https:\/\/api.w.org\/{rel}","templated":true}]}}