{"id":1581,"date":"2016-02-05T09:19:51","date_gmt":"2016-02-16T15:31:47","guid":{"rendered":"https:\/\/jafep.com\/?post_type=product&#038;p=1581"},"modified":"2023-05-08T10:25:11","modified_gmt":"2023-05-08T10:25:11","slug":"sellaprim-exterieurs","status":"publish","type":"product","link":"https:\/\/jafep.com\/fr\/producto\/sellaprim-exterieurs\/","title":{"rendered":"SELLAPRIM EXT\u00c9RIEURS"},"content":{"rendered":"<p>Produit \u00e9labor\u00e9 \u00e0 base de r\u00e9sines acryliques en \u00e9mulsion, particuli\u00e8rement d\u00e9velopp\u00e9<br \/>\ncomme impression pour appliquer sur tr\u00e8s divers supports tant neufs que vieux.<br \/>\nIl produit une impression pelliculaire isolante, opaque et mate qui \u00e9limine les diff\u00e9rences<br \/>\nd&#8217;absorption du support, pr\u00e9alablement \u00e0 l\u2019application des peintures de finition. Il est<br \/>\naussi un efficient isolant de beaucoup de types de salissure. <\/p>\n","protected":false},"excerpt":{"rendered":"<p>Produit \u00e9labor\u00e9 \u00e0 base de r\u00e9sines acryliques en \u00e9mulsion, particuli\u00e8rement d\u00e9velopp\u00e9 comme impression pour appliquer sur tr\u00e8s divers supports tant neufs que vieux. Il produit une impression pelliculaire isolante, opaque et mate qui \u00e9limine les diff\u00e9rences d&#8217;absorption du support, pr\u00e9alablement \u00e0 l\u2019application des peintures de finition. Il est aussi un efficient isolant de beaucoup de&#8230;<\/p>\n","protected":false},"featured_media":82449,"comment_status":"closed","ping_status":"closed","template":"","meta":{"_acf_changed":false,"_links_to":"","_links_to_target":""},"product_brand":[],"product_cat":[536,1359],"product_tag":[],"class_list":{"0":"post-1581","1":"product","2":"type-product","3":"status-publish","4":"has-post-thumbnail","6":"product_cat-complements","7":"product_cat-preparation-et-sous-couches","8":"pa_formatos-15l-fr","9":"pa_formatos-4l-fr","10":"pa_herramientas-airless-fr","11":"pa_herramientas-brocha-fr","12":"pa_herramientas-pistola-fr","13":"pa_herramientas-rodillo-fachadas-lana-oveja-20mm-fr","14":"pa_herramientas-rodillo-fachadas-poliamida-extra-larga-de-20mm-fr","15":"pa_herramientas-rodillo-fachadas-poliamida-larga-de-19mm-fr","16":"pa_iconos-1-base-agua-fr","17":"pa_iconos-51-mate-60o-fr","18":"pa_iconos-exterior-fr","19":"pa_iconos-listo-al-uso-fr","20":"pa_iconos-mate-fr","21":"pa_iconos-rendimiento-10-12-m2l-fr","23":"first","24":"instock","25":"shipping-taxable","26":"product-type-simple"},"acf":[],"_links":{"self":[{"href":"https:\/\/jafep.com\/fr\/wp-json\/wp\/v2\/product\/1581","targetHints":{"allow":["GET"]}}],"collection":[{"href":"https:\/\/jafep.com\/fr\/wp-json\/wp\/v2\/product"}],"about":[{"href":"https:\/\/jafep.com\/fr\/wp-json\/wp\/v2\/types\/product"}],"replies":[{"embeddable":true,"href":"https:\/\/jafep.com\/fr\/wp-json\/wp\/v2\/comments?post=1581"}],"wp:featuredmedia":[{"embeddable":true,"href":"https:\/\/jafep.com\/fr\/wp-json\/wp\/v2\/media\/82449"}],"wp:attachment":[{"href":"https:\/\/jafep.com\/fr\/wp-json\/wp\/v2\/media?parent=1581"}],"wp:term":[{"taxonomy":"product_brand","embeddable":true,"href":"https:\/\/jafep.com\/fr\/wp-json\/wp\/v2\/product_brand?post=1581"},{"taxonomy":"product_cat","embeddable":true,"href":"https:\/\/jafep.com\/fr\/wp-json\/wp\/v2\/product_cat?post=1581"},{"taxonomy":"product_tag","embeddable":true,"href":"https:\/\/jafep.com\/fr\/wp-json\/wp\/v2\/product_tag?post=1581"}],"curies":[{"name":"wp","href":"https:\/\/api.w.org\/{rel}","templated":true}]}}