{"id":1496,"date":"2016-02-05T12:21:33","date_gmt":"2016-02-16T08:26:26","guid":{"rendered":"https:\/\/jafep.com\/?post_type=product&#038;p=1496"},"modified":"2023-05-08T11:28:09","modified_gmt":"2023-05-08T11:28:09","slug":"peinture-sols-wb","status":"publish","type":"product","link":"https:\/\/jafep.com\/fr\/producto\/peinture-sols-wb\/","title":{"rendered":"PEINTURE SOLS WB"},"content":{"rendered":"<p>Peinture sp\u00e9ciale pour les sols \u00e0 l&#8217;eau, \u00e0 base de r\u00e9sines acryliques, de grande duret\u00e9 et adh\u00e9rence, r\u00e9sistance \u00e0 l&#8217;abrasion et aux intemp\u00e9ries. Anti-poussi\u00e8re. Tr\u00e8s bonne nivellement. Couleurs r\u00e9sistantes \u00e0 la lumi\u00e8re. <\/p>\n","protected":false},"excerpt":{"rendered":"<p>Peinture sp\u00e9ciale pour les sols \u00e0 l&#8217;eau, \u00e0 base de r\u00e9sines acryliques, de grande duret\u00e9 et adh\u00e9rence, r\u00e9sistance \u00e0 l&#8217;abrasion et aux intemp\u00e9ries. Anti-poussi\u00e8re. Tr\u00e8s bonne nivellement. Couleurs r\u00e9sistantes \u00e0 la lumi\u00e8re.<\/p>\n","protected":false},"featured_media":82594,"comment_status":"closed","ping_status":"closed","template":"","meta":{"_acf_changed":false,"_links_to":"","_links_to_target":""},"product_brand":[],"product_cat":[1457,1405,1411],"product_tag":[],"class_list":{"0":"post-1496","1":"product","2":"type-product","3":"status-publish","4":"has-post-thumbnail","6":"product_cat-sols","7":"product_cat-sols-et-signalisations-fr","8":"product_cat-sols-et-signalisations-fr-2","9":"pa_formatos-15l-fr","10":"pa_formatos-4l-fr","11":"pa_herramientas-airless-fr","12":"pa_herramientas-brocha-fr","13":"pa_herramientas-pistola-fr","14":"pa_herramientas-rodillo-suelos-100-poliamida-texturada-13mm-fr","15":"pa_iconos-1-base-agua-fr","16":"pa_iconos-33-rendimiento-8-10-m2l-fr","17":"pa_iconos-41-brocha-rodillo-pistola-fr","18":"pa_iconos-45-exterior-interior-fr","19":"pa_iconos-basep-fr","20":"pa_iconos-cartes-de-credit","21":"pa_iconos-satinado-fr","23":"first","24":"instock","25":"shipping-taxable","26":"product-type-simple"},"acf":[],"_links":{"self":[{"href":"https:\/\/jafep.com\/fr\/wp-json\/wp\/v2\/product\/1496","targetHints":{"allow":["GET"]}}],"collection":[{"href":"https:\/\/jafep.com\/fr\/wp-json\/wp\/v2\/product"}],"about":[{"href":"https:\/\/jafep.com\/fr\/wp-json\/wp\/v2\/types\/product"}],"replies":[{"embeddable":true,"href":"https:\/\/jafep.com\/fr\/wp-json\/wp\/v2\/comments?post=1496"}],"wp:featuredmedia":[{"embeddable":true,"href":"https:\/\/jafep.com\/fr\/wp-json\/wp\/v2\/media\/82594"}],"wp:attachment":[{"href":"https:\/\/jafep.com\/fr\/wp-json\/wp\/v2\/media?parent=1496"}],"wp:term":[{"taxonomy":"product_brand","embeddable":true,"href":"https:\/\/jafep.com\/fr\/wp-json\/wp\/v2\/product_brand?post=1496"},{"taxonomy":"product_cat","embeddable":true,"href":"https:\/\/jafep.com\/fr\/wp-json\/wp\/v2\/product_cat?post=1496"},{"taxonomy":"product_tag","embeddable":true,"href":"https:\/\/jafep.com\/fr\/wp-json\/wp\/v2\/product_tag?post=1496"}],"curies":[{"name":"wp","href":"https:\/\/api.w.org\/{rel}","templated":true}]}}