{"id":1436,"date":"2016-02-05T15:22:53","date_gmt":"2016-02-15T16:13:53","guid":{"rendered":"https:\/\/jafep.com\/?post_type=product&#038;p=1436"},"modified":"2023-04-19T09:27:14","modified_gmt":"2023-04-19T09:27:14","slug":"peinutre-laque-glycero-industriel-sechage-rapide","status":"publish","type":"product","link":"https:\/\/jafep.com\/fr\/producto\/peinutre-laque-glycero-industriel-sechage-rapide\/","title":{"rendered":"Peinture Laque Glyc\u00e9ro Industriel S\u00e9chage Rapide"},"content":{"rendered":"<p>Laque Glyc\u00e9ro Industriel pour structures m\u00e9talliques, tuyaux, machines, etc. Fabriqu\u00e9 avec des r\u00e9sines alkydes modifi\u00e9es sp\u00e9ciales et des pigments \u00e0 haute r\u00e9sistance qui offrent une brillance \u00e9lev\u00e9e, une bonne couverture et un s\u00e9chage rapide, ce qui permet de manipuler les pi\u00e8ces peintes. <\/p>\n","protected":false},"excerpt":{"rendered":"<p>Laque Glyc\u00e9ro Industriel pour structures m\u00e9talliques, tuyaux, machines, etc. Fabriqu\u00e9 avec des r\u00e9sines alkydes modifi\u00e9es sp\u00e9ciales et des pigments \u00e0 haute r\u00e9sistance qui offrent une brillance \u00e9lev\u00e9e, une bonne couverture et un s\u00e9chage rapide, ce qui permet de manipuler les pi\u00e8ces peintes.<\/p>\n","protected":false},"featured_media":82664,"comment_status":"closed","ping_status":"closed","template":"","meta":{"_acf_changed":false,"_links_to":"","_links_to_target":""},"product_brand":[],"product_cat":[548,984,987,446,1397],"product_tag":[],"class_list":{"0":"post-1436","1":"product","2":"type-product","3":"status-publish","4":"has-post-thumbnail","6":"product_cat-bases-systeme-industriel-dual","7":"product_cat-esmaltes-imprimaciones-y-selladoras-fr","8":"product_cat-metal-fr","9":"product_cat-peintures-laques-speciales","10":"product_cat-sisteme-a-teinter","11":"pa_formatos-4l-fr","12":"pa_herramientas-airless-fr","13":"pa_herramientas-pistola-fr","14":"pa_iconos-2-base-solvente-fr","15":"pa_iconos-34-rendimiento-de-10-12-m2l-fr","16":"pa_iconos-41-brocha-rodillo-pistola-fr","17":"pa_iconos-45-exterior-interior-fr","18":"pa_iconos-brillante-satinado-fr","19":"pa_iconos-a-s2d0-fr","20":"pa_iconos-uso-prof-titulado-fr","22":"first","23":"instock","24":"shipping-taxable","25":"product-type-simple"},"acf":[],"_links":{"self":[{"href":"https:\/\/jafep.com\/fr\/wp-json\/wp\/v2\/product\/1436","targetHints":{"allow":["GET"]}}],"collection":[{"href":"https:\/\/jafep.com\/fr\/wp-json\/wp\/v2\/product"}],"about":[{"href":"https:\/\/jafep.com\/fr\/wp-json\/wp\/v2\/types\/product"}],"replies":[{"embeddable":true,"href":"https:\/\/jafep.com\/fr\/wp-json\/wp\/v2\/comments?post=1436"}],"wp:featuredmedia":[{"embeddable":true,"href":"https:\/\/jafep.com\/fr\/wp-json\/wp\/v2\/media\/82664"}],"wp:attachment":[{"href":"https:\/\/jafep.com\/fr\/wp-json\/wp\/v2\/media?parent=1436"}],"wp:term":[{"taxonomy":"product_brand","embeddable":true,"href":"https:\/\/jafep.com\/fr\/wp-json\/wp\/v2\/product_brand?post=1436"},{"taxonomy":"product_cat","embeddable":true,"href":"https:\/\/jafep.com\/fr\/wp-json\/wp\/v2\/product_cat?post=1436"},{"taxonomy":"product_tag","embeddable":true,"href":"https:\/\/jafep.com\/fr\/wp-json\/wp\/v2\/product_tag?post=1436"}],"curies":[{"name":"wp","href":"https:\/\/api.w.org\/{rel}","templated":true}]}}