{"id":1423,"date":"2016-02-05T15:37:05","date_gmt":"2016-02-15T15:47:01","guid":{"rendered":"https:\/\/jafep.com\/?post_type=product&#038;p=1423"},"modified":"2023-05-09T09:17:57","modified_gmt":"2023-05-09T09:17:57","slug":"peinture-acrylique-satinee","status":"publish","type":"product","link":"https:\/\/jafep.com\/fr\/producto\/peinture-acrylique-satinee\/","title":{"rendered":"Pinroda Satin"},"content":{"rendered":"<p>Peinture acrylique d&#8217;int\u00e9rieur et ext\u00e9rieur, de haute qualit\u00e9, stabilit\u00e9 et r\u00e9sistance, ce qui apporte une finition imperm\u00e9able et durable. Excellente blancheur et bon pouvoir couvrant. Aspect satin\u00e9 et soyeux. Tr\u00e8s lavable. <\/p>\n","protected":false},"excerpt":{"rendered":"<p>Peinture Acrylique Finition Satin <\/p>\n","protected":false},"featured_media":82679,"comment_status":"closed","ping_status":"closed","template":"","meta":{"_acf_changed":false,"_links_to":"","_links_to_target":""},"product_brand":[],"product_cat":[775,492,822],"product_tag":[],"class_list":{"0":"post-1423","1":"product","2":"type-product","3":"status-publish","4":"has-post-thumbnail","6":"product_cat-en-satinado-fr","7":"product_cat-peintures-plastiques","8":"product_cat-pinroda-fr-2","9":"pa_formatos-15l-fr","10":"pa_formatos-3l-fr","11":"pa_herramientas-airless-fr","12":"pa_herramientas-brocha-fr","13":"pa_herramientas-pistola-fr","14":"pa_herramientas-rodillo-fr-2","15":"pa_herramientas-rodillo-fachadas-lana-oveja-20mm-fr","16":"pa_herramientas-rodillo-fachadas-poliamida-extra-larga-de-20mm-fr","17":"pa_herramientas-rodillo-fachadas-poliamida-larga-de-19mm-fr","18":"pa_herramientas-rodillo-iinterior-100-microfibra-de-11mm-fr","19":"pa_herramientas-rodillo-interior-poliamida-de-11mm-fr","20":"pa_iconos-1-base-agua-fr","21":"pa_iconos-41-brocha-rodillo-pistola-fr","22":"pa_iconos-45-exterior-interior-fr","23":"pa_iconos-61-lavabilidad-nivel-2-fr","24":"pa_iconos-rendimiento-7-10-m2l-fr","25":"pa_iconos-satinado-fr","27":"first","28":"instock","29":"shipping-taxable","30":"product-type-simple"},"acf":[],"_links":{"self":[{"href":"https:\/\/jafep.com\/fr\/wp-json\/wp\/v2\/product\/1423","targetHints":{"allow":["GET"]}}],"collection":[{"href":"https:\/\/jafep.com\/fr\/wp-json\/wp\/v2\/product"}],"about":[{"href":"https:\/\/jafep.com\/fr\/wp-json\/wp\/v2\/types\/product"}],"replies":[{"embeddable":true,"href":"https:\/\/jafep.com\/fr\/wp-json\/wp\/v2\/comments?post=1423"}],"wp:featuredmedia":[{"embeddable":true,"href":"https:\/\/jafep.com\/fr\/wp-json\/wp\/v2\/media\/82679"}],"wp:attachment":[{"href":"https:\/\/jafep.com\/fr\/wp-json\/wp\/v2\/media?parent=1423"}],"wp:term":[{"taxonomy":"product_brand","embeddable":true,"href":"https:\/\/jafep.com\/fr\/wp-json\/wp\/v2\/product_brand?post=1423"},{"taxonomy":"product_cat","embeddable":true,"href":"https:\/\/jafep.com\/fr\/wp-json\/wp\/v2\/product_cat?post=1423"},{"taxonomy":"product_tag","embeddable":true,"href":"https:\/\/jafep.com\/fr\/wp-json\/wp\/v2\/product_tag?post=1423"}],"curies":[{"name":"wp","href":"https:\/\/api.w.org\/{rel}","templated":true}]}}