{"id":1385,"date":"2016-02-05T16:07:06","date_gmt":"2016-02-15T14:45:16","guid":{"rendered":"https:\/\/jafep.com\/?post_type=product&#038;p=1385"},"modified":"2023-11-22T12:57:05","modified_gmt":"2023-11-22T12:57:05","slug":"pinroda-peinture-antihumidite","status":"publish","type":"product","link":"https:\/\/jafep.com\/fr\/producto\/pinroda-peinture-antihumidite\/","title":{"rendered":"Anti-Fuites Membrane Continue Acrylique \u00c9lastom\u00e8re"},"content":{"rendered":"<p>Anti-Fuites Membrane Continue Acrylique \u00c9lastom\u00e8re est un liquide imperm\u00e9abilisant \u00e0 base d&#8217;eau hautement \u00e9lastique, bas\u00e9 sur une dispersion de copolym\u00e8res acryliques en \u00e9mulsion. <\/p>\n","protected":false},"excerpt":{"rendered":"<p>\u00c9tanch\u00e9it\u00e9 \u00e9lastique <\/p>\n","protected":false},"featured_media":82704,"comment_status":"closed","ping_status":"closed","template":"","meta":{"_acf_changed":false,"_links_to":"","_links_to_target":""},"product_brand":[],"product_cat":[828,468,1583,1312,1540],"product_tag":[],"class_list":{"0":"post-1385","1":"product","2":"type-product","3":"status-publish","4":"has-post-thumbnail","6":"product_cat-exteriores-fr","7":"product_cat-gamme-en-phase-aqueuse","8":"product_cat-impermeabilisation","9":"product_cat-ligne-anti-humidite","10":"product_cat-peindre-les-terrasses","11":"pa_formatos-15l-fr","12":"pa_formatos-4l-fr","13":"pa_herramientas-airless-fr","14":"pa_herramientas-brocha-fr","15":"pa_herramientas-pistola-fr","16":"pa_herramientas-rodillo-fachadas-lana-oveja-20mm-fr","17":"pa_herramientas-rodillo-fachadas-poliamida-extra-larga-de-20mm-fr","18":"pa_herramientas-rodillo-fachadas-poliamida-larga-de-19mm-fr","19":"pa_iconos-1-m2-l-fr","20":"pa_iconos-1-base-agua-fr","21":"pa_iconos-60-lavabilidad-nivel-1-fr","22":"pa_iconos-conservateur-anti-moisissures-systeme-atmh","23":"pa_iconos-exterior-fr","24":"pa_iconos-satinado-fr","26":"first","27":"instock","28":"shipping-taxable","29":"product-type-simple"},"acf":[],"_links":{"self":[{"href":"https:\/\/jafep.com\/fr\/wp-json\/wp\/v2\/product\/1385","targetHints":{"allow":["GET"]}}],"collection":[{"href":"https:\/\/jafep.com\/fr\/wp-json\/wp\/v2\/product"}],"about":[{"href":"https:\/\/jafep.com\/fr\/wp-json\/wp\/v2\/types\/product"}],"replies":[{"embeddable":true,"href":"https:\/\/jafep.com\/fr\/wp-json\/wp\/v2\/comments?post=1385"}],"wp:featuredmedia":[{"embeddable":true,"href":"https:\/\/jafep.com\/fr\/wp-json\/wp\/v2\/media\/82704"}],"wp:attachment":[{"href":"https:\/\/jafep.com\/fr\/wp-json\/wp\/v2\/media?parent=1385"}],"wp:term":[{"taxonomy":"product_brand","embeddable":true,"href":"https:\/\/jafep.com\/fr\/wp-json\/wp\/v2\/product_brand?post=1385"},{"taxonomy":"product_cat","embeddable":true,"href":"https:\/\/jafep.com\/fr\/wp-json\/wp\/v2\/product_cat?post=1385"},{"taxonomy":"product_tag","embeddable":true,"href":"https:\/\/jafep.com\/fr\/wp-json\/wp\/v2\/product_tag?post=1385"}],"curies":[{"name":"wp","href":"https:\/\/api.w.org\/{rel}","templated":true}]}}