{"id":13809,"date":"2024-02-08T11:43:53","date_gmt":"2024-02-08T11:43:53","guid":{"rendered":"https:\/\/jafep.com\/?post_type=jafep_producto&#038;p=13809"},"modified":"2025-03-28T12:54:13","modified_gmt":"2025-03-28T12:54:13","slug":"sellacryl-pigmente-fixateur-acrylique-penetrant-avec-conservateur-antimoisissure","status":"publish","type":"product","link":"https:\/\/jafep.com\/fr\/producto\/sellacryl-pigmente-fixateur-acrylique-penetrant-avec-conservateur-antimoisissure\/","title":{"rendered":"Sellacryl Pigment\u00e9. Fixateur Acrylique P\u00e9n\u00e9trant avec Conservateur Antimoisissure"},"content":{"rendered":"<p>Fixateur pigment\u00e9 blanc pour murs, briques, peintures, etc. Produit 100% acrylique. Appliqu\u00e9 sur du b\u00e9ton, il emp\u00eache l&#8217;entr\u00e9e de CO\u00b2 et donc le processus de carbonatation. \u00c9tant pigment\u00e9, il am\u00e9liore la couvrance des couches successives de peinture, \u00e9conomisant du temps et de la mati\u00e8re.<\/p>\n","protected":false},"excerpt":{"rendered":"<p>Fixateur pigment\u00e9 blanc pour murs, briques, peintures, etc. Produit 100% acrylique. Appliqu\u00e9 sur du b\u00e9ton, il emp\u00eache l&#8217;entr\u00e9e de CO\u00b2 et donc le processus de carbonatation. \u00c9tant pigment\u00e9, il am\u00e9liore la couvrance des couches successives de peinture, \u00e9conomisant du temps et de la mati\u00e8re.<\/p>\n","protected":false},"featured_media":0,"comment_status":"closed","ping_status":"closed","template":"","meta":{"_acf_changed":false,"_links_to":"","_links_to_target":""},"product_brand":[],"product_cat":[984],"product_tag":[],"class_list":{"0":"post-13809","1":"product","2":"type-product","3":"status-publish","5":"product_cat-esmaltes-imprimaciones-y-selladoras-fr","7":"first","8":"instock","9":"shipping-taxable","10":"product-type-simple"},"acf":[],"_links":{"self":[{"href":"https:\/\/jafep.com\/fr\/wp-json\/wp\/v2\/product\/13809","targetHints":{"allow":["GET"]}}],"collection":[{"href":"https:\/\/jafep.com\/fr\/wp-json\/wp\/v2\/product"}],"about":[{"href":"https:\/\/jafep.com\/fr\/wp-json\/wp\/v2\/types\/product"}],"replies":[{"embeddable":true,"href":"https:\/\/jafep.com\/fr\/wp-json\/wp\/v2\/comments?post=13809"}],"wp:attachment":[{"href":"https:\/\/jafep.com\/fr\/wp-json\/wp\/v2\/media?parent=13809"}],"wp:term":[{"taxonomy":"product_brand","embeddable":true,"href":"https:\/\/jafep.com\/fr\/wp-json\/wp\/v2\/product_brand?post=13809"},{"taxonomy":"product_cat","embeddable":true,"href":"https:\/\/jafep.com\/fr\/wp-json\/wp\/v2\/product_cat?post=13809"},{"taxonomy":"product_tag","embeddable":true,"href":"https:\/\/jafep.com\/fr\/wp-json\/wp\/v2\/product_tag?post=13809"}],"curies":[{"name":"wp","href":"https:\/\/api.w.org\/{rel}","templated":true}]}}