{"id":13573,"date":"2020-06-09T15:42:34","date_gmt":"2023-11-17T12:03:24","guid":{"rendered":"https:\/\/jafep.com\/?post_type=product&#038;p=13573"},"modified":"2023-11-17T12:03:24","modified_gmt":"2023-11-17T12:03:24","slug":"anti-vers-a-bois","status":"publish","type":"product","link":"https:\/\/jafep.com\/fr\/producto\/anti-vers-a-bois\/","title":{"rendered":"Anti Vers \u00e0 Bois"},"content":{"rendered":"<p>Pr\u00e9paration incolore en phase aqueuse \u00e0 utiliser avec des syst\u00e8mes de peinture \u00e0 base de solvants ou \u00e0 base d&#8217;eau, qui agit en profondeur en \u00e9vitant l&#8217;apparition de vers \u00e0 bois. Il ne dess\u00e8che pas le bois et ne laisse pas de film. <\/p>\n","protected":false},"excerpt":{"rendered":"<p>Anti Vers \u00e0 Bois <\/p>\n","protected":false},"featured_media":82964,"comment_status":"closed","ping_status":"closed","template":"","meta":{"_acf_changed":false,"_links_to":"","_links_to_target":""},"product_brand":[],"product_cat":[853,1370,839,1508],"product_tag":[],"class_list":{"0":"post-13573","1":"product","2":"type-product","3":"status-publish","4":"has-post-thumbnail","6":"product_cat-madera-fr","7":"product_cat-preparation-pour-bois","8":"product_cat-productos-para-la-madera-fr-2","9":"product_cat-proteger-fr","10":"pa_formatos-2-5l-fr","11":"pa_formatos-750-ml-fr","12":"pa_herramientas-brocha-fr","13":"pa_herramientas-rodillo-fr-2","14":"pa_iconos-40-brocha-rodillo-fr","15":"pa_iconos-45-exterior-interior-fr","16":"pa_iconos-51-mate-60o-fr","17":"pa_iconos-mate-fr","18":"pa_iconos-producto-al-agua-fr","19":"pa_iconos-rendimiento-8-12-m2l-fr","20":"pa_iconos-uso-prof-fr","22":"first","23":"instock","24":"shipping-taxable","25":"product-type-simple"},"acf":[],"_links":{"self":[{"href":"https:\/\/jafep.com\/fr\/wp-json\/wp\/v2\/product\/13573","targetHints":{"allow":["GET"]}}],"collection":[{"href":"https:\/\/jafep.com\/fr\/wp-json\/wp\/v2\/product"}],"about":[{"href":"https:\/\/jafep.com\/fr\/wp-json\/wp\/v2\/types\/product"}],"replies":[{"embeddable":true,"href":"https:\/\/jafep.com\/fr\/wp-json\/wp\/v2\/comments?post=13573"}],"wp:featuredmedia":[{"embeddable":true,"href":"https:\/\/jafep.com\/fr\/wp-json\/wp\/v2\/media\/82964"}],"wp:attachment":[{"href":"https:\/\/jafep.com\/fr\/wp-json\/wp\/v2\/media?parent=13573"}],"wp:term":[{"taxonomy":"product_brand","embeddable":true,"href":"https:\/\/jafep.com\/fr\/wp-json\/wp\/v2\/product_brand?post=13573"},{"taxonomy":"product_cat","embeddable":true,"href":"https:\/\/jafep.com\/fr\/wp-json\/wp\/v2\/product_cat?post=13573"},{"taxonomy":"product_tag","embeddable":true,"href":"https:\/\/jafep.com\/fr\/wp-json\/wp\/v2\/product_tag?post=13573"}],"curies":[{"name":"wp","href":"https:\/\/api.w.org\/{rel}","templated":true}]}}