{"id":13566,"date":"2020-06-09T15:43:12","date_gmt":"2020-06-09T15:43:12","guid":{"rendered":"https:\/\/jafep.com\/?post_type=product&#038;p=13566"},"modified":"2025-08-18T19:23:55","modified_gmt":"2025-08-18T17:23:55","slug":"jafep-fond-protecteur-pour-bois","status":"publish","type":"product","link":"https:\/\/jafep.com\/fr\/producto\/jafep-fond-protecteur-pour-bois\/","title":{"rendered":"Jafep Scellant de pr\u00e9servation du bois"},"content":{"rendered":"<p>Pr\u00e9paration incolore \u00e0 base d&#8217;eau \u00e0 utiliser avec les syst\u00e8mes de peinture \u00e0 base de solvant et \u00e0 base d&#8217;eau. Elle agit en profondeur sur le bois, le nourrit, l&#8217;appr\u00eate pour la peinture ult\u00e9rieure et le prot\u00e8ge contre les insectes et les parasites, ainsi que contre les attaques des champignons destructeurs et des tuiles.   <\/p>\n","protected":false},"excerpt":{"rendered":"<p>Primaire de pr\u00e9servation du bois  <\/p>\n","protected":false},"featured_media":82959,"comment_status":"closed","ping_status":"closed","template":"","meta":{"_acf_changed":false,"_links_to":"","_links_to_target":""},"product_brand":[],"product_cat":[853,1370,839,1508],"product_tag":[],"class_list":{"0":"post-13566","1":"product","2":"type-product","3":"status-publish","4":"has-post-thumbnail","6":"product_cat-madera-fr","7":"product_cat-preparation-pour-bois","8":"product_cat-productos-para-la-madera-fr-2","9":"product_cat-proteger-fr","10":"pa_formatos-2-5l-fr","11":"pa_formatos-750-ml-fr","12":"pa_herramientas-brocha-fr","13":"pa_herramientas-rodillo-fr-2","14":"pa_iconos-40-brocha-rodillo-fr","15":"pa_iconos-45-exterior-interior-fr","16":"pa_iconos-51-mate-60o-fr","17":"pa_iconos-mate-fr","18":"pa_iconos-producto-al-agua-fr","19":"pa_iconos-rendimiento-8-12-m2l-fr","20":"pa_iconos-uso-prof-fr","22":"first","23":"instock","24":"shipping-taxable","25":"product-type-simple"},"acf":[],"_links":{"self":[{"href":"https:\/\/jafep.com\/fr\/wp-json\/wp\/v2\/product\/13566","targetHints":{"allow":["GET"]}}],"collection":[{"href":"https:\/\/jafep.com\/fr\/wp-json\/wp\/v2\/product"}],"about":[{"href":"https:\/\/jafep.com\/fr\/wp-json\/wp\/v2\/types\/product"}],"replies":[{"embeddable":true,"href":"https:\/\/jafep.com\/fr\/wp-json\/wp\/v2\/comments?post=13566"}],"wp:featuredmedia":[{"embeddable":true,"href":"https:\/\/jafep.com\/fr\/wp-json\/wp\/v2\/media\/82959"}],"wp:attachment":[{"href":"https:\/\/jafep.com\/fr\/wp-json\/wp\/v2\/media?parent=13566"}],"wp:term":[{"taxonomy":"product_brand","embeddable":true,"href":"https:\/\/jafep.com\/fr\/wp-json\/wp\/v2\/product_brand?post=13566"},{"taxonomy":"product_cat","embeddable":true,"href":"https:\/\/jafep.com\/fr\/wp-json\/wp\/v2\/product_cat?post=13566"},{"taxonomy":"product_tag","embeddable":true,"href":"https:\/\/jafep.com\/fr\/wp-json\/wp\/v2\/product_tag?post=13566"}],"curies":[{"name":"wp","href":"https:\/\/api.w.org\/{rel}","templated":true}]}}