{"id":1351,"date":"2016-02-08T07:50:58","date_gmt":"2016-02-15T08:23:39","guid":{"rendered":"https:\/\/jafep.com\/?post_type=product&#038;p=1351"},"modified":"2023-04-18T14:30:08","modified_gmt":"2023-04-18T14:30:08","slug":"peinture-laque-satinee","status":"publish","type":"product","link":"https:\/\/jafep.com\/fr\/producto\/peinture-laque-satinee\/","title":{"rendered":"Peinture Laque Glyc\u00e9ro Satin"},"content":{"rendered":"<p>Peinture Laque Alkyde Satin avec un grand pouvoir couvrant, formul\u00e9 avec des r\u00e9sines alkydes sp\u00e9ciales et des pigments de r\u00e9sistance et de stabilit\u00e9 \u00e0 la lumi\u00e8re \u00e9prouv\u00e9es, qui offrent des niveaux de finition de qualit\u00e9 sup\u00e9rieure.<\/p>\n<p>C&#8217;est un produit avec la technique &#8220;haute teneur en solides&#8221;, il est donc recommand\u00e9 d&#8217;appliquer des couches minces et de respecter les temps de s\u00e9chage et de repeindre afin d&#8217;obtenir les meilleurs et les meilleurs avantages. <\/p>\n","protected":false},"excerpt":{"rendered":"<p>Laque Glyc\u00e9ro \u00e0 base de r\u00e9sines alkydes <\/p>\n","protected":false},"featured_media":82719,"comment_status":"closed","ping_status":"closed","template":"","meta":{"_acf_changed":false,"_links_to":"","_links_to_target":""},"product_brand":[],"product_cat":[551,984,445,1397],"product_tag":[],"class_list":{"0":"post-1351","1":"product","2":"type-product","3":"status-publish","4":"has-post-thumbnail","6":"product_cat-bases-systeme-multicouleur","7":"product_cat-esmaltes-imprimaciones-y-selladoras-fr","8":"product_cat-peintures-decoration","9":"product_cat-sisteme-a-teinter","10":"pa_formatos-125ml-fr","11":"pa_formatos-375ml-fr","12":"pa_formatos-4l-fr","13":"pa_formatos-750ml-fr","14":"pa_herramientas-airless-fr","15":"pa_herramientas-brocha-fr","16":"pa_herramientas-pistola-fr","17":"pa_herramientas-rodillo-esmalte-barniz-sintetico-100-espuma-flocada-fr","18":"pa_herramientas-rodillo-esmalte-barniz-sintetico-100-lana-de-oveja-45mm-fr","19":"pa_herramientas-rodillo-esmalte-barniz-sintetico-100-poliester-tejido-13mm-fr","20":"pa_herramientas-rodillo-esmalte-barniz-sintetico-flocado-fr","21":"pa_herramientas-rodillo-esmalte-barniz-sintetico-y-acrilico-100-espuma-densidad-60-fr","22":"pa_herramientas-rodillo-esmalte-barniz-acrilico-microfibra-8-mm-fr","23":"pa_iconos-2-base-solvente-fr","24":"pa_iconos-30-rendimiento-12-14-m2-fr","25":"pa_iconos-41-brocha-rodillo-pistola-fr","26":"pa_iconos-45-exterior-interior-fr","27":"pa_iconos-brillante-satinado-mate-fr","28":"pa_iconos-cartes-de-credit","30":"first","31":"instock","32":"shipping-taxable","33":"product-type-simple"},"acf":[],"_links":{"self":[{"href":"https:\/\/jafep.com\/fr\/wp-json\/wp\/v2\/product\/1351","targetHints":{"allow":["GET"]}}],"collection":[{"href":"https:\/\/jafep.com\/fr\/wp-json\/wp\/v2\/product"}],"about":[{"href":"https:\/\/jafep.com\/fr\/wp-json\/wp\/v2\/types\/product"}],"replies":[{"embeddable":true,"href":"https:\/\/jafep.com\/fr\/wp-json\/wp\/v2\/comments?post=1351"}],"wp:featuredmedia":[{"embeddable":true,"href":"https:\/\/jafep.com\/fr\/wp-json\/wp\/v2\/media\/82719"}],"wp:attachment":[{"href":"https:\/\/jafep.com\/fr\/wp-json\/wp\/v2\/media?parent=1351"}],"wp:term":[{"taxonomy":"product_brand","embeddable":true,"href":"https:\/\/jafep.com\/fr\/wp-json\/wp\/v2\/product_brand?post=1351"},{"taxonomy":"product_cat","embeddable":true,"href":"https:\/\/jafep.com\/fr\/wp-json\/wp\/v2\/product_cat?post=1351"},{"taxonomy":"product_tag","embeddable":true,"href":"https:\/\/jafep.com\/fr\/wp-json\/wp\/v2\/product_tag?post=1351"}],"curies":[{"name":"wp","href":"https:\/\/api.w.org\/{rel}","templated":true}]}}