{"id":1334,"date":"2016-02-08T15:05:43","date_gmt":"2016-02-15T07:54:55","guid":{"rendered":"https:\/\/jafep.com\/?post_type=product&#038;p=1334"},"modified":"2023-05-30T08:47:18","modified_gmt":"2023-05-30T08:47:18","slug":"1334","status":"publish","type":"product","link":"https:\/\/jafep.com\/fr\/producto\/1334\/","title":{"rendered":"Mate Extra Vinylique"},"content":{"rendered":"<p>Peinture mat d&#8217;une grande blancheur et couvrance. Lavable, r\u00e9sistant et avec un excellent nivellement. Particuli\u00e8rement indiqu\u00e9 pour les int\u00e9rieurs lisses et avec de bons r\u00e9sultats \u00e9galement \u00e0 l&#8217;ext\u00e9rieur en raison de sa r\u00e9sistance et de sa stabilit\u00e9 remarquables. Application soyeuse et peu d&#8217;\u00e9claboussures. <\/p>\n","protected":false},"excerpt":{"rendered":"<p>Peinture Acrylique Mat <\/p>\n","protected":false},"featured_media":82734,"comment_status":"closed","ping_status":"closed","template":"","meta":{"_acf_changed":false,"_links_to":"","_links_to_target":""},"product_brand":[],"product_cat":[1338,750],"product_tag":[],"class_list":{"0":"post-1334","1":"product","2":"type-product","3":"status-publish","4":"has-post-thumbnail","6":"product_cat-mate-extra-fr","7":"product_cat-pinturas-plasticas-fr-2","8":"pa_formatos-15l-fr","9":"pa_formatos-4l-fr","10":"pa_herramientas-airless-fr","11":"pa_herramientas-brocha-fr","12":"pa_herramientas-pistola-fr","13":"pa_herramientas-rodillo-fr-2","14":"pa_herramientas-rodillo-iinterior-100-microfibra-de-11mm-fr","15":"pa_herramientas-rodillo-interior-poliamida-de-11mm-fr","16":"pa_iconos-1-base-agua-fr","17":"pa_iconos-33-rendimiento-8-10-m2l-fr","18":"pa_iconos-41-brocha-rodillo-pistola-fr","19":"pa_iconos-45-exterior-interior-fr","20":"pa_iconos-51-mate-60o-fr","21":"pa_iconos-61-lavabilidad-nivel-2-fr","22":"pa_iconos-extra-mate-profundo-fr","23":"pa_iconos-mate5-fr","25":"first","26":"instock","27":"shipping-taxable","28":"product-type-simple"},"acf":[],"_links":{"self":[{"href":"https:\/\/jafep.com\/fr\/wp-json\/wp\/v2\/product\/1334","targetHints":{"allow":["GET"]}}],"collection":[{"href":"https:\/\/jafep.com\/fr\/wp-json\/wp\/v2\/product"}],"about":[{"href":"https:\/\/jafep.com\/fr\/wp-json\/wp\/v2\/types\/product"}],"replies":[{"embeddable":true,"href":"https:\/\/jafep.com\/fr\/wp-json\/wp\/v2\/comments?post=1334"}],"wp:featuredmedia":[{"embeddable":true,"href":"https:\/\/jafep.com\/fr\/wp-json\/wp\/v2\/media\/82734"}],"wp:attachment":[{"href":"https:\/\/jafep.com\/fr\/wp-json\/wp\/v2\/media?parent=1334"}],"wp:term":[{"taxonomy":"product_brand","embeddable":true,"href":"https:\/\/jafep.com\/fr\/wp-json\/wp\/v2\/product_brand?post=1334"},{"taxonomy":"product_cat","embeddable":true,"href":"https:\/\/jafep.com\/fr\/wp-json\/wp\/v2\/product_cat?post=1334"},{"taxonomy":"product_tag","embeddable":true,"href":"https:\/\/jafep.com\/fr\/wp-json\/wp\/v2\/product_tag?post=1334"}],"curies":[{"name":"wp","href":"https:\/\/api.w.org\/{rel}","templated":true}]}}