{"id":11275,"date":"2017-03-27T07:39:37","date_gmt":"2022-10-05T14:20:53","guid":{"rendered":"https:\/\/jafep.com\/?post_type=product&#038;p=11275"},"modified":"2022-10-05T14:20:53","modified_gmt":"2022-10-05T14:20:53","slug":"beyem-r1-t-renodur-exterieur-interieur","status":"publish","type":"product","link":"https:\/\/jafep.com\/fr\/producto\/beyem-r1-t-renodur-exterieur-interieur\/","title":{"rendered":"Beyem R1 T Renodur Ext\u00e9rieur &#8211; Int\u00e9rieur"},"content":{"rendered":"<p>Mortier thixotrope monocomposant \u00e0 retrait compens\u00e9 et \u00e0 haute d\u00e9formabilit\u00e9 pour la r\u00e9paration et la r\u00e9novation de murs verticaux. <\/p>\n","protected":false},"excerpt":{"rendered":"<p>Mortier thixotrope monocomposant \u00e0 retrait compens\u00e9 et \u00e0 haute d\u00e9formabilit\u00e9 pour la r\u00e9paration et la r\u00e9novation de murs verticaux.<\/p>\n","protected":false},"featured_media":82859,"comment_status":"closed","ping_status":"closed","template":"","meta":{"_acf_changed":false,"_links_to":"","_links_to_target":""},"product_brand":[],"product_cat":[539,1359,1582],"product_tag":[],"class_list":{"0":"post-11275","1":"product","2":"type-product","3":"status-publish","4":"has-post-thumbnail","6":"product_cat-enduits-et-mastics","7":"product_cat-preparation-et-sous-couches","8":"product_cat-reparer-les-facades","9":"pa_herramientas-llana-fr","11":"first","12":"instock","13":"shipping-taxable","14":"product-type-simple"},"acf":[],"_links":{"self":[{"href":"https:\/\/jafep.com\/fr\/wp-json\/wp\/v2\/product\/11275","targetHints":{"allow":["GET"]}}],"collection":[{"href":"https:\/\/jafep.com\/fr\/wp-json\/wp\/v2\/product"}],"about":[{"href":"https:\/\/jafep.com\/fr\/wp-json\/wp\/v2\/types\/product"}],"replies":[{"embeddable":true,"href":"https:\/\/jafep.com\/fr\/wp-json\/wp\/v2\/comments?post=11275"}],"wp:featuredmedia":[{"embeddable":true,"href":"https:\/\/jafep.com\/fr\/wp-json\/wp\/v2\/media\/82859"}],"wp:attachment":[{"href":"https:\/\/jafep.com\/fr\/wp-json\/wp\/v2\/media?parent=11275"}],"wp:term":[{"taxonomy":"product_brand","embeddable":true,"href":"https:\/\/jafep.com\/fr\/wp-json\/wp\/v2\/product_brand?post=11275"},{"taxonomy":"product_cat","embeddable":true,"href":"https:\/\/jafep.com\/fr\/wp-json\/wp\/v2\/product_cat?post=11275"},{"taxonomy":"product_tag","embeddable":true,"href":"https:\/\/jafep.com\/fr\/wp-json\/wp\/v2\/product_tag?post=11275"}],"curies":[{"name":"wp","href":"https:\/\/api.w.org\/{rel}","templated":true}]}}