{"id":10433,"date":"2019-09-03T14:59:12","date_gmt":"2019-09-03T14:59:12","guid":{"rendered":"https:\/\/jafep.com\/?post_type=product&#038;p=10433"},"modified":"2025-08-18T19:24:49","modified_gmt":"2025-08-18T17:24:49","slug":"nouvelle-peinture-polyurethane-2-composants","status":"publish","type":"product","link":"https:\/\/jafep.com\/fr\/producto\/nouvelle-peinture-polyurethane-2-composants\/","title":{"rendered":"Peinture polyur\u00e9thane 2C"},"content":{"rendered":"<p class=\"MsoNormal\">Peinture sp\u00e9cialement con\u00e7ue pour les sols, les trottoirs et les murs en b\u00e9ton et en ciment, constitu\u00e9e de deux composants \u00e0 base de r\u00e9sines acryliques hydroxyl\u00e9es et durcie par un isocyanate aliphatique.<\/p>\n<p class=\"MsoNormal\">Le r\u00e9sultat est un film lisse avec une grande r\u00e9sistance aux chocs, une bonne adh\u00e9rence et une grande duret\u00e9. Il est tr\u00e8s r\u00e9sistant aux produits chimiques courants. <\/p>\n<p class=\"MsoNormal\">Dans les conditions d&#8217;application recommand\u00e9es, les surfaces sont parfaitement imperm\u00e9abilis\u00e9es. Il s&#8217;agit donc d&#8217;un produit recommand\u00e9 pour la peinture des surfaces de stockage de produits chimiques susceptibles de provoquer une contamination du sol \u00e0 la suite de fuites ou de d\u00e9versements. <\/p>\n","protected":false},"excerpt":{"rendered":"<p>Peinture sp\u00e9cialement con\u00e7ue pour les sols, les trottoirs et les murs en b\u00e9ton et en ciment, constitu\u00e9e de deux composants \u00e0 base de r\u00e9sines acryliques hydroxyl\u00e9es et durcie par un isocyanate aliphatique. Le r\u00e9sultat est un film lisse avec une grande r\u00e9sistance aux chocs, une bonne adh\u00e9rence et une grande duret\u00e9. Il est tr\u00e8s r\u00e9sistant&#8230;<\/p>\n","protected":false},"featured_media":82944,"comment_status":"closed","ping_status":"closed","template":"","meta":{"_acf_changed":false,"_links_to":"","_links_to_target":""},"product_brand":[],"product_cat":[551,1397,1405,1411],"product_tag":[],"class_list":{"0":"post-10433","1":"product","2":"type-product","3":"status-publish","4":"has-post-thumbnail","6":"product_cat-bases-systeme-multicouleur","7":"product_cat-sisteme-a-teinter","8":"product_cat-sols-et-signalisations-fr","9":"product_cat-sols-et-signalisations-fr-2","10":"pa_formatos-1-kg-0833-0166-kg","11":"pa_formatos-15-kg-125-25-kg","12":"pa_formatos-4-kg-33-07-kg","13":"pa_herramientas-airless-fr","14":"pa_herramientas-brocha-fr","15":"pa_herramientas-pistola-fr","16":"pa_herramientas-rodillo-fr-2","17":"pa_iconos-2-base-solvente-fr","18":"pa_iconos-45-exterior-interior-fr","19":"pa_iconos-a-b-fr","20":"pa_iconos-brillante-satinado-fr","21":"pa_iconos-rendimiento-de-9-11-m2l-fr","22":"pa_iconos-uso-prof-titulado-fr","24":"first","25":"instock","26":"shipping-taxable","27":"product-type-simple"},"acf":[],"_links":{"self":[{"href":"https:\/\/jafep.com\/fr\/wp-json\/wp\/v2\/product\/10433","targetHints":{"allow":["GET"]}}],"collection":[{"href":"https:\/\/jafep.com\/fr\/wp-json\/wp\/v2\/product"}],"about":[{"href":"https:\/\/jafep.com\/fr\/wp-json\/wp\/v2\/types\/product"}],"replies":[{"embeddable":true,"href":"https:\/\/jafep.com\/fr\/wp-json\/wp\/v2\/comments?post=10433"}],"wp:featuredmedia":[{"embeddable":true,"href":"https:\/\/jafep.com\/fr\/wp-json\/wp\/v2\/media\/82944"}],"wp:attachment":[{"href":"https:\/\/jafep.com\/fr\/wp-json\/wp\/v2\/media?parent=10433"}],"wp:term":[{"taxonomy":"product_brand","embeddable":true,"href":"https:\/\/jafep.com\/fr\/wp-json\/wp\/v2\/product_brand?post=10433"},{"taxonomy":"product_cat","embeddable":true,"href":"https:\/\/jafep.com\/fr\/wp-json\/wp\/v2\/product_cat?post=10433"},{"taxonomy":"product_tag","embeddable":true,"href":"https:\/\/jafep.com\/fr\/wp-json\/wp\/v2\/product_tag?post=10433"}],"curies":[{"name":"wp","href":"https:\/\/api.w.org\/{rel}","templated":true}]}}