{"id":10207,"date":"2021-03-26T14:46:45","date_gmt":"2021-03-26T14:46:45","guid":{"rendered":"https:\/\/jafep.com\/?post_type=product&#038;p=10207"},"modified":"2023-03-06T12:26:06","modified_gmt":"2023-03-06T12:26:06","slug":"pintura-piscinas-poliester-2c","status":"publish","type":"product","link":"https:\/\/jafep.com\/fr\/producto\/pintura-piscinas-poliester-2c\/","title":{"rendered":"Pintura Piscinas de Poli\u00e9ster en 2C"},"content":{"rendered":"<p>Pintura de piscinas especialmente dise\u00f1ada para piscinas de poli\u00e9ster constituida por dos componentes a base de resinas acr\u00edlicas hidroxiladas y curada mediante isocianato alif\u00e1tico. Como resultado se obtiene un producto con gran adherencia ideal para otras superficies como azulejos o gresite, cemento u hormig\u00f3n con excelentes resultados. <\/p>\n","protected":false},"excerpt":{"rendered":"<p>Esmalte acr\u00edlico-poliuretano reticulado con isocianato alif\u00e1tico. <\/p>\n","protected":false},"featured_media":0,"comment_status":"closed","ping_status":"closed","template":"","meta":{"_acf_changed":false,"_links_to":"","_links_to_target":""},"product_brand":[],"product_cat":[984],"product_tag":[],"class_list":{"0":"post-10207","1":"product","2":"type-product","3":"status-publish","5":"product_cat-esmaltes-imprimaciones-y-selladoras-fr","6":"pa_herramientas-airless","7":"pa_herramientas-brocha","8":"pa_herramientas-pistola","9":"pa_herramientas-rodillo","10":"pa_iconos-rendimiento-de-8-a-10-m2kg","11":"pa_iconos-base-solvente","12":"pa_iconos-rendimiento-de-10-12-m2l","14":"first","15":"instock","16":"shipping-taxable","17":"product-type-simple"},"acf":[],"_links":{"self":[{"href":"https:\/\/jafep.com\/fr\/wp-json\/wp\/v2\/product\/10207","targetHints":{"allow":["GET"]}}],"collection":[{"href":"https:\/\/jafep.com\/fr\/wp-json\/wp\/v2\/product"}],"about":[{"href":"https:\/\/jafep.com\/fr\/wp-json\/wp\/v2\/types\/product"}],"replies":[{"embeddable":true,"href":"https:\/\/jafep.com\/fr\/wp-json\/wp\/v2\/comments?post=10207"}],"wp:attachment":[{"href":"https:\/\/jafep.com\/fr\/wp-json\/wp\/v2\/media?parent=10207"}],"wp:term":[{"taxonomy":"product_brand","embeddable":true,"href":"https:\/\/jafep.com\/fr\/wp-json\/wp\/v2\/product_brand?post=10207"},{"taxonomy":"product_cat","embeddable":true,"href":"https:\/\/jafep.com\/fr\/wp-json\/wp\/v2\/product_cat?post=10207"},{"taxonomy":"product_tag","embeddable":true,"href":"https:\/\/jafep.com\/fr\/wp-json\/wp\/v2\/product_tag?post=10207"}],"curies":[{"name":"wp","href":"https:\/\/api.w.org\/{rel}","templated":true}]}}