{"id":10193,"date":"2019-12-10T10:43:33","date_gmt":"2019-12-10T10:43:33","guid":{"rendered":"https:\/\/jafep.com\/?post_type=product&#038;p=10193"},"modified":"2025-08-18T19:24:52","modified_gmt":"2025-08-18T17:24:52","slug":"appret-epoxy-2c-concentre-leau-multi-adherent-et-multi-finition","status":"publish","type":"product","link":"https:\/\/jafep.com\/fr\/producto\/appret-epoxy-2c-concentre-leau-multi-adherent-et-multi-finition\/","title":{"rendered":"Epoxy Primer 2C Epoxy 2C Waterborne Concentr\u00e9 Multiadh\u00e9sif et Multifinish"},"content":{"rendered":"<p>Primaire \u00e9poxy transparent \u00e0 deux composants, formul\u00e9 avec des r\u00e9sines \u00e9poxy \u00e0 base d&#8217;eau. Il peut \u00eatre appliqu\u00e9 sur une grande vari\u00e9t\u00e9 de substrats et sert de pont avec une large gamme de finitions. Il est particuli\u00e8rement recommand\u00e9 comme couche d&#8217;ancrage et de renforcement pour les surfaces en b\u00e9ton. Produit utilis\u00e9 pour la protection des sols en ciment et en b\u00e9ton lorsqu&#8217;une finition transparente est requise en tant qu&#8217;appr\u00eat et couche de finition. Convient aux zones industrielles et d\u00e9coratives et offre une bonne r\u00e9sistance m\u00e9canique.     <\/p>\n","protected":false},"excerpt":{"rendered":"<p>Primaire \u00e9poxy transparent \u00e0 deux composants, formul\u00e9 avec des r\u00e9sines \u00e9poxy \u00e0 base d&#8217;eau. Il peut \u00eatre appliqu\u00e9 sur une grande vari\u00e9t\u00e9 de substrats et sert de pont avec une large gamme de finitions. Il est particuli\u00e8rement recommand\u00e9 comme couche d&#8217;ancrage et de renforcement pour les surfaces en b\u00e9ton. Produit utilis\u00e9 pour la protection des&#8230;<\/p>\n","protected":false},"featured_media":83169,"comment_status":"closed","ping_status":"closed","template":"","meta":{"_acf_changed":false,"_links_to":"","_links_to_target":""},"product_brand":[],"product_cat":[1405,1408],"product_tag":[],"class_list":{"0":"post-10193","1":"product","2":"type-product","3":"status-publish","4":"has-post-thumbnail","6":"product_cat-sols-et-signalisations-fr","7":"product_cat-sols-primaries","8":"pa_formatos-15l-fr","9":"pa_formatos-4l-fr","10":"pa_herramientas-airless-fr","11":"pa_herramientas-brocha-fr","12":"pa_herramientas-pistola-fr","13":"pa_herramientas-rodillo-fr-2","14":"pa_iconos-1-base-agua-fr","15":"pa_iconos-33-rendimiento-8-10-m2l-fr","16":"pa_iconos-41-brocha-rodillo-pistola-fr","17":"pa_iconos-46-interior-fr","18":"pa_iconos-a-b-fr","19":"pa_iconos-rendimiento-10-12-m2kg-fr","20":"pa_iconos-semibrillante-fr","22":"first","23":"instock","24":"shipping-taxable","25":"product-type-simple"},"acf":[],"_links":{"self":[{"href":"https:\/\/jafep.com\/fr\/wp-json\/wp\/v2\/product\/10193","targetHints":{"allow":["GET"]}}],"collection":[{"href":"https:\/\/jafep.com\/fr\/wp-json\/wp\/v2\/product"}],"about":[{"href":"https:\/\/jafep.com\/fr\/wp-json\/wp\/v2\/types\/product"}],"replies":[{"embeddable":true,"href":"https:\/\/jafep.com\/fr\/wp-json\/wp\/v2\/comments?post=10193"}],"wp:featuredmedia":[{"embeddable":true,"href":"https:\/\/jafep.com\/fr\/wp-json\/wp\/v2\/media\/83169"}],"wp:attachment":[{"href":"https:\/\/jafep.com\/fr\/wp-json\/wp\/v2\/media?parent=10193"}],"wp:term":[{"taxonomy":"product_brand","embeddable":true,"href":"https:\/\/jafep.com\/fr\/wp-json\/wp\/v2\/product_brand?post=10193"},{"taxonomy":"product_cat","embeddable":true,"href":"https:\/\/jafep.com\/fr\/wp-json\/wp\/v2\/product_cat?post=10193"},{"taxonomy":"product_tag","embeddable":true,"href":"https:\/\/jafep.com\/fr\/wp-json\/wp\/v2\/product_tag?post=10193"}],"curies":[{"name":"wp","href":"https:\/\/api.w.org\/{rel}","templated":true}]}}