{"id":10188,"date":"2020-09-11T09:08:10","date_gmt":"2020-09-11T09:08:10","guid":{"rendered":"https:\/\/jafep.com\/?post_type=product&#038;p=10188"},"modified":"2025-08-18T19:24:52","modified_gmt":"2025-08-18T17:24:52","slug":"appret-epoxy-solvant-bi-composant-kit","status":"publish","type":"product","link":"https:\/\/jafep.com\/fr\/producto\/appret-epoxy-solvant-bi-composant-kit\/","title":{"rendered":"Primaire \u00e9poxydique \u00e0 base de solvant 2C"},"content":{"rendered":"<p>Primaire \u00e9poxy \u00e0 deux composants, bas\u00e9 sur le syst\u00e8me \u00e9poxy-polyamide, particuli\u00e8rement recommand\u00e9 comme couche d&#8217;ancrage pour les sols en ciment ou en b\u00e9ton. Il peut \u00e9galement \u00eatre appliqu\u00e9 comme vernis sur Solvent Epoxy Paint 2C afin d&#8217;am\u00e9liorer les performances et la durabilit\u00e9 du syst\u00e8me, en agissant comme une couche de protection.   <\/p>\n","protected":false},"excerpt":{"rendered":"<p>Primaire \u00e9poxy \u00e0 deux composants, bas\u00e9 sur le syst\u00e8me \u00e9poxy-polyamide, particuli\u00e8rement recommand\u00e9 comme couche d&#8217;ancrage pour les sols en ciment ou en b\u00e9ton. Il peut \u00e9galement \u00eatre appliqu\u00e9 comme vernis sur Solvent Epoxy Paint 2C afin d&#8217;am\u00e9liorer les performances et la durabilit\u00e9 du syst\u00e8me, en agissant comme une couche de protection.<\/p>\n","protected":false},"featured_media":83164,"comment_status":"closed","ping_status":"closed","template":"","meta":{"_acf_changed":false,"_links_to":"","_links_to_target":""},"product_brand":[],"product_cat":[1405,1408],"product_tag":[],"class_list":{"0":"post-10188","1":"product","2":"type-product","3":"status-publish","4":"has-post-thumbnail","6":"product_cat-sols-et-signalisations-fr","7":"product_cat-sols-primaries","8":"pa_formatos-15-kg-1125-375-kg","9":"pa_formatos-4-kg-3-1-kg-fr","10":"pa_herramientas-airless-fr","11":"pa_herramientas-brocha-fr","12":"pa_herramientas-pistola-fr","13":"pa_herramientas-rodillo-fr-2","14":"pa_iconos-2-base-solvente-fr","15":"pa_iconos-46-interior-fr","16":"pa_iconos-a-b-fr","17":"pa_iconos-brillant","18":"pa_iconos-rendimiento-11-12-m2-l-fr","20":"first","21":"instock","22":"shipping-taxable","23":"product-type-simple"},"acf":[],"_links":{"self":[{"href":"https:\/\/jafep.com\/fr\/wp-json\/wp\/v2\/product\/10188","targetHints":{"allow":["GET"]}}],"collection":[{"href":"https:\/\/jafep.com\/fr\/wp-json\/wp\/v2\/product"}],"about":[{"href":"https:\/\/jafep.com\/fr\/wp-json\/wp\/v2\/types\/product"}],"replies":[{"embeddable":true,"href":"https:\/\/jafep.com\/fr\/wp-json\/wp\/v2\/comments?post=10188"}],"wp:featuredmedia":[{"embeddable":true,"href":"https:\/\/jafep.com\/fr\/wp-json\/wp\/v2\/media\/83164"}],"wp:attachment":[{"href":"https:\/\/jafep.com\/fr\/wp-json\/wp\/v2\/media?parent=10188"}],"wp:term":[{"taxonomy":"product_brand","embeddable":true,"href":"https:\/\/jafep.com\/fr\/wp-json\/wp\/v2\/product_brand?post=10188"},{"taxonomy":"product_cat","embeddable":true,"href":"https:\/\/jafep.com\/fr\/wp-json\/wp\/v2\/product_cat?post=10188"},{"taxonomy":"product_tag","embeddable":true,"href":"https:\/\/jafep.com\/fr\/wp-json\/wp\/v2\/product_tag?post=10188"}],"curies":[{"name":"wp","href":"https:\/\/api.w.org\/{rel}","templated":true}]}}