{"id":10185,"date":"2021-03-15T15:45:55","date_gmt":"2021-03-15T15:45:55","guid":{"rendered":"https:\/\/jafep.com\/?post_type=product&#038;p=10185"},"modified":"2021-03-15T15:45:55","modified_gmt":"2021-03-15T15:45:55","slug":"epoxy-leau-bi-composant","status":"publish","type":"product","link":"https:\/\/jafep.com\/fr\/producto\/epoxy-leau-bi-composant\/","title":{"rendered":"\u00c9poxy \u00e0 l\u00b4Eau Bi-Composant"},"content":{"rendered":"<p>Peinture \u00e9poxy \u00e0 l\u2019eau \u00e0 deux composants avec adduit d&#8217;amine pour le rev\u00eatement des sols. Combine une bonne r\u00e9sistance chimique, des propri\u00e9t\u00e9s\u00a0 m\u00e9caniques et une grande duret\u00e9. Formul\u00e9e pour son application en couche \u00e9paisse, y compris sur des surfaces l\u00e9g\u00e8rement humides, l\u2019\u00e9paisseur d&#8217;application recommand\u00e9e \u00e9tant comprise entre 120 et 150 microns humides.<\/p>\n<p>&nbsp;<\/p>\n<p>&nbsp; <\/p>\n","protected":false},"excerpt":{"rendered":"<p>Peinture \u00c9poxy \u00e0 l\u00b4Eau Bi-Composant <\/p>\n","protected":false},"featured_media":0,"comment_status":"closed","ping_status":"closed","template":"","meta":{"_acf_changed":false,"_links_to":"","_links_to_target":""},"product_brand":[],"product_cat":[984],"product_tag":[],"class_list":{"0":"post-10185","1":"product","2":"type-product","3":"status-publish","5":"product_cat-esmaltes-imprimaciones-y-selladoras-fr","7":"first","8":"instock","9":"shipping-taxable","10":"product-type-simple"},"acf":[],"_links":{"self":[{"href":"https:\/\/jafep.com\/fr\/wp-json\/wp\/v2\/product\/10185","targetHints":{"allow":["GET"]}}],"collection":[{"href":"https:\/\/jafep.com\/fr\/wp-json\/wp\/v2\/product"}],"about":[{"href":"https:\/\/jafep.com\/fr\/wp-json\/wp\/v2\/types\/product"}],"replies":[{"embeddable":true,"href":"https:\/\/jafep.com\/fr\/wp-json\/wp\/v2\/comments?post=10185"}],"wp:attachment":[{"href":"https:\/\/jafep.com\/fr\/wp-json\/wp\/v2\/media?parent=10185"}],"wp:term":[{"taxonomy":"product_brand","embeddable":true,"href":"https:\/\/jafep.com\/fr\/wp-json\/wp\/v2\/product_brand?post=10185"},{"taxonomy":"product_cat","embeddable":true,"href":"https:\/\/jafep.com\/fr\/wp-json\/wp\/v2\/product_cat?post=10185"},{"taxonomy":"product_tag","embeddable":true,"href":"https:\/\/jafep.com\/fr\/wp-json\/wp\/v2\/product_tag?post=10185"}],"curies":[{"name":"wp","href":"https:\/\/api.w.org\/{rel}","templated":true}]}}