{"id":10179,"date":"2020-09-16T14:34:14","date_gmt":"2020-09-16T14:34:14","guid":{"rendered":"https:\/\/jafep.com\/?post_type=product&#038;p=10179"},"modified":"2025-08-18T19:23:57","modified_gmt":"2025-08-18T17:23:57","slug":"epoxy-solvant-bi-composant-kit","status":"publish","type":"product","link":"https:\/\/jafep.com\/fr\/producto\/epoxy-solvant-bi-composant-kit\/","title":{"rendered":"Epoxy 2C Peinture \u00e9poxy \u00e0 base de solvant"},"content":{"rendered":"<p>Peinture \u00e9poxy \u00e0 deux composants pour la peinture des sols. Combine d&#8217;excellentes propri\u00e9t\u00e9s m\u00e9caniques et une grande duret\u00e9 et est tr\u00e8s r\u00e9sistante aux \u00e9claboussures d&#8217;essence, de diesel, de liquide de frein et autres. Formul\u00e9e pour une application en couche \u00e9paisse.  <\/p>\n","protected":false},"excerpt":{"rendered":"<p>Peinture \u00e9poxy \u00e0 deux composants pour la peinture des sols. Combine d&#8217;excellentes propri\u00e9t\u00e9s m\u00e9caniques et une grande duret\u00e9 et est tr\u00e8s r\u00e9sistante aux \u00e9claboussures d&#8217;essence, de diesel, de liquide de frein et autres. Formul\u00e9e pour une application en couche \u00e9paisse.<\/p>\n","protected":false},"featured_media":83660,"comment_status":"closed","ping_status":"closed","template":"","meta":{"_acf_changed":false,"_links_to":"","_links_to_target":""},"product_brand":[],"product_cat":[1411,1405],"product_tag":[],"class_list":{"0":"post-10179","1":"product","2":"type-product","3":"status-publish","4":"has-post-thumbnail","6":"product_cat-sols-et-signalisations-fr-2","7":"product_cat-sols-et-signalisations-fr","8":"pa_formatos-15-kg-12-3-kg-fr","9":"pa_formatos-4-kg-32-08-kg","10":"pa_herramientas-airless-fr","11":"pa_herramientas-brocha-fr","12":"pa_herramientas-pistola-fr","13":"pa_herramientas-rodillo-fr-2","14":"pa_iconos-2-base-solvente-fr","15":"pa_iconos-46-interior-fr","16":"pa_iconos-a-b-fr","17":"pa_iconos-base-pal-fr","18":"pa_iconos-rendimiento-5-7-m2-l-fr","19":"pa_iconos-semibrillante-fr","21":"first","22":"instock","23":"shipping-taxable","24":"product-type-simple"},"acf":[],"_links":{"self":[{"href":"https:\/\/jafep.com\/fr\/wp-json\/wp\/v2\/product\/10179","targetHints":{"allow":["GET"]}}],"collection":[{"href":"https:\/\/jafep.com\/fr\/wp-json\/wp\/v2\/product"}],"about":[{"href":"https:\/\/jafep.com\/fr\/wp-json\/wp\/v2\/types\/product"}],"replies":[{"embeddable":true,"href":"https:\/\/jafep.com\/fr\/wp-json\/wp\/v2\/comments?post=10179"}],"wp:featuredmedia":[{"embeddable":true,"href":"https:\/\/jafep.com\/fr\/wp-json\/wp\/v2\/media\/83660"}],"wp:attachment":[{"href":"https:\/\/jafep.com\/fr\/wp-json\/wp\/v2\/media?parent=10179"}],"wp:term":[{"taxonomy":"product_brand","embeddable":true,"href":"https:\/\/jafep.com\/fr\/wp-json\/wp\/v2\/product_brand?post=10179"},{"taxonomy":"product_cat","embeddable":true,"href":"https:\/\/jafep.com\/fr\/wp-json\/wp\/v2\/product_cat?post=10179"},{"taxonomy":"product_tag","embeddable":true,"href":"https:\/\/jafep.com\/fr\/wp-json\/wp\/v2\/product_tag?post=10179"}],"curies":[{"name":"wp","href":"https:\/\/api.w.org\/{rel}","templated":true}]}}