{"id":84868,"date":"2025-04-25T09:39:34","date_gmt":"2025-04-25T09:39:34","guid":{"rendered":"https:\/\/jafep.com\/fiche-de-donnees-de-securite\/"},"modified":"2025-04-25T09:39:34","modified_gmt":"2025-04-25T09:39:34","slug":"fiche-de-donnees-de-securite","status":"publish","type":"page","link":"https:\/\/jafep.com\/fr\/fiche-de-donnees-de-securite\/","title":{"rendered":"Fiche de donn\u00e9es de s\u00e9curit\u00e9"},"content":{"rendered":"\t\t<div data-elementor-type=\"wp-page\" data-elementor-id=\"84868\" class=\"elementor elementor-84868 elementor-83429\" data-elementor-post-type=\"page\">\n\t\t\t\t\t\t<section class=\"elementor-section elementor-top-section elementor-element elementor-element-37c8f253 elementor-section-boxed elementor-section-height-default elementor-section-height-default\" data-id=\"37c8f253\" data-element_type=\"section\" data-e-type=\"section\">\n\t\t\t\t\t\t<div class=\"elementor-container elementor-column-gap-no\">\n\t\t\t\t\t<div class=\"elementor-column elementor-col-100 elementor-top-column elementor-element elementor-element-6b7802ff\" data-id=\"6b7802ff\" data-element_type=\"column\" data-e-type=\"column\">\n\t\t\t<div class=\"elementor-widget-wrap elementor-element-populated\">\n\t\t\t\t\t\t<section class=\"elementor-section elementor-inner-section elementor-element elementor-element-69d5ce78 elementor-section-full_width elementor-section-height-default elementor-section-height-default\" data-id=\"69d5ce78\" data-element_type=\"section\" data-e-type=\"section\">\n\t\t\t\t\t\t<div class=\"elementor-container elementor-column-gap-no\">\n\t\t\t\t\t<div class=\"elementor-column elementor-col-100 elementor-inner-column elementor-element elementor-element-2650ad9a\" data-id=\"2650ad9a\" data-element_type=\"column\" data-e-type=\"column\">\n\t\t\t<div class=\"elementor-widget-wrap elementor-element-populated\">\n\t\t\t\t\t\t<div class=\"elementor-element elementor-element-f9d997f elementor-widget elementor-widget-heading\" data-id=\"f9d997f\" data-element_type=\"widget\" data-e-type=\"widget\" data-widget_type=\"heading.default\">\n\t\t\t\t<div class=\"elementor-widget-container\">\n\t\t\t\t\t<h2 class=\"elementor-heading-title elementor-size-default\">Jafep<\/h2>\t\t\t\t<\/div>\n\t\t\t\t<\/div>\n\t\t\t\t<div class=\"elementor-element elementor-element-046504d elementor-widget elementor-widget-heading\" data-id=\"046504d\" data-element_type=\"widget\" data-e-type=\"widget\" data-widget_type=\"heading.default\">\n\t\t\t\t<div class=\"elementor-widget-container\">\n\t\t\t\t\t<h2 class=\"elementor-heading-title elementor-size-default\">Fiches de donn\u00e9es de s\u00e9curit\u00e9<\/h2>\t\t\t\t<\/div>\n\t\t\t\t<\/div>\n\t\t\t\t<div class=\"elementor-element elementor-element-e976dcc elementor-widget__width-initial elementor-widget elementor-widget-heading\" data-id=\"e976dcc\" data-element_type=\"widget\" data-e-type=\"widget\" data-widget_type=\"heading.default\">\n\t\t\t\t<div class=\"elementor-widget-container\">\n\t\t\t\t\t<p class=\"elementor-heading-title elementor-size-default\">Pour pouvoir consulter les fiches de donn\u00e9es de s\u00e9curit\u00e9, vous devez \u00eatre client de Productos Jafep S.L. et avoir acc\u00e8s \u00e0 notre SDS-Area. Si vous n'avez pas d'acc\u00e8s ou si vous ne vous en souvenez pas, veuillez contacter notre d\u00e9partement de gestion de la qualit\u00e9 et de l'environnement en utilisant le formulaire suivant.\nNous mettons \u00e9galement \u00e0 votre disposition ce didacticiel vid\u00e9o sur la mani\u00e8re d'acc\u00e9der \u00e0 notre zone de fiches de donn\u00e9es de s\u00e9curit\u00e9. <\/p>\t\t\t\t<\/div>\n\t\t\t\t<\/div>\n\t\t\t\t\t<\/div>\n\t\t<\/div>\n\t\t\t\t\t<\/div>\n\t\t<\/section>\n\t\t\t\t<section class=\"elementor-section elementor-inner-section elementor-element elementor-element-91a7dae elementor-section-full_width elementor-section-height-default elementor-section-height-default\" data-id=\"91a7dae\" data-element_type=\"section\" data-e-type=\"section\">\n\t\t\t\t\t\t<div class=\"elementor-container elementor-column-gap-no\">\n\t\t\t\t\t<div class=\"elementor-column elementor-col-50 elementor-inner-column elementor-element elementor-element-8888845\" data-id=\"8888845\" data-element_type=\"column\" data-e-type=\"column\">\n\t\t\t<div class=\"elementor-widget-wrap elementor-element-populated\">\n\t\t\t\t\r\n\t\t<div class=\"elementor-element elementor-element-a760d1e elementor-widget elementor-widget-shortcode\" data-id=\"a760d1e\" data-element_type=\"widget\" data-e-type=\"widget\" data-widget_type=\"shortcode.default\">\n\t\t\t\t<div class=\"elementor-widget-container\">\n\t\t\t\t\t\t\t<div class=\"elementor-shortcode\"><iframe width=\"560\" height=\"315\" src=\"https:\/\/www.youtube.com\/embed\/xHJS1cPWgU8\" title=\"Tutoriel d'acc\u00e8s \u00e0 SDS-Area Jafep\" frameborder=\"10px\" allow=\"accelerometer; autoplay; clipboard-write; encrypted-media; gyroscope; picture-in-picture; web-share\" referrerpolicy=\"strict-origin-when-cross-origin\" allowfullscreen=\"\"><\/iframe><\/div>\n\t\t\t\t\t\t<\/div>\n\t\t\t\t<\/div>\n\t\t\t\t\t<\/div>\n\t\t<\/div>\n\t\t\t\t<div class=\"elementor-column elementor-col-50 elementor-inner-column elementor-element elementor-element-26d15a1\" data-id=\"26d15a1\" data-element_type=\"column\" data-e-type=\"column\" data-settings=\"{&quot;background_background&quot;:&quot;classic&quot;}\">\n\t\t\t<div class=\"elementor-widget-wrap elementor-element-populated\">\n\t\t\t\t\t\t<div class=\"elementor-element elementor-element-9affc95 elementor-widget elementor-widget-heading\" data-id=\"9affc95\" data-element_type=\"widget\" data-e-type=\"widget\" data-widget_type=\"heading.default\">\n\t\t\t\t<div class=\"elementor-widget-container\">\n\t\t\t\t\t<h2 class=\"elementor-heading-title elementor-size-default\">Avez-vous un utilisateur ?<\/h2>\t\t\t\t<\/div>\n\t\t\t\t<\/div>\n\t\t\t\t<div class=\"elementor-element elementor-element-a91071e elementor-widget__width-initial elementor-widget elementor-widget-heading\" data-id=\"a91071e\" data-element_type=\"widget\" data-e-type=\"widget\" data-widget_type=\"heading.default\">\n\t\t\t\t<div class=\"elementor-widget-container\">\n\t\t\t\t\t<p class=\"elementor-heading-title elementor-size-default\">Si vous avez d\u00e9j\u00e0 un compte utilisateur, cliquez sur acc\u00e8s \u00e0 l'espace Jafep SDS :<\/p>\t\t\t\t<\/div>\n\t\t\t\t<\/div>\n\t\t\t\t<div class=\"elementor-element elementor-element-672f720 elementor-align-center elementor-widget__width-initial elementor-widget elementor-widget-button\" data-id=\"672f720\" data-element_type=\"widget\" data-e-type=\"widget\" data-widget_type=\"button.default\">\n\t\t\t\t<div class=\"elementor-widget-container\">\n\t\t\t\t\t\t\t\t\t<div class=\"elementor-button-wrapper\">\n\t\t\t\t\t<a class=\"elementor-button elementor-button-link elementor-size-sm elementor-animation-shrink\" href=\"https:\/\/jafep.sdsarea.com\/panel\/\" target=\"_blank\" rel=\"noopener\">\n\t\t\t\t\t\t<span class=\"elementor-button-content-wrapper\">\n\t\t\t\t\t\t<span class=\"elementor-button-icon\">\n\t\t\t\t<svg aria-hidden=\"true\" class=\"e-font-icon-svg e-far-arrow-alt-circle-right\" viewBox=\"0 0 512 512\" xmlns=\"http:\/\/www.w3.org\/2000\/svg\"><path d=\"M504 256C504 119 393 8 256 8S8 119 8 256s111 248 248 248 248-111 248-248zm-448 0c0-110.5 89.5-200 200-200s200 89.5 200 200-89.5 200-200 200S56 366.5 56 256zm72 20v-40c0-6.6 5.4-12 12-12h116v-67c0-10.7 12.9-16 20.5-8.5l99 99c4.7 4.7 4.7 12.3 0 17l-99 99c-7.6 7.6-20.5 2.2-20.5-8.5v-67H140c-6.6 0-12-5.4-12-12z\"><\/path><\/svg>\t\t\t<\/span>\n\t\t\t\t\t\t\t\t\t<span class=\"elementor-button-text\">Acc\u00e8s<\/span>\n\t\t\t\t\t<\/span>\n\t\t\t\t\t<\/a>\n\t\t\t\t<\/div>\n\t\t\t\t\t\t\t\t<\/div>\n\t\t\t\t<\/div>\n\t\t\t\t\t<\/div>\n\t\t<\/div>\n\t\t\t\t\t<\/div>\n\t\t<\/section>\n\t\t\t\t<section class=\"elementor-section elementor-inner-section elementor-element elementor-element-fae0da9 elementor-section-full_width elementor-section-height-default elementor-section-height-default\" data-id=\"fae0da9\" data-element_type=\"section\" data-e-type=\"section\">\n\t\t\t\t\t\t<div class=\"elementor-container elementor-column-gap-no\">\n\t\t\t\t\t<div class=\"elementor-column elementor-col-100 elementor-inner-column elementor-element elementor-element-ca94c59\" data-id=\"ca94c59\" data-element_type=\"column\" data-e-type=\"column\">\n\t\t\t<div class=\"elementor-widget-wrap elementor-element-populated\">\n\t\t\t\t\t\t<div class=\"elementor-element elementor-element-4b2333e elementor-widget__width-initial elementor-widget elementor-widget-heading\" data-id=\"4b2333e\" data-element_type=\"widget\" data-e-type=\"widget\" data-widget_type=\"heading.default\">\n\t\t\t\t<div class=\"elementor-widget-container\">\n\t\t\t\t\t<p class=\"elementor-heading-title elementor-size-default\"><b>Conditions d'utilisation<\/b><br><br>Conform\u00e9ment \u00e0 l'article 31 du r\u00e8glement (CE) 1907\/2006 :\n\n- Une fiche de donn\u00e9es de s\u00e9curit\u00e9 est mise \u00e0 disposition gratuitement, sur papier ou par voie \u00e9lectronique, au plus tard \u00e0 la date \u00e0 laquelle la substance ou le m\u00e9lange est fourni pour la premi\u00e8re fois.\n<br><br>- Les fournisseurs l'actualisent sans d\u00e9lai dans les cas suivants :\n<br><br>- D\u00e8s que de nouvelles informations susceptibles d'affecter les mesures de gestion des risques ou de nouvelles informations sur les dangers sont disponibles ;\n<br><br>- Lorsqu'une autorisation a \u00e9t\u00e9 accord\u00e9e ou refus\u00e9e ;\n<br><br>- Lorsqu'une restriction est impos\u00e9e.\n<br><br>- La nouvelle version dat\u00e9e des informations, portant la mention \"R\u00e9vision : (date)\", est fournie gratuitement sur papier ou par voie \u00e9lectronique \u00e0 tous les destinataires pr\u00e9c\u00e9dents auxquels vous avez fourni la substance ou le m\u00e9lange au cours des 12 derniers mois. Toute mise \u00e0 jour post\u00e9rieure \u00e0 l'enregistrement mentionne le num\u00e9ro d'enregistrement. \n<br><br>Notre entreprise Productos Jafep S.L. utilisera des moyens \u00e9lectroniques pour la gestion des fiches de donn\u00e9es de s\u00e9curit\u00e9 afin de respecter l'article 31 du R\u00e8glement (CE) 1907\/2006 relatif \u00e0 l'envoi de la documentation qui concerne votre entreprise (Utilisateur).\n<br><br>\u00c0 cette fin, les conditions suivantes doivent \u00eatre prises en compte :\n<br><br>- Les fiches de donn\u00e9es de s\u00e9curit\u00e9 seront fournies au format PDF.\n<br><br>- Les notifications seront envoy\u00e9es par courrier \u00e9lectronique \u00e0 l'adresse indiqu\u00e9e par (l'utilisateur). Cette notification contiendra un lien de t\u00e9l\u00e9chargement direct pour chacune des fiches de donn\u00e9es de s\u00e9curit\u00e9 notifi\u00e9es. \n<br><br>- Productos Jafep S.L. met \u00e0 votre disposition une page web sp\u00e9cifique de gestion des fiches de donn\u00e9es de s\u00e9curit\u00e9, o\u00f9 vous trouverez la derni\u00e8re version des fiches de donn\u00e9es de s\u00e9curit\u00e9 des produits que (l'utilisateur) consomme, segment\u00e9e par fiches de donn\u00e9es de s\u00e9curit\u00e9 d\u00e9j\u00e0 t\u00e9l\u00e9charg\u00e9es et fiches de donn\u00e9es de s\u00e9curit\u00e9 en attente de t\u00e9l\u00e9chargement.\n<br><br>- Lorsque vous acc\u00e9dez \u00e0 la fiche de donn\u00e9es de s\u00e9curit\u00e9 correspondante via le lien de t\u00e9l\u00e9chargement, la date et l'heure du t\u00e9l\u00e9chargement ainsi que le produit auquel correspond la fiche de donn\u00e9es de s\u00e9curit\u00e9 t\u00e9l\u00e9charg\u00e9e sont enregistr\u00e9s dans notre syst\u00e8me, ce qui constitue un fait fiable et une confirmation que votre entreprise (l'utilisateur) dispose d'un tel document.\n<br><br>Si vous ne t\u00e9l\u00e9chargez pas les fiches de donn\u00e9es de s\u00e9curit\u00e9 notifi\u00e9es, notre syst\u00e8me enverra des notifications p\u00e9riodiques pour faciliter l'acc\u00e8s \u00e0 la documentation.\n<br><br>- Les notifications envoy\u00e9es par Productos Jafep S.L. \u00e0 (l'utilisateur) seront \u00e9galement enregistr\u00e9es comme une confirmation de l'int\u00e9r\u00eat de Productos Jafep S.L. \u00e0 respecter l'article 31 du r\u00e8glement (CE) 1907\/2006.\n<br><br>- Ces registres d'envoi et la confirmation du t\u00e9l\u00e9chargement des fiches de donn\u00e9es de s\u00e9curit\u00e9 peuvent \u00eatre pr\u00e9sent\u00e9s \u00e0 l'autorit\u00e9 comp\u00e9tente pour confirmer que votre entreprise (l'utilisateur) a re\u00e7u et est en possession des fiches de donn\u00e9es de s\u00e9curit\u00e9 notifi\u00e9es par Productos Jafep S.L..\n<br><br>Productos Jafep S.L. s'engage \u00e0 v\u00e9rifier que les liens de t\u00e9l\u00e9chargement sont correctement mis \u00e0 jour et disponibles.\n<br><br>L'utilisateur s'engage \u00e0 v\u00e9rifier que le contenu de la fiche de donn\u00e9es de s\u00e9curit\u00e9 est correct en envoyant un courriel \u00e0 dpto_tecnico@jafep.com dans les 30 jours ouvrables suivant la date de t\u00e9l\u00e9chargement, en indiquant les divergences, faute de quoi il est entendu qu'il accepte le contenu de la fiche de donn\u00e9es de s\u00e9curit\u00e9.\n<br><br>Si vous souhaitez exercer votre droit d'acc\u00e8s, d'annulation, de rectification et\/ou d'opposition, vous pouvez le faire en contactant Productos Jafep S.L.<\/p>\t\t\t\t<\/div>\n\t\t\t\t<\/div>\n\t\t\t\t\t<\/div>\n\t\t<\/div>\n\t\t\t\t\t<\/div>\n\t\t<\/section>\n\t\t\t\t\t<\/div>\n\t\t<\/div>\n\t\t\t\t\t<\/div>\n\t\t<\/section>\n\t\t\t\t<\/div>\n\t\t","protected":false},"excerpt":{"rendered":"<p>Jafep Fiches de donn\u00e9es de s\u00e9curit\u00e9 Pour pouvoir consulter les fiches de donn\u00e9es de s\u00e9curit\u00e9, vous devez \u00eatre client de Productos Jafep S.L. et avoir acc\u00e8s \u00e0 notre SDS-Area. Si vous n&#8217;avez pas d&#8217;acc\u00e8s ou si vous ne vous en souvenez pas, veuillez contacter notre d\u00e9partement de gestion de la qualit\u00e9 et de l&#8217;environnement en&#8230;<\/p>\n","protected":false},"author":1,"featured_media":81542,"parent":0,"menu_order":0,"comment_status":"closed","ping_status":"closed","template":"template-builder.php","meta":{"_acf_changed":false,"footnotes":"","_links_to":"","_links_to_target":""},"class_list":["post-84868","page","type-page","status-publish","has-post-thumbnail","hentry"],"acf":[],"amp_enabled":false,"_links":{"self":[{"href":"https:\/\/jafep.com\/fr\/wp-json\/wp\/v2\/pages\/84868","targetHints":{"allow":["GET"]}}],"collection":[{"href":"https:\/\/jafep.com\/fr\/wp-json\/wp\/v2\/pages"}],"about":[{"href":"https:\/\/jafep.com\/fr\/wp-json\/wp\/v2\/types\/page"}],"author":[{"embeddable":true,"href":"https:\/\/jafep.com\/fr\/wp-json\/wp\/v2\/users\/1"}],"replies":[{"embeddable":true,"href":"https:\/\/jafep.com\/fr\/wp-json\/wp\/v2\/comments?post=84868"}],"version-history":[{"count":1,"href":"https:\/\/jafep.com\/fr\/wp-json\/wp\/v2\/pages\/84868\/revisions"}],"predecessor-version":[{"id":84872,"href":"https:\/\/jafep.com\/fr\/wp-json\/wp\/v2\/pages\/84868\/revisions\/84872"}],"wp:featuredmedia":[{"embeddable":true,"href":"https:\/\/jafep.com\/fr\/wp-json\/wp\/v2\/media\/81542"}],"wp:attachment":[{"href":"https:\/\/jafep.com\/fr\/wp-json\/wp\/v2\/media?parent=84868"}],"curies":[{"name":"wp","href":"https:\/\/api.w.org\/{rel}","templated":true}]}}