{"id":81804,"date":"2025-02-25T12:19:08","date_gmt":"2025-02-25T12:19:08","guid":{"rendered":"https:\/\/jafep.com\/politique-de-confidentialite\/"},"modified":"2025-02-25T12:19:09","modified_gmt":"2025-02-25T12:19:09","slug":"politique-de-confidentialite","status":"publish","type":"page","link":"https:\/\/jafep.com\/fr\/politique-de-confidentialite\/","title":{"rendered":"Politique de confidentialit\u00e9"},"content":{"rendered":"\t\t<div data-elementor-type=\"wp-page\" data-elementor-id=\"81804\" class=\"elementor elementor-81804 elementor-17927\" data-elementor-post-type=\"page\">\n\t\t\t\t<div class=\"elementor-element elementor-element-92cc7e2 e-flex e-con-boxed e-con e-parent\" data-id=\"92cc7e2\" data-element_type=\"container\" data-e-type=\"container\">\n\t\t\t\t\t<div class=\"e-con-inner\">\n\t\t\t\t<div class=\"elementor-element elementor-element-5d689c8 elementor-widget elementor-widget-heading\" data-id=\"5d689c8\" data-element_type=\"widget\" data-e-type=\"widget\" data-widget_type=\"heading.default\">\n\t\t\t\t<div class=\"elementor-widget-container\">\n\t\t\t\t\t<h2 class=\"elementor-heading-title elementor-size-default\">POLITIQUE DE CONFIDENTIALIT\u00c9<\/h2>\t\t\t\t<\/div>\n\t\t\t\t<\/div>\n\t\t\t\t<div class=\"elementor-element elementor-element-9ccb3ed elementor-widget-divider--view-line elementor-widget elementor-widget-divider\" data-id=\"9ccb3ed\" data-element_type=\"widget\" data-e-type=\"widget\" data-widget_type=\"divider.default\">\n\t\t\t\t<div class=\"elementor-widget-container\">\n\t\t\t\t\t\t\t<div class=\"elementor-divider\">\n\t\t\t<span class=\"elementor-divider-separator\">\n\t\t\t\t\t\t<\/span>\n\t\t<\/div>\n\t\t\t\t\t\t<\/div>\n\t\t\t\t<\/div>\n\t\t\t\t<div class=\"elementor-element elementor-element-03abad0 elementor-widget__width-initial elementor-widget elementor-widget-heading\" data-id=\"03abad0\" data-element_type=\"widget\" data-e-type=\"widget\" data-widget_type=\"heading.default\">\n\t\t\t\t<div class=\"elementor-widget-container\">\n\t\t\t\t\t<p class=\"elementor-heading-title elementor-size-default\"><b>INFORMATIONS POUR LES UTILISATEURS<\/b><br> Qui est responsable du traitement de vos donn\u00e9es personnelles ?\n<b>PRODUCTOS JAFEP S.L.<\/b> est RESPONSABLE du traitement des donn\u00e9es personnelles de l'UTILISATEUR et vous informe que ces donn\u00e9es seront trait\u00e9es conform\u00e9ment aux dispositions du R\u00e8glement (UE) 2016\/679, du 27 avril (GDPR), et de la Loi organique 3\/2018, du 5 d\u00e9cembre (LOPDGDD). <b>Dans quel but traitons-nous vos donn\u00e9es \u00e0 caract\u00e8re personnel ?<\/b>\n\n<br>maintenir une relation commerciale avec l'utilisateur. Les op\u00e9rations envisag\u00e9es pour effectuer le traitement sont : \n<br><br> - <b> Envoyer des<\/b> communications commerciales publicitaires par courrier \u00e9lectronique, fax, SMS, MMS, r\u00e9seaux sociaux ou tout autre moyen \u00e9lectronique ou physique, pr\u00e9sent ou futur, permettant d'effectuer des communications commerciales. Ces communications seront r\u00e9alis\u00e9es par le <b>RESPONSABLE<\/b> et porteront sur ses produits et services, ou sur ceux de ses collaborateurs ou fournisseurs, avec lesquels il a conclu un accord promotionnel. Dans ce cas, les tiers n'auront jamais acc\u00e8s aux donn\u00e9es personnelles.\nPour r\u00e9aliser des \u00e9tudes de march\u00e9 et des analyses statistiques.  <br><br>- <b> Traiter les<\/b> commandes, les demandes, r\u00e9pondre aux questions ou \u00e0 tout type de demande formul\u00e9e par l'UTILISATEUR par le biais de l'un des formulaires de contact disponibles sur le site web du <b>RESPONSABLE<\/b>.\n<br><br> - <b> Pour envoyer<\/b> la lettre d'information en ligne sur les nouvelles, les offres et les promotions de notre activit\u00e9.\n<br> <b>Pourquoi<\/b>pouvons-nous traiter vos donn\u00e9es \u00e0 caract\u00e8re personnel ? Parce que le traitement est l\u00e9gitim\u00e9 par l'article 6 du GDPR comme suit : \n\nAvec le consentement de l'UTILISATEUR : envoi de communications commerciales et de la lettre d'information.\nDans l'int\u00e9r\u00eat l\u00e9gitime du <b>CONTR\u00d4LEUR<\/b>: r\u00e9alisation d'\u00e9tudes de march\u00e9, d'analyses statistiques, etc. et traitement des commandes, demandes, etc. \u00e0 la demande de l'<b>UTILISATEUR<\/b>.\n<br><br>\n<b>Combien de temps conserverons-nous vos donn\u00e9es personnelles ?<\/b>\n\n- <b> Elles<\/b> sont conserv\u00e9es pendant une dur\u00e9e n'exc\u00e9dant pas celle n\u00e9cessaire pour atteindre la finalit\u00e9 du traitement ou pour r\u00e9pondre \u00e0 des exigences l\u00e9gales imposant leur conservation et, lorsqu'elles ne sont plus n\u00e9cessaires \u00e0 cette finalit\u00e9, elles sont effac\u00e9es avec des mesures de s\u00e9curit\u00e9 appropri\u00e9es pour garantir l'anonymisation des donn\u00e9es ou leur destruction totale.\n<br><br><b>\u00c0 qui fournissons-nous vos donn\u00e9es personnelles ?<\/b> Aucune communication de donn\u00e9es \u00e0 caract\u00e8re personnel \u00e0 des tiers n'est pr\u00e9vue, sauf, si cela est n\u00e9cessaire au d\u00e9veloppement et \u00e0 l'ex\u00e9cution des finalit\u00e9s du traitement, \u00e0 nos prestataires de services li\u00e9s aux communications, avec lesquels le <b>RESPONSABLE<\/b> a sign\u00e9 les contrats de confidentialit\u00e9 et de traitement des donn\u00e9es requis par la r\u00e9glementation en vigueur en mati\u00e8re de protection de la vie priv\u00e9e.  <br><br><b>Quels sont vos droits ?<\/b>\n\nLes droits de l'<b>UTILISATEUR<\/b> sont les suivants :\n\nDroit de retirer son consentement \u00e0 tout moment.\nDroit d'acc\u00e8s, de rectification, de portabilit\u00e9 et d'effacement de vos donn\u00e9es, et de limitation ou d'opposition \u00e0 leur traitement.\nDroit d'introduire une r\u00e9clamation aupr\u00e8s de l'autorit\u00e9 de contr\u00f4le (www.aepd.es) si vous estimez que le traitement n'est pas conforme \u00e0 la r\u00e9glementation en vigueur.\nCoordonn\u00e9es pour l'exercice de vos droits :\n<br><br>PRODUCTOS JAFEP S.L.. CARRETERA DE BARRAX, 1 - 02630 LA RODA (Albacete). Courriel : jafep@jafep.com  \n<br><br><b><br>CARACTERE OBLIGATOIRE OU OBLIGATOIRE DES INFORMATIONS FOURNIES PAR L'UTILISATEUR<\/br><\/b>\n Les UTILISATEURS, en cochant les cases correspondantes et en saisissant des donn\u00e9es dans les champs marqu\u00e9s d'un ast\u00e9risque (*) dans le formulaire de contact ou pr\u00e9sent\u00e9s dans les formulaires de t\u00e9l\u00e9chargement, acceptent express\u00e9ment, librement et sans \u00e9quivoque que leurs donn\u00e9es soient n\u00e9cessaires pour r\u00e9pondre \u00e0 leur demande par le fournisseur, l'inclusion de donn\u00e9es dans les champs restants \u00e9tant volontaire. L'UTILISATEUR garantit que les donn\u00e9es personnelles fournies au RESPONSABLE sont v\u00e9ridiques et il est responsable de la communication de toute modification de ces donn\u00e9es. \n<br><br><b>Le RESPONSABLE<\/b> informe que toutes les donn\u00e9es demand\u00e9es par le biais du site web sont obligatoires, car elles sont n\u00e9cessaires \u00e0 la fourniture d'un service optimal \u00e0 l'UTILISATEUR. Si toutes les donn\u00e9es ne sont pas fournies, il n'est pas garanti que les informations et les services fournis seront parfaitement adapt\u00e9s \u00e0 vos besoins. \n<br><br><b>LES MESURES DE S\u00c9CURIT\u00c9<\/b>\n<br>Que conform\u00e9ment aux dispositions de la r\u00e9glementation en vigueur en mati\u00e8re de protection des donn\u00e9es \u00e0 caract\u00e8re personnel, le RESPONSABLE respecte l'ensemble des dispositions du RGPD et de la LOPDGDD pour le traitement des donn\u00e9es \u00e0 caract\u00e8re personnel sous sa responsabilit\u00e9, et manifestement les principes d\u00e9crits \u00e0 l'article 5 du RGPD, selon lesquels elles sont trait\u00e9es de mani\u00e8re licite, loyale et transparente \u00e0 l'\u00e9gard de la personne concern\u00e9e et sont ad\u00e9quates, pertinentes et limit\u00e9es \u00e0 ce qui est n\u00e9cessaire au regard des finalit\u00e9s pour lesquelles elles sont trait\u00e9es.\n<br><br>Le RESPONSABLE garantit qu'il a mis en \u0153uvre les politiques techniques et organisationnelles appropri\u00e9es pour appliquer les mesures de s\u00e9curit\u00e9 \u00e9tablies par le GDPR et la LOPDGDD afin de prot\u00e9ger les droits et libert\u00e9s des UTILISATEURS et qu'il leur a fourni les informations appropri\u00e9es pour qu'ils puissent les exercer. Pour plus d'informations sur les garanties de confidentialit\u00e9, vous pouvez contacter le RESPONSABLE par l'interm\u00e9diaire de PRODUCTOS JAFEP S.L.. CARRETERA DE BARRAX, 1 - 02630 LA RODA (Albacete). Courriel : jafep@jafep.com   <\/p>\t\t\t\t<\/div>\n\t\t\t\t<\/div>\n\t\t\t\t\t<\/div>\n\t\t\t\t<\/div>\n\t\t\t\t<\/div>\n\t\t","protected":false},"excerpt":{"rendered":"<p>POLITIQUE DE CONFIDENTIALIT\u00c9 INFORMATIONS POUR LES UTILISATEURS Qui est responsable du traitement de vos donn\u00e9es personnelles ? PRODUCTOS JAFEP S.L. est RESPONSABLE du traitement des donn\u00e9es personnelles de l&#8217;UTILISATEUR et vous informe que ces donn\u00e9es seront trait\u00e9es conform\u00e9ment aux dispositions du R\u00e8glement (UE) 2016\/679, du 27 avril (GDPR), et de la Loi organique 3\/2018, du&#8230;<\/p>\n","protected":false},"author":1,"featured_media":0,"parent":0,"menu_order":0,"comment_status":"closed","ping_status":"closed","template":"","meta":{"_acf_changed":false,"footnotes":"","_links_to":"","_links_to_target":""},"class_list":["post-81804","page","type-page","status-publish","hentry"],"acf":[],"amp_enabled":true,"_links":{"self":[{"href":"https:\/\/jafep.com\/fr\/wp-json\/wp\/v2\/pages\/81804","targetHints":{"allow":["GET"]}}],"collection":[{"href":"https:\/\/jafep.com\/fr\/wp-json\/wp\/v2\/pages"}],"about":[{"href":"https:\/\/jafep.com\/fr\/wp-json\/wp\/v2\/types\/page"}],"author":[{"embeddable":true,"href":"https:\/\/jafep.com\/fr\/wp-json\/wp\/v2\/users\/1"}],"replies":[{"embeddable":true,"href":"https:\/\/jafep.com\/fr\/wp-json\/wp\/v2\/comments?post=81804"}],"version-history":[{"count":1,"href":"https:\/\/jafep.com\/fr\/wp-json\/wp\/v2\/pages\/81804\/revisions"}],"predecessor-version":[{"id":81805,"href":"https:\/\/jafep.com\/fr\/wp-json\/wp\/v2\/pages\/81804\/revisions\/81805"}],"wp:attachment":[{"href":"https:\/\/jafep.com\/fr\/wp-json\/wp\/v2\/media?parent=81804"}],"curies":[{"name":"wp","href":"https:\/\/api.w.org\/{rel}","templated":true}]}}