{"id":81751,"date":"2025-02-25T12:18:46","date_gmt":"2025-02-25T12:18:46","guid":{"rendered":"https:\/\/jafep.com\/je-suis-un-consommateur\/"},"modified":"2025-04-25T09:39:18","modified_gmt":"2025-04-25T09:39:18","slug":"je-suis-un-consommateur","status":"publish","type":"page","link":"https:\/\/jafep.com\/fr\/je-suis-un-consommateur\/","title":{"rendered":"Je suis un consommateur"},"content":{"rendered":"\t\t<div data-elementor-type=\"wp-page\" data-elementor-id=\"81751\" class=\"elementor elementor-81751 elementor-20653\" data-elementor-post-type=\"page\">\n\t\t\t\t\t\t<section class=\"elementor-section elementor-top-section elementor-element elementor-element-22868fb elementor-section-boxed elementor-section-height-default elementor-section-height-default\" data-id=\"22868fb\" data-element_type=\"section\" data-e-type=\"section\">\n\t\t\t\t\t\t<div class=\"elementor-container elementor-column-gap-no\">\n\t\t\t\t\t<div class=\"elementor-column elementor-col-100 elementor-top-column elementor-element elementor-element-d276f2e\" data-id=\"d276f2e\" data-element_type=\"column\" data-e-type=\"column\">\n\t\t\t<div class=\"elementor-widget-wrap elementor-element-populated\">\n\t\t\t\t\t\t<section class=\"elementor-section elementor-inner-section elementor-element elementor-element-885ea0f elementor-section-full_width elementor-section-height-default elementor-section-height-default\" data-id=\"885ea0f\" data-element_type=\"section\" data-e-type=\"section\">\n\t\t\t\t\t\t<div class=\"elementor-container elementor-column-gap-no\">\n\t\t\t\t\t<div class=\"elementor-column elementor-col-100 elementor-inner-column elementor-element elementor-element-05bf0aa\" data-id=\"05bf0aa\" data-element_type=\"column\" data-e-type=\"column\">\n\t\t\t<div class=\"elementor-widget-wrap elementor-element-populated\">\n\t\t\t\t\t\t<div class=\"elementor-element elementor-element-d8d0b61 elementor-view-default elementor-widget elementor-widget-icon\" data-id=\"d8d0b61\" data-element_type=\"widget\" data-e-type=\"widget\" data-widget_type=\"icon.default\">\n\t\t\t\t<div class=\"elementor-widget-container\">\n\t\t\t\t\t\t\t<div class=\"elementor-icon-wrapper\">\n\t\t\t<div class=\"elementor-icon\">\n\t\t\t<svg xmlns=\"http:\/\/www.w3.org\/2000\/svg\" height=\"496pt\" viewBox=\"0 -72 496 496\" width=\"496pt\"><path d=\"m98.113281 168.125c-31.730469 0-57.542969-25.578125-57.542969-57.007812 0-31.433594 25.8125-57.011719 57.542969-57.011719 31.726563 0 57.535157 25.574219 57.535157 57.011719 0 31.433593-25.808594 57.007812-57.535157 57.007812zm0-98.019531c-22.910156 0-41.542969 18.398437-41.542969 41.011719 0 22.609374 18.632813 41.007812 41.542969 41.007812 22.902344 0 41.535157-18.398438 41.535157-41.007812 0-22.613282-18.632813-41.011719-41.535157-41.011719zm0 0\"><\/path><path d=\"m121.261719 325.96875h-100.351563c-11.53125 0-20.910156-9.320312-20.910156-20.777344v-26.167968c0-53.570313 44.011719-97.15625 98.113281-97.15625 21.277344 0 41.53125 6.640624 58.554688 19.199218 3.554687 2.625 4.3125 7.632813 1.6875 11.191406-2.625 3.550782-7.628907 4.308594-11.1875 1.6875-14.253907-10.515624-31.214844-16.078124-49.054688-16.078124-45.277343 0-82.113281 36.410156-82.113281 81.15625v26.167968c0 2.632813 2.203125 4.777344 4.910156 4.777344h100.355469c4.414063 0 8 3.582031 8 8 0 4.414062-3.585937 8-8.003906 8zm0 0\"><\/path><path d=\"m475.089844 319.914062h-100.351563c-4.414062 0-8-3.582031-8-8 0-4.414062 3.585938-8 8-8h100.355469c2.707031 0 4.910156-2.140624 4.910156-4.773437v-26.167969c0-44.753906-36.835937-81.15625-82.113281-81.15625-18.910156 0-37.371094 6.511719-51.984375 18.339844-3.429688 2.777344-8.464844 2.25-11.25-1.183594-2.777344-3.433594-2.253906-8.472656 1.1875-11.253906 17.449219-14.121094 39.484375-21.902344 62.046875-21.902344 54.097656 0 98.109375 43.582032 98.109375 97.15625v26.167969c0 11.453125-9.378906 20.773437-20.910156 20.773437zm0 0\"><\/path><path d=\"m397.886719 164.171875c-31.726563 0-57.535157-25.574219-57.535157-57.007813 0-31.433593 25.808594-57.011718 57.535157-57.011718 31.730469 0 57.542969 25.574218 57.542969 57.011718s-25.816407 57.007813-57.542969 57.007813zm0-98.019531c-22.902344 0-41.535157 18.398437-41.535157 41.011718 0 22.613282 18.632813 41.007813 41.535157 41.007813 22.910156 0 41.542969-18.394531 41.542969-41.007813 0-22.613281-18.636719-41.011718-41.542969-41.011718zm0 0\"><\/path><path d=\"m356.578125 352h-217.15625c-14.425781 0-26.160156-11.648438-26.160156-25.96875v-36.804688c0-73.554687 60.4375-133.394531 134.738281-133.394531s134.738281 59.839844 134.738281 133.394531v36.804688c0 14.320312-11.734375 25.96875-26.160156 25.96875zm-108.578125-180.164062c-65.472656 0-118.738281 52.664062-118.738281 117.394531v36.804687c0 5.496094 4.558593 9.96875 10.160156 9.96875h217.152344c5.601562 0 10.160156-4.472656 10.160156-9.96875v-36.804687c.003906-64.730469-53.261719-117.394531-118.734375-117.394531zm0 0\"><\/path><path d=\"m245.21875 146.484375c-40.765625 0-73.9375-32.855469-73.9375-73.246094 0-40.386719 33.167969-73.238281 73.9375-73.238281 40.773438 0 73.941406 32.855469 73.941406 73.242188 0 40.390624-33.171875 73.242187-73.941406 73.242187zm0-130.484375c-31.945312 0-57.9375 25.679688-57.9375 57.242188 0 31.566406 25.992188 57.246093 57.9375 57.246093 31.949219 0 57.941406-25.679687 57.941406-57.246093 0-31.5625-25.992187-57.242188-57.941406-57.242188zm0 0\"><\/path><\/svg>\t\t\t<\/div>\n\t\t<\/div>\n\t\t\t\t\t\t<\/div>\n\t\t\t\t<\/div>\n\t\t\t\t<div class=\"elementor-element elementor-element-d35fd18 elementor-widget elementor-widget-heading\" data-id=\"d35fd18\" data-element_type=\"widget\" data-e-type=\"widget\" data-widget_type=\"heading.default\">\n\t\t\t\t<div class=\"elementor-widget-container\">\n\t\t\t\t\t<h2 class=\"elementor-heading-title elementor-size-default\">Je suis un consommateur<\/h2>\t\t\t\t<\/div>\n\t\t\t\t<\/div>\n\t\t\t\t<div class=\"elementor-element elementor-element-0984b5b elementor-widget elementor-widget-heading\" data-id=\"0984b5b\" data-element_type=\"widget\" data-e-type=\"widget\" data-widget_type=\"heading.default\">\n\t\t\t\t<div class=\"elementor-widget-container\">\n\t\t\t\t\t<h2 class=\"elementor-heading-title elementor-size-default\">Trouvez votre magasin id\u00e9al<\/h2>\t\t\t\t<\/div>\n\t\t\t\t<\/div>\n\t\t\t\t<div class=\"elementor-element elementor-element-acb189e elementor-widget__width-initial elementor-widget elementor-widget-heading\" data-id=\"acb189e\" data-element_type=\"widget\" data-e-type=\"widget\" data-widget_type=\"heading.default\">\n\t\t\t\t<div class=\"elementor-widget-container\">\n\t\t\t\t\t<p class=\"elementor-heading-title elementor-size-default\">Trouvez votre atelier de peinture id\u00e9al.\nD\u00e9couvrez les meilleures options de peinture et de finition pr\u00e8s de chez vous. Qualit\u00e9, vari\u00e9t\u00e9 et conseils d'experts \u00e0 port\u00e9e de main. D\u00e9couvrez votre prochaine inspiration !  <\/p>\t\t\t\t<\/div>\n\t\t\t\t<\/div>\n\t\t\t\t\t<\/div>\n\t\t<\/div>\n\t\t\t\t\t<\/div>\n\t\t<\/section>\n\t\t\t\t\t<\/div>\n\t\t<\/div>\n\t\t\t\t\t<\/div>\n\t\t<\/section>\n\t\t\t\t<section class=\"elementor-section elementor-top-section elementor-element elementor-element-5985c43 elementor-section-full_width elementor-section-height-default elementor-section-height-default\" data-id=\"5985c43\" data-element_type=\"section\" data-e-type=\"section\">\n\t\t\t\t\t\t<div class=\"elementor-container elementor-column-gap-no\">\n\t\t\t\t\t<div class=\"elementor-column elementor-col-100 elementor-top-column elementor-element elementor-element-c25c02b\" data-id=\"c25c02b\" data-element_type=\"column\" data-e-type=\"column\">\n\t\t\t<div class=\"elementor-widget-wrap elementor-element-populated\">\n\t\t\t\t\t\t<section class=\"elementor-section elementor-inner-section elementor-element elementor-element-727fb1d elementor-section-boxed elementor-section-height-default elementor-section-height-default\" data-id=\"727fb1d\" data-element_type=\"section\" data-e-type=\"section\">\n\t\t\t\t\t\t<div class=\"elementor-container elementor-column-gap-no\">\n\t\t\t\t\t<div class=\"elementor-column elementor-col-100 elementor-inner-column elementor-element elementor-element-56e501c\" data-id=\"56e501c\" data-element_type=\"column\" data-e-type=\"column\">\n\t\t\t<div class=\"elementor-widget-wrap elementor-element-populated\">\n\t\t\t\t\r\n\t\t<div class=\"elementor-element elementor-element-ce0d83d elementor-widget elementor-widget-kontacontactform\" data-id=\"ce0d83d\" data-element_type=\"widget\" data-e-type=\"widget\" data-widget_type=\"kontacontactform.default\">\n\t\t\t\t<div class=\"elementor-widget-container\">\n\t\t\t\t\t<div class=\"wcu-contact-wrap bg-white\"><div class=\"contact-form-wrap\"><div class=\"contact-form\">\n<div class=\"wpcf7 no-js\" id=\"wpcf7-f20674-o1\" lang=\"en-US\" dir=\"ltr\" data-wpcf7-id=\"20674\">\n<div class=\"screen-reader-response\"><p role=\"status\" aria-live=\"polite\" aria-atomic=\"true\"><\/p> <ul><\/ul><\/div>\n<form action=\"\/fr\/wp-json\/wp\/v2\/pages\/81751#wpcf7-f20674-o1\" method=\"post\" class=\"wpcf7-form init\" aria-label=\"Contact form\" novalidate=\"novalidate\" data-status=\"init\">\n<fieldset class=\"hidden-fields-container\"><input type=\"hidden\" name=\"_wpcf7\" value=\"20674\" \/><input type=\"hidden\" name=\"_wpcf7_version\" value=\"6.1.5\" \/><input type=\"hidden\" name=\"_wpcf7_locale\" value=\"en_US\" \/><input type=\"hidden\" name=\"_wpcf7_unit_tag\" value=\"wpcf7-f20674-o1\" \/><input type=\"hidden\" name=\"_wpcf7_container_post\" value=\"0\" \/><input type=\"hidden\" name=\"_wpcf7_posted_data_hash\" value=\"\" \/><input type=\"hidden\" name=\"_wpcf7_recaptcha_response\" value=\"\" \/>\n<\/fieldset>\n<div class=\"contact-wrap3\"><div class=\"contact-form-wrap\"><div class=\"quote-form\"><center><h3 class=\"form-title\">Rellena el formulario<\/h3><\/center>\n<div class=\"row\">\n    <div class=\"col-md-6\">\n        <div class=\"form-group\">\n            <span class=\"wpcf7-form-control-wrap\" data-name=\"text-206\"><input size=\"40\" maxlength=\"400\" class=\"wpcf7-form-control wpcf7-text wpcf7-validates-as-required form-control\" id=\"text-206\" aria-required=\"true\" aria-invalid=\"false\" placeholder=\"Provincia\" value=\"\" type=\"text\" name=\"text-206\" \/><\/span><i class=\"fal fa-map-marker-alt\"><\/i>\n        <\/div>\n    <\/div>\n    <div class=\"col-md-6\">\n        <div class=\"form-group\">\n            <span class=\"wpcf7-form-control-wrap\" data-name=\"text-930\"><input size=\"40\" maxlength=\"400\" class=\"wpcf7-form-control wpcf7-text wpcf7-validates-as-required form-control\" id=\"text-930\" aria-required=\"true\" aria-invalid=\"false\" placeholder=\"Localidad\" value=\"\" type=\"text\" name=\"text-930\" \/><\/span><i class=\"fal fa-map-marker-alt\"><\/i>\n        <\/div>\n    <\/div>\n    <div class=\"col-md-12\">\n        <div class=\"form-group\">\n            <span class=\"wpcf7-form-control-wrap\" data-name=\"email-438\"><input size=\"40\" maxlength=\"400\" class=\"wpcf7-form-control wpcf7-email wpcf7-validates-as-required wpcf7-text wpcf7-validates-as-email form-control\" id=\"email-438\" aria-required=\"true\" aria-invalid=\"false\" placeholder=\"Correo electr\u00f3nico\" value=\"\" type=\"email\" name=\"email-438\" \/><\/span><i class=\"fal fa-envelope\"><\/i>\n        <\/div>\n    <\/div>\n    <div class=\"col-md-6\">\n        <div class=\"form-group\">\n            <span class=\"wpcf7-form-control-wrap\" data-name=\"CP-930\"><input size=\"40\" maxlength=\"400\" class=\"wpcf7-form-control wpcf7-text wpcf7-validates-as-required form-control\" id=\"CP-930\" aria-required=\"true\" aria-invalid=\"false\" placeholder=\"C\u00f3digo Postal\" value=\"\" type=\"text\" name=\"CP-930\" \/><\/span><i class=\"fal fa-map-marker-alt\"><\/i>\n        <\/div>\n    <\/div>\n    <div class=\"col-md-6\">\n        <div class=\"form-group\">\n            <span class=\"wpcf7-form-control-wrap\" data-name=\"telf-510\"><input size=\"40\" maxlength=\"400\" class=\"wpcf7-form-control wpcf7-text wpcf7-validates-as-required form-control\" id=\"telf-510\" aria-required=\"true\" aria-invalid=\"false\" placeholder=\"Tel\u00e9fono\" value=\"\" type=\"text\" name=\"telf-510\" \/><\/span><i class=\"fa fa-phone\"><\/i>\n        <\/div>\n    <\/div>\n        <div class=\"col-md-12\">\n          <div class=\"form-group\">\n            <span class=\"wpcf7-form-control-wrap\" data-name=\"mensaje-123\"><textarea cols=\"40\" rows=\"10\" maxlength=\"2000\" class=\"wpcf7-form-control wpcf7-textarea form-control\" id=\"mensaje-123\" aria-invalid=\"false\" placeholder=\"Comentarios\" name=\"mensaje-123\"><\/textarea><\/span>\n            <i class=\"fal fa-comment\"><\/i>\n          <\/div>\n        <\/div>\n<span class=\"wpcf7-form-control-wrap\" data-name=\"acceptance-413\"><span class=\"wpcf7-form-control wpcf7-acceptance\"><span class=\"wpcf7-list-item\"><label><input type=\"checkbox\" name=\"acceptance-413\" value=\"1\" aria-invalid=\"false\" \/><span class=\"wpcf7-list-item-label\">Acepto la pol\u00edtica de privacidad de <a href=\"https:\/\/jafep.com\/politica-de-privacidad\">Jafep.<\/span><\/label><\/span><\/span><\/span>\n    <div class=\"form-btn col-12\">\n        <button class=\"th-btn w-100 wpcf7\">Enviar formulario<i class=\"fas fa-long-arrow-right ms-2\"><\/i><\/button>\n    <\/div>\n<\/div>\n<p class=\"form-messages mb-0 mt-3\"><\/p><\/div><\/div><\/div><div class=\"wpcf7-response-output\" aria-hidden=\"true\"><\/div>\n<\/form>\n<\/div>\n<\/div><\/div><\/div>\t\t\t\t<\/div>\n\t\t\t\t<\/div>\n\t\t\t\t\t<\/div>\n\t\t<\/div>\n\t\t\t\t\t<\/div>\n\t\t<\/section>\n\t\t\t\t\t<\/div>\n\t\t<\/div>\n\t\t\t\t\t<\/div>\n\t\t<\/section>\n\t\t<div class=\"elementor-element elementor-element-2057ec8 e-flex e-con-boxed e-con e-parent\" data-id=\"2057ec8\" data-element_type=\"container\" data-e-type=\"container\" data-settings=\"{&quot;background_background&quot;:&quot;classic&quot;}\">\n\t\t\t\t\t<div class=\"e-con-inner\">\n\t\t<div class=\"elementor-element elementor-element-b89394d e-con-full e-flex e-con e-child\" data-id=\"b89394d\" data-element_type=\"container\" data-e-type=\"container\">\n\t\t\t\t<div class=\"elementor-element elementor-element-c42694b elementor-widget elementor-widget-heading\" data-id=\"c42694b\" data-element_type=\"widget\" data-e-type=\"widget\" data-widget_type=\"heading.default\">\n\t\t\t\t<div class=\"elementor-widget-container\">\n\t\t\t\t\t<h2 class=\"elementor-heading-title elementor-size-default\">Besoin d'aide ?<\/h2>\t\t\t\t<\/div>\n\t\t\t\t<\/div>\n\t\t\t\t<div class=\"elementor-element elementor-element-82077ff elementor-align-center elementor-widget elementor-widget-button\" data-id=\"82077ff\" data-element_type=\"widget\" data-e-type=\"widget\" data-widget_type=\"button.default\">\n\t\t\t\t<div class=\"elementor-widget-container\">\n\t\t\t\t\t\t\t\t\t<div class=\"elementor-button-wrapper\">\n\t\t\t\t\t<a class=\"elementor-button elementor-button-link elementor-size-sm elementor-animation-grow\" href=\"https:\/\/jafep.com\/fr\/contact\/\">\n\t\t\t\t\t\t<span class=\"elementor-button-content-wrapper\">\n\t\t\t\t\t\t<span class=\"elementor-button-icon\">\n\t\t\t\t<svg aria-hidden=\"true\" class=\"e-font-icon-svg e-far-arrow-alt-circle-right\" viewBox=\"0 0 512 512\" xmlns=\"http:\/\/www.w3.org\/2000\/svg\"><path d=\"M504 256C504 119 393 8 256 8S8 119 8 256s111 248 248 248 248-111 248-248zm-448 0c0-110.5 89.5-200 200-200s200 89.5 200 200-89.5 200-200 200S56 366.5 56 256zm72 20v-40c0-6.6 5.4-12 12-12h116v-67c0-10.7 12.9-16 20.5-8.5l99 99c4.7 4.7 4.7 12.3 0 17l-99 99c-7.6 7.6-20.5 2.2-20.5-8.5v-67H140c-6.6 0-12-5.4-12-12z\"><\/path><\/svg>\t\t\t<\/span>\n\t\t\t\t\t\t\t\t\t<span class=\"elementor-button-text\">Allez-y !<\/span>\n\t\t\t\t\t<\/span>\n\t\t\t\t\t<\/a>\n\t\t\t\t<\/div>\n\t\t\t\t\t\t\t\t<\/div>\n\t\t\t\t<\/div>\n\t\t\t\t<\/div>\n\t\t\t\t\t<\/div>\n\t\t\t\t<\/div>\n\t\t\t\t<\/div>\n\t\t","protected":false},"excerpt":{"rendered":"<p>Je suis un consommateur Trouvez votre magasin id\u00e9al Trouvez votre atelier de peinture id\u00e9al. D\u00e9couvrez les meilleures options de peinture et de finition pr\u00e8s de chez vous. Qualit\u00e9, vari\u00e9t\u00e9 et conseils d&#8217;experts \u00e0 port\u00e9e de main. D\u00e9couvrez votre prochaine inspiration ! Rellena el formulario Acepto la pol\u00edtica de privacidad de Jafep. Enviar formulario Besoin d&#8217;aide&#8230;<\/p>\n","protected":false},"author":1,"featured_media":0,"parent":0,"menu_order":0,"comment_status":"closed","ping_status":"closed","template":"template-builder.php","meta":{"_acf_changed":false,"footnotes":"","_links_to":"","_links_to_target":""},"class_list":["post-81751","page","type-page","status-publish","hentry"],"acf":[],"amp_enabled":false,"_links":{"self":[{"href":"https:\/\/jafep.com\/fr\/wp-json\/wp\/v2\/pages\/81751","targetHints":{"allow":["GET"]}}],"collection":[{"href":"https:\/\/jafep.com\/fr\/wp-json\/wp\/v2\/pages"}],"about":[{"href":"https:\/\/jafep.com\/fr\/wp-json\/wp\/v2\/types\/page"}],"author":[{"embeddable":true,"href":"https:\/\/jafep.com\/fr\/wp-json\/wp\/v2\/users\/1"}],"replies":[{"embeddable":true,"href":"https:\/\/jafep.com\/fr\/wp-json\/wp\/v2\/comments?post=81751"}],"version-history":[{"count":5,"href":"https:\/\/jafep.com\/fr\/wp-json\/wp\/v2\/pages\/81751\/revisions"}],"predecessor-version":[{"id":84841,"href":"https:\/\/jafep.com\/fr\/wp-json\/wp\/v2\/pages\/81751\/revisions\/84841"}],"wp:attachment":[{"href":"https:\/\/jafep.com\/fr\/wp-json\/wp\/v2\/media?parent=81751"}],"curies":[{"name":"wp","href":"https:\/\/api.w.org\/{rel}","templated":true}]}}