{"id":9799,"date":"2020-10-08T09:52:36","date_gmt":"2020-10-08T09:52:36","guid":{"rendered":"https:\/\/jafep.com\/?post_type=product&#038;p=9799"},"modified":"2025-10-27T18:34:41","modified_gmt":"2025-10-27T17:34:41","slug":"finium-fn-915","status":"publish","type":"product","link":"https:\/\/jafep.com\/en\/producto\/finium-fn-915\/","title":{"rendered":"Finium JFN 915-M"},"content":{"rendered":"<p>Finium JFN 915-M es una pintura vin\u00edlica de alta calidad con un excelente acabado en interiores, con muy buena facilidad de aplicaci\u00f3n que disimula los repasos, no salpica ni gotea y proporciona un acabado mate extra profundo y una excelente cubrici\u00f3n.<\/p>\n","protected":false},"excerpt":{"rendered":"<p>Finium JFN 915-M es una pintura vin\u00edlica de alta calidad con un excelente acabado en interiores, con muy buena facilidad de aplicaci\u00f3n que disimula los repasos, no salpica ni gotea y proporciona un acabado mate extra profundo y una excelente cubrici\u00f3n.<\/p>\n","protected":false},"featured_media":82992,"comment_status":"closed","ping_status":"closed","template":"","meta":{"_acf_changed":false,"_links_to":"","_links_to_target":""},"product_brand":[],"product_cat":[1267,28],"product_tag":[],"class_list":{"0":"post-9799","1":"product","2":"type-product","3":"status-publish","4":"has-post-thumbnail","6":"product_cat-finium","7":"product_cat-pinturas-plasticas","8":"pa_formatos-15-l","9":"pa_formatos-4-l","10":"pa_herramientas-airless","11":"pa_herramientas-brocha","12":"pa_herramientas-pistola","13":"pa_herramientas-rodillo","14":"pa_iconos-38-rendimiento-de-10-15-m2l","15":"pa_iconos-extra-mate-85o","16":"pa_iconos-base-agua","17":"pa_iconos-brocha-rodillo-pistola","18":"pa_iconos-conservante-antimoho-sitema-atmh","19":"pa_iconos-exterior-interior","20":"pa_iconos-extra-mate-profundo","21":"pa_iconos-lavabilidad-nivel-1","22":"pa_iconos-mate5","24":"first","25":"instock","26":"shipping-taxable","27":"product-type-simple"},"acf":[],"_links":{"self":[{"href":"https:\/\/jafep.com\/en\/wp-json\/wp\/v2\/product\/9799","targetHints":{"allow":["GET"]}}],"collection":[{"href":"https:\/\/jafep.com\/en\/wp-json\/wp\/v2\/product"}],"about":[{"href":"https:\/\/jafep.com\/en\/wp-json\/wp\/v2\/types\/product"}],"replies":[{"embeddable":true,"href":"https:\/\/jafep.com\/en\/wp-json\/wp\/v2\/comments?post=9799"}],"wp:featuredmedia":[{"embeddable":true,"href":"https:\/\/jafep.com\/en\/wp-json\/wp\/v2\/media\/82992"}],"wp:attachment":[{"href":"https:\/\/jafep.com\/en\/wp-json\/wp\/v2\/media?parent=9799"}],"wp:term":[{"taxonomy":"product_brand","embeddable":true,"href":"https:\/\/jafep.com\/en\/wp-json\/wp\/v2\/product_brand?post=9799"},{"taxonomy":"product_cat","embeddable":true,"href":"https:\/\/jafep.com\/en\/wp-json\/wp\/v2\/product_cat?post=9799"},{"taxonomy":"product_tag","embeddable":true,"href":"https:\/\/jafep.com\/en\/wp-json\/wp\/v2\/product_tag?post=9799"}],"curies":[{"name":"wp","href":"https:\/\/api.w.org\/{rel}","templated":true}]}}