{"id":9412,"date":"2020-10-22T13:58:43","date_gmt":"2020-10-22T13:58:43","guid":{"rendered":"https:\/\/jafep.com\/?post_type=product&#038;p=9412"},"modified":"2025-03-31T14:00:08","modified_gmt":"2025-03-31T14:00:08","slug":"masilla-tapagrietas","status":"publish","type":"product","link":"https:\/\/jafep.com\/en\/producto\/masilla-tapagrietas\/","title":{"rendered":"Masilla Tapagrietas"},"content":{"rendered":"<p>Masilla base agua de f\u00e1cil aplicaci\u00f3n y secado r\u00e1pido. Ideal para rellenar y reparar grietas, fisuras, agujeros y hendiduras en paredes techos y molduras. No se contrae ni se fisura. <\/p>\n","protected":false},"excerpt":{"rendered":"<p>Masilla Base agua de f\u00e1cil aplicaci\u00f3n y secado r\u00e1pido. <\/p>\n","protected":false},"featured_media":83152,"comment_status":"closed","ping_status":"closed","template":"","meta":{"_acf_changed":false,"_links_to":"","_links_to_target":""},"product_brand":[],"product_cat":[70],"product_tag":[],"class_list":{"0":"post-9412","1":"product","2":"type-product","3":"status-publish","4":"has-post-thumbnail","6":"product_cat-masillas-y-plastes","7":"pa_herramientas-espatula-flexible","8":"pa_herramientas-llana","9":"pa_iconos-base-agua","10":"pa_iconos-producto-al-agua","12":"first","13":"instock","14":"shipping-taxable","15":"product-type-simple"},"acf":[],"_links":{"self":[{"href":"https:\/\/jafep.com\/en\/wp-json\/wp\/v2\/product\/9412","targetHints":{"allow":["GET"]}}],"collection":[{"href":"https:\/\/jafep.com\/en\/wp-json\/wp\/v2\/product"}],"about":[{"href":"https:\/\/jafep.com\/en\/wp-json\/wp\/v2\/types\/product"}],"replies":[{"embeddable":true,"href":"https:\/\/jafep.com\/en\/wp-json\/wp\/v2\/comments?post=9412"}],"wp:featuredmedia":[{"embeddable":true,"href":"https:\/\/jafep.com\/en\/wp-json\/wp\/v2\/media\/83152"}],"wp:attachment":[{"href":"https:\/\/jafep.com\/en\/wp-json\/wp\/v2\/media?parent=9412"}],"wp:term":[{"taxonomy":"product_brand","embeddable":true,"href":"https:\/\/jafep.com\/en\/wp-json\/wp\/v2\/product_brand?post=9412"},{"taxonomy":"product_cat","embeddable":true,"href":"https:\/\/jafep.com\/en\/wp-json\/wp\/v2\/product_cat?post=9412"},{"taxonomy":"product_tag","embeddable":true,"href":"https:\/\/jafep.com\/en\/wp-json\/wp\/v2\/product_tag?post=9412"}],"curies":[{"name":"wp","href":"https:\/\/api.w.org\/{rel}","templated":true}]}}