{"id":9410,"date":"2020-05-15T17:45:38","date_gmt":"2020-05-15T17:45:38","guid":{"rendered":"https:\/\/jafep.com\/?post_type=product&#038;p=9410"},"modified":"2025-12-31T17:29:32","modified_gmt":"2025-12-31T16:29:32","slug":"protector-antioxidante","status":"publish","type":"product","link":"https:\/\/jafep.com\/en\/producto\/protector-antioxidante\/","title":{"rendered":"Protector Antioxidante del Efecto \u00d3xido Jafep"},"content":{"rendered":"<p>Protector incoloro al agua a base de resinas acr\u00edlicas y filtros solares de aspecto mate que forma parte del sistema Efecto \u00d3xido Jafep. Se aplica en \u00faltimo lugar como capa protectora manteniendo el aspecto oxidado protegiendo del agua, sol e intemperie.<\/p>\n<p>Forma parte del Sistema Efecto \u00d3xido Jafep y es usado conjuntamente con los productos <strong>Imprimaci\u00f3n Multiusos al Agua color Gris<\/strong>, <strong>Base F\u00e9rrica<\/strong> y <strong>Acelerador de \u00d3xido.<\/strong><\/p>\n","protected":false},"excerpt":{"rendered":"<p>Protector incoloro al agua a base de resinas acr\u00edlicas y filtros solares.<\/p>\n","protected":false},"featured_media":83684,"comment_status":"closed","ping_status":"closed","template":"","meta":{"_acf_changed":false,"_links_to":"","_links_to_target":""},"product_brand":[],"product_cat":[60,9],"product_tag":[],"class_list":{"0":"post-9410","1":"product","2":"type-product","3":"status-publish","4":"has-post-thumbnail","6":"product_cat-acabados","7":"product_cat-alta-decoracion","8":"pa_herramientas-brocha","9":"pa_herramientas-pincel","10":"pa_herramientas-rodillo","11":"pa_iconos-base-agua","12":"pa_iconos-brocha-rodillo-pistola","13":"pa_iconos-exterior-interior","14":"pa_iconos-producto-al-agua","16":"first","17":"instock","18":"shipping-taxable","19":"product-type-simple"},"acf":[],"_links":{"self":[{"href":"https:\/\/jafep.com\/en\/wp-json\/wp\/v2\/product\/9410","targetHints":{"allow":["GET"]}}],"collection":[{"href":"https:\/\/jafep.com\/en\/wp-json\/wp\/v2\/product"}],"about":[{"href":"https:\/\/jafep.com\/en\/wp-json\/wp\/v2\/types\/product"}],"replies":[{"embeddable":true,"href":"https:\/\/jafep.com\/en\/wp-json\/wp\/v2\/comments?post=9410"}],"wp:featuredmedia":[{"embeddable":true,"href":"https:\/\/jafep.com\/en\/wp-json\/wp\/v2\/media\/83684"}],"wp:attachment":[{"href":"https:\/\/jafep.com\/en\/wp-json\/wp\/v2\/media?parent=9410"}],"wp:term":[{"taxonomy":"product_brand","embeddable":true,"href":"https:\/\/jafep.com\/en\/wp-json\/wp\/v2\/product_brand?post=9410"},{"taxonomy":"product_cat","embeddable":true,"href":"https:\/\/jafep.com\/en\/wp-json\/wp\/v2\/product_cat?post=9410"},{"taxonomy":"product_tag","embeddable":true,"href":"https:\/\/jafep.com\/en\/wp-json\/wp\/v2\/product_tag?post=9410"}],"curies":[{"name":"wp","href":"https:\/\/api.w.org\/{rel}","templated":true}]}}