{"id":9409,"date":"2020-05-15T17:46:04","date_gmt":"2020-05-15T17:46:04","guid":{"rendered":"https:\/\/jafep.com\/?post_type=product&#038;p=9409"},"modified":"2025-12-31T17:27:28","modified_gmt":"2025-12-31T16:27:28","slug":"acelerador-de-oxido-del-efecto-oxido-jafep","status":"publish","type":"product","link":"https:\/\/jafep.com\/en\/producto\/acelerador-de-oxido-del-efecto-oxido-jafep\/","title":{"rendered":"Acelerador de \u00d3xido del Efecto \u00d3xido Jafep"},"content":{"rendered":"<p>El <b>Acelerador de \u00d3xido<\/b> es el componente l\u00edquido en base acuosa capaz de generar \u00f3xido cuando es aplicado sobre la capa seca de la <b>Base F\u00e9rrica<\/b> o un metal no tratado. Forma parte del Sistema Efecto \u00d3xido Jafep y es usado conjuntamente con los productos <b>Imprimaci\u00f3n Multiusos al Agua color Gris<\/b>, <b>Base F\u00e9rrica <\/b>y <b>Protector Antioxidante<\/b>.<\/p>\n","protected":false},"excerpt":{"rendered":"<p>L\u00edquido generador del Efecto \u00d3xido cuando es aplicado sobre la capa seca de la\u00a0Base F\u00e9rrica del Sistema Efecto \u00d3xido Jafep.<\/p>\n","protected":false},"featured_media":83680,"comment_status":"closed","ping_status":"closed","template":"","meta":{"_acf_changed":false,"_links_to":"","_links_to_target":""},"product_brand":[],"product_cat":[60,9],"product_tag":[],"class_list":{"0":"post-9409","1":"product","2":"type-product","3":"status-publish","4":"has-post-thumbnail","6":"product_cat-acabados","7":"product_cat-alta-decoracion","8":"pa_herramientas-brocha","9":"pa_herramientas-pincel","10":"pa_herramientas-rodillo","11":"pa_iconos-base-agua","12":"pa_iconos-brocha-rodillo-pistola","13":"pa_iconos-exterior-interior","14":"pa_iconos-producto-al-agua","16":"first","17":"instock","18":"shipping-taxable","19":"product-type-simple"},"acf":[],"_links":{"self":[{"href":"https:\/\/jafep.com\/en\/wp-json\/wp\/v2\/product\/9409","targetHints":{"allow":["GET"]}}],"collection":[{"href":"https:\/\/jafep.com\/en\/wp-json\/wp\/v2\/product"}],"about":[{"href":"https:\/\/jafep.com\/en\/wp-json\/wp\/v2\/types\/product"}],"replies":[{"embeddable":true,"href":"https:\/\/jafep.com\/en\/wp-json\/wp\/v2\/comments?post=9409"}],"wp:featuredmedia":[{"embeddable":true,"href":"https:\/\/jafep.com\/en\/wp-json\/wp\/v2\/media\/83680"}],"wp:attachment":[{"href":"https:\/\/jafep.com\/en\/wp-json\/wp\/v2\/media?parent=9409"}],"wp:term":[{"taxonomy":"product_brand","embeddable":true,"href":"https:\/\/jafep.com\/en\/wp-json\/wp\/v2\/product_brand?post=9409"},{"taxonomy":"product_cat","embeddable":true,"href":"https:\/\/jafep.com\/en\/wp-json\/wp\/v2\/product_cat?post=9409"},{"taxonomy":"product_tag","embeddable":true,"href":"https:\/\/jafep.com\/en\/wp-json\/wp\/v2\/product_tag?post=9409"}],"curies":[{"name":"wp","href":"https:\/\/api.w.org\/{rel}","templated":true}]}}