{"id":9407,"date":"2020-05-15T17:45:06","date_gmt":"2020-05-15T17:45:06","guid":{"rendered":"https:\/\/jafep.com\/?post_type=product&#038;p=9407"},"modified":"2025-12-12T18:58:19","modified_gmt":"2025-12-12T17:58:19","slug":"base-ferrica-del-efecto-oxido-jafep","status":"publish","type":"product","link":"https:\/\/jafep.com\/en\/producto\/base-ferrica-del-efecto-oxido-jafep\/","title":{"rendered":"Base F\u00e9rrica del Efecto \u00d3xido Jafep"},"content":{"rendered":"<p>Recubrimiento f\u00e9rrico en base acuosa con part\u00edculas de hierro que se emplea sobre multitud de soportes. Usado conjuntamente con los productos <strong>Imprimaci\u00f3n Multiusos al Agua color Gris<\/strong>, <b>Acelerador de \u00d3xido<\/b> y el <b>Protector Antioxidante<\/b> confiere a cualquier superficie un efecto de metal oxidado.<\/p>\n<p>&nbsp;<\/p>\n","protected":false},"excerpt":{"rendered":"<p>Base con resinas al agua y part\u00edculas ferrosas<\/p>\n","protected":false},"featured_media":83688,"comment_status":"closed","ping_status":"closed","template":"","meta":{"_acf_changed":false,"_links_to":"","_links_to_target":""},"product_brand":[],"product_cat":[9,204,99],"product_tag":[],"class_list":{"0":"post-9407","1":"product","2":"type-product","3":"status-publish","4":"has-post-thumbnail","6":"product_cat-alta-decoracion","7":"product_cat-efecto-oxidado","8":"product_cat-metal","9":"pa_herramientas-brocha","10":"pa_herramientas-pincel","11":"pa_herramientas-rodillo","12":"pa_iconos-base-agua","13":"pa_iconos-brocha-rodillo-pistola","14":"pa_iconos-exterior-interior","15":"pa_iconos-producto-al-agua","17":"first","18":"instock","19":"shipping-taxable","20":"product-type-simple"},"acf":[],"_links":{"self":[{"href":"https:\/\/jafep.com\/en\/wp-json\/wp\/v2\/product\/9407","targetHints":{"allow":["GET"]}}],"collection":[{"href":"https:\/\/jafep.com\/en\/wp-json\/wp\/v2\/product"}],"about":[{"href":"https:\/\/jafep.com\/en\/wp-json\/wp\/v2\/types\/product"}],"replies":[{"embeddable":true,"href":"https:\/\/jafep.com\/en\/wp-json\/wp\/v2\/comments?post=9407"}],"wp:featuredmedia":[{"embeddable":true,"href":"https:\/\/jafep.com\/en\/wp-json\/wp\/v2\/media\/83688"}],"wp:attachment":[{"href":"https:\/\/jafep.com\/en\/wp-json\/wp\/v2\/media?parent=9407"}],"wp:term":[{"taxonomy":"product_brand","embeddable":true,"href":"https:\/\/jafep.com\/en\/wp-json\/wp\/v2\/product_brand?post=9407"},{"taxonomy":"product_cat","embeddable":true,"href":"https:\/\/jafep.com\/en\/wp-json\/wp\/v2\/product_cat?post=9407"},{"taxonomy":"product_tag","embeddable":true,"href":"https:\/\/jafep.com\/en\/wp-json\/wp\/v2\/product_tag?post=9407"}],"curies":[{"name":"wp","href":"https:\/\/api.w.org\/{rel}","templated":true}]}}