{"id":9397,"date":"2020-05-27T14:21:32","date_gmt":"2020-05-27T14:21:32","guid":{"rendered":"https:\/\/jafep.com\/?post_type=product&#038;p=9397"},"modified":"2026-01-08T08:37:52","modified_gmt":"2026-01-08T07:37:52","slug":"nuevo-microcemento-listo-al-uso","status":"publish","type":"product","link":"https:\/\/jafep.com\/en\/producto\/nuevo-microcemento-listo-al-uso\/","title":{"rendered":"Microcemento Listo al uso"},"content":{"rendered":"<p>El Microcemento Listo al uso es un revestimiento decorativo formulado con resinas acr\u00edlicas, \u00e1ridos y minerales de granulometr\u00eda seleccionada, adem\u00e1s de aditivos resistentes a los UV. Gracias a su cuidada formulaci\u00f3n permite ejecutar grandes superficies sin la aparici\u00f3n de fisuras. Preparado y listo para usar.<br \/>\nSe puede usar tanto en interior como en exterior, para regularizaci\u00f3n de los soportes se usa el Nuevo Microcemento de Regulaci\u00f3n Listo al uso y posteriormente se aplica el Nuevo Microcemento listo al uso. Sobre superficies irregulares o suelos, azulejos y baldosas.<br \/>\nCon el Microcemento listo al uso conseguir\u00e1 un acabado de microcemento muy est\u00e9tico y con una dureza y desgaste a la abrasi\u00f3n superior a la del microcemento fino tradicional. Por su facilidad en la aplicaci\u00f3n, no necesita una gran experiencia y tampoco m\u00e1quinas, herramientas o envases de mezclado, ya que es un \u00fanico producto en un solo envase.<\/p>\n","protected":false},"excerpt":{"rendered":"<p>Nuevo Microcemento Listo al uso<\/p>\n","protected":false},"featured_media":83797,"comment_status":"closed","ping_status":"closed","template":"","meta":{"_acf_changed":false,"_links_to":"","_links_to_target":""},"product_brand":[],"product_cat":[60,9],"product_tag":[],"class_list":{"0":"post-9397","1":"product","2":"type-product","3":"status-publish","4":"has-post-thumbnail","6":"product_cat-acabados","7":"product_cat-alta-decoracion","8":"pa_formatos-20-kg","9":"pa_formatos-5-kg","10":"pa_iconos-5-5-m2-kg-capa","11":"pa_iconos-mate-60o","12":"pa_iconos-base-agua","13":"pa_iconos-brillante-satinado-mate","14":"pa_iconos-carta-colores","15":"pa_iconos-interior","16":"pa_iconos-listo-al-uso","17":"pa_iconos-multicolor","19":"first","20":"instock","21":"shipping-taxable","22":"product-type-simple"},"acf":[],"_links":{"self":[{"href":"https:\/\/jafep.com\/en\/wp-json\/wp\/v2\/product\/9397","targetHints":{"allow":["GET"]}}],"collection":[{"href":"https:\/\/jafep.com\/en\/wp-json\/wp\/v2\/product"}],"about":[{"href":"https:\/\/jafep.com\/en\/wp-json\/wp\/v2\/types\/product"}],"replies":[{"embeddable":true,"href":"https:\/\/jafep.com\/en\/wp-json\/wp\/v2\/comments?post=9397"}],"wp:featuredmedia":[{"embeddable":true,"href":"https:\/\/jafep.com\/en\/wp-json\/wp\/v2\/media\/83797"}],"wp:attachment":[{"href":"https:\/\/jafep.com\/en\/wp-json\/wp\/v2\/media?parent=9397"}],"wp:term":[{"taxonomy":"product_brand","embeddable":true,"href":"https:\/\/jafep.com\/en\/wp-json\/wp\/v2\/product_brand?post=9397"},{"taxonomy":"product_cat","embeddable":true,"href":"https:\/\/jafep.com\/en\/wp-json\/wp\/v2\/product_cat?post=9397"},{"taxonomy":"product_tag","embeddable":true,"href":"https:\/\/jafep.com\/en\/wp-json\/wp\/v2\/product_tag?post=9397"}],"curies":[{"name":"wp","href":"https:\/\/api.w.org\/{rel}","templated":true}]}}