{"id":9392,"date":"2023-05-02T08:12:50","date_gmt":"2023-05-02T08:12:50","guid":{"rendered":"https:\/\/jafep.com\/?post_type=product&#038;p=9392"},"modified":"2026-01-08T08:36:29","modified_gmt":"2026-01-08T07:36:29","slug":"nuevo-microcemento-de-regulacion-listo-al-uso","status":"publish","type":"product","link":"https:\/\/jafep.com\/en\/producto\/nuevo-microcemento-de-regulacion-listo-al-uso\/","title":{"rendered":"Microcemento de Regulaci\u00f3n Listo al uso"},"content":{"rendered":"<p>El Microcemento de Regulaci\u00f3n es un revestimiento decorativo formulado con resinas acr\u00edlicas, \u00e1ridos y minerales de granulometr\u00eda seleccionada, adem\u00e1s de aditivos resistentes a los UV. Gracias a su cuidada formulaci\u00f3n permite ejecutar grandes superficies sin la aparici\u00f3n de fisuras. Preparado y listo para usar.<br \/>\nSe puede usar tanto en interior como en exterior, para regularizaci\u00f3n de los soportes y preparaci\u00f3n para la posterior aplicaci\u00f3n del Nuevo Microcemento listo al uso. Sobre superficies irregulares o suelos, azulejos y baldosas.<\/p>\n","protected":false},"excerpt":{"rendered":"<p>Nuevo Microcemento de Regulaci\u00f3n<\/p>\n","protected":false},"featured_media":83749,"comment_status":"closed","ping_status":"closed","template":"","meta":{"_acf_changed":false,"_links_to":"","_links_to_target":""},"product_brand":[],"product_cat":[60,9],"product_tag":[],"class_list":{"0":"post-9392","1":"product","2":"type-product","3":"status-publish","4":"has-post-thumbnail","6":"product_cat-acabados","7":"product_cat-alta-decoracion","8":"pa_formatos-20-kg","9":"pa_formatos-5-kg","10":"pa_iconos-mate-60o","11":"pa_iconos-base-agua","12":"pa_iconos-interior","14":"first","15":"instock","16":"shipping-taxable","17":"product-type-simple"},"acf":[],"_links":{"self":[{"href":"https:\/\/jafep.com\/en\/wp-json\/wp\/v2\/product\/9392","targetHints":{"allow":["GET"]}}],"collection":[{"href":"https:\/\/jafep.com\/en\/wp-json\/wp\/v2\/product"}],"about":[{"href":"https:\/\/jafep.com\/en\/wp-json\/wp\/v2\/types\/product"}],"replies":[{"embeddable":true,"href":"https:\/\/jafep.com\/en\/wp-json\/wp\/v2\/comments?post=9392"}],"wp:featuredmedia":[{"embeddable":true,"href":"https:\/\/jafep.com\/en\/wp-json\/wp\/v2\/media\/83749"}],"wp:attachment":[{"href":"https:\/\/jafep.com\/en\/wp-json\/wp\/v2\/media?parent=9392"}],"wp:term":[{"taxonomy":"product_brand","embeddable":true,"href":"https:\/\/jafep.com\/en\/wp-json\/wp\/v2\/product_brand?post=9392"},{"taxonomy":"product_cat","embeddable":true,"href":"https:\/\/jafep.com\/en\/wp-json\/wp\/v2\/product_cat?post=9392"},{"taxonomy":"product_tag","embeddable":true,"href":"https:\/\/jafep.com\/en\/wp-json\/wp\/v2\/product_tag?post=9392"}],"curies":[{"name":"wp","href":"https:\/\/api.w.org\/{rel}","templated":true}]}}