{"id":9139,"date":"2019-09-06T10:54:10","date_gmt":"2019-09-06T10:54:10","guid":{"rendered":"https:\/\/jafep.com\/?post_type=product&#038;p=9139"},"modified":"2025-04-02T06:37:30","modified_gmt":"2025-04-02T06:37:30","slug":"espray-esmalte-sintetico-secado-rapido","status":"publish","type":"product","link":"https:\/\/jafep.com\/en\/producto\/espray-esmalte-sintetico-secado-rapido\/","title":{"rendered":"Espray Esmalte Sint\u00e9tico de secado r\u00e1pido"},"content":{"rendered":"<p>El Espray Esmalte Sint\u00e9tico de secado r\u00e1pido es un esmalte sint\u00e9tico de terminaci\u00f3n, de r\u00e1pido secado y alta adherencia, para el pintado de superficies donde se busque un acabado resistente y duradero. No contiene plomo. <\/p>\n","protected":false},"excerpt":{"rendered":"<p>El Espray Esmalte Sint\u00e9tico de secado r\u00e1pido es un esmalte sint\u00e9tico de terminaci\u00f3n, de r\u00e1pido secado y alta adherencia, para el pintado de superficies donde se busque un acabado resistente y duradero. No contiene plomo.<\/p>\n","protected":false},"featured_media":82947,"comment_status":"closed","ping_status":"closed","template":"","meta":{"_acf_changed":false,"_links_to":"","_links_to_target":""},"product_brand":[],"product_cat":[41,27],"product_tag":[],"class_list":{"0":"post-9139","1":"product","2":"type-product","3":"status-publish","4":"has-post-thumbnail","6":"product_cat-esmaltes-especiales","7":"product_cat-esmaltes-imprimaciones-y-selladoras","8":"pa_formatos-400-ml","9":"pa_iconos-brillante-satinado-mate","10":"pa_iconos-exterior-interior","12":"first","13":"instock","14":"shipping-taxable","15":"product-type-simple"},"acf":[],"_links":{"self":[{"href":"https:\/\/jafep.com\/en\/wp-json\/wp\/v2\/product\/9139","targetHints":{"allow":["GET"]}}],"collection":[{"href":"https:\/\/jafep.com\/en\/wp-json\/wp\/v2\/product"}],"about":[{"href":"https:\/\/jafep.com\/en\/wp-json\/wp\/v2\/types\/product"}],"replies":[{"embeddable":true,"href":"https:\/\/jafep.com\/en\/wp-json\/wp\/v2\/comments?post=9139"}],"wp:featuredmedia":[{"embeddable":true,"href":"https:\/\/jafep.com\/en\/wp-json\/wp\/v2\/media\/82947"}],"wp:attachment":[{"href":"https:\/\/jafep.com\/en\/wp-json\/wp\/v2\/media?parent=9139"}],"wp:term":[{"taxonomy":"product_brand","embeddable":true,"href":"https:\/\/jafep.com\/en\/wp-json\/wp\/v2\/product_brand?post=9139"},{"taxonomy":"product_cat","embeddable":true,"href":"https:\/\/jafep.com\/en\/wp-json\/wp\/v2\/product_cat?post=9139"},{"taxonomy":"product_tag","embeddable":true,"href":"https:\/\/jafep.com\/en\/wp-json\/wp\/v2\/product_tag?post=9139"}],"curies":[{"name":"wp","href":"https:\/\/api.w.org\/{rel}","templated":true}]}}