{"id":9056,"date":"2019-08-08T11:28:40","date_gmt":"2019-08-08T11:28:40","guid":{"rendered":"https:\/\/jafep.com\/?post_type=product&#038;p=9056"},"modified":"2025-04-02T06:45:53","modified_gmt":"2025-04-02T06:45:53","slug":"esmalte-acrilico-acrimar-metalizado","status":"publish","type":"product","link":"https:\/\/jafep.com\/en\/producto\/esmalte-acrilico-acrimar-metalizado\/","title":{"rendered":"Esmalte Acr\u00edlico Acrimar Metalizado"},"content":{"rendered":"<p>Esmalte acr\u00edlico al agua de f\u00e1cil aplicaci\u00f3n y muy buena nivelaci\u00f3n. Lavable, con muy alta cubrici\u00f3n, inodoro e ininflamable. Ofrece una extraordinaria dureza y resistencia al roce. Posee un acabado metalizado. <\/p>\n","protected":false},"excerpt":{"rendered":"<p>Esmalte acr\u00edlico en base agua. <\/p>\n","protected":false},"featured_media":82932,"comment_status":"closed","ping_status":"closed","template":"","meta":{"_acf_changed":false,"_links_to":"","_links_to_target":""},"product_brand":[],"product_cat":[38,27],"product_tag":[],"class_list":{"0":"post-9056","1":"product","2":"type-product","3":"status-publish","4":"has-post-thumbnail","6":"product_cat-esmaltes-decoracion","7":"product_cat-esmaltes-imprimaciones-y-selladoras","8":"pa_formatos-250ml","9":"pa_formatos-750-ml","10":"pa_herramientas-airless","11":"pa_herramientas-brocha","12":"pa_herramientas-pistola","13":"pa_herramientas-rodillo","14":"pa_iconos-rendimiento-12-14-m2","15":"pa_iconos-a-mas","16":"pa_iconos-base-agua","17":"pa_iconos-basep","18":"pa_iconos-brillante-satinado-mate","19":"pa_iconos-brocha-rodillo-pistola","20":"pa_iconos-exterior-interior","21":"pa_iconos-producto-al-agua","22":"pa_iconos-b-s1d0","24":"first","25":"instock","26":"shipping-taxable","27":"product-type-simple"},"acf":[],"_links":{"self":[{"href":"https:\/\/jafep.com\/en\/wp-json\/wp\/v2\/product\/9056","targetHints":{"allow":["GET"]}}],"collection":[{"href":"https:\/\/jafep.com\/en\/wp-json\/wp\/v2\/product"}],"about":[{"href":"https:\/\/jafep.com\/en\/wp-json\/wp\/v2\/types\/product"}],"replies":[{"embeddable":true,"href":"https:\/\/jafep.com\/en\/wp-json\/wp\/v2\/comments?post=9056"}],"wp:featuredmedia":[{"embeddable":true,"href":"https:\/\/jafep.com\/en\/wp-json\/wp\/v2\/media\/82932"}],"wp:attachment":[{"href":"https:\/\/jafep.com\/en\/wp-json\/wp\/v2\/media?parent=9056"}],"wp:term":[{"taxonomy":"product_brand","embeddable":true,"href":"https:\/\/jafep.com\/en\/wp-json\/wp\/v2\/product_brand?post=9056"},{"taxonomy":"product_cat","embeddable":true,"href":"https:\/\/jafep.com\/en\/wp-json\/wp\/v2\/product_cat?post=9056"},{"taxonomy":"product_tag","embeddable":true,"href":"https:\/\/jafep.com\/en\/wp-json\/wp\/v2\/product_tag?post=9056"}],"curies":[{"name":"wp","href":"https:\/\/api.w.org\/{rel}","templated":true}]}}