{"id":8989,"date":"2019-07-15T11:54:26","date_gmt":"2019-07-15T11:54:26","guid":{"rendered":"https:\/\/jafep.com\/?post_type=product&#038;p=8989"},"modified":"2025-10-17T19:30:15","modified_gmt":"2025-10-17T17:30:15","slug":"pintura-plastica-simplex-jsx-505-m","status":"publish","type":"product","link":"https:\/\/jafep.com\/en\/producto\/pintura-plastica-simplex-jsx-505-m\/","title":{"rendered":"Pintura Pl\u00e1stica Simplex JSX-505-M"},"content":{"rendered":"<p>La innovadora formulaci\u00f3n de la gama Simplex facilita la aplicaci\u00f3n del producto mediante propiedades tenso-din\u00e1micas que cooperan en la mejor nivelaci\u00f3n, aumentando la maticidad y evitando el salpicado. JSX-505-M es una pintura vin\u00edlica de agradable tacto y aplicaci\u00f3n, lavable y de muy buena cubrici\u00f3n.<\/p>\n","protected":false},"excerpt":{"rendered":"<p>Pintura pl\u00e1stica muy mate<\/p>\n","protected":false},"featured_media":82927,"comment_status":"closed","ping_status":"closed","template":"","meta":{"_acf_changed":false,"_links_to":"","_links_to_target":""},"product_brand":[],"product_cat":[28,1271],"product_tag":[],"class_list":{"0":"post-8989","1":"product","2":"type-product","3":"status-publish","4":"has-post-thumbnail","6":"product_cat-pinturas-plasticas","7":"product_cat-simplex","8":"pa_formatos-15-l","9":"pa_formatos-4l","10":"pa_formatos-750ml","11":"pa_herramientas-airless","12":"pa_herramientas-brocha","13":"pa_herramientas-pistola","14":"pa_herramientas-rodillo","15":"pa_iconos-mate-60o","16":"pa_iconos-base-agua","17":"pa_iconos-conservante-antimoho-sitema-atmh","18":"pa_iconos-exterior-interior","19":"pa_iconos-lavabilidad-nivel-3","20":"pa_iconos-mate-profundo","21":"pa_iconos-mate4-5","22":"pa_iconos-rendimiento-7-9-m2l","24":"first","25":"instock","26":"shipping-taxable","27":"product-type-simple"},"acf":[],"_links":{"self":[{"href":"https:\/\/jafep.com\/en\/wp-json\/wp\/v2\/product\/8989","targetHints":{"allow":["GET"]}}],"collection":[{"href":"https:\/\/jafep.com\/en\/wp-json\/wp\/v2\/product"}],"about":[{"href":"https:\/\/jafep.com\/en\/wp-json\/wp\/v2\/types\/product"}],"replies":[{"embeddable":true,"href":"https:\/\/jafep.com\/en\/wp-json\/wp\/v2\/comments?post=8989"}],"wp:featuredmedia":[{"embeddable":true,"href":"https:\/\/jafep.com\/en\/wp-json\/wp\/v2\/media\/82927"}],"wp:attachment":[{"href":"https:\/\/jafep.com\/en\/wp-json\/wp\/v2\/media?parent=8989"}],"wp:term":[{"taxonomy":"product_brand","embeddable":true,"href":"https:\/\/jafep.com\/en\/wp-json\/wp\/v2\/product_brand?post=8989"},{"taxonomy":"product_cat","embeddable":true,"href":"https:\/\/jafep.com\/en\/wp-json\/wp\/v2\/product_cat?post=8989"},{"taxonomy":"product_tag","embeddable":true,"href":"https:\/\/jafep.com\/en\/wp-json\/wp\/v2\/product_tag?post=8989"}],"curies":[{"name":"wp","href":"https:\/\/api.w.org\/{rel}","templated":true}]}}