{"id":8838,"date":"2019-04-11T14:51:22","date_gmt":"2019-04-11T14:51:22","guid":{"rendered":"https:\/\/jafep.com\/?post_type=product&#038;p=8838"},"modified":"2025-05-06T10:28:34","modified_gmt":"2025-05-06T10:28:34","slug":"fondo-morteros-acrilicos","status":"publish","type":"product","link":"https:\/\/jafep.com\/en\/producto\/fondo-morteros-acrilicos\/","title":{"rendered":"P\u00e9trex 5 Fondo para Morteros"},"content":{"rendered":"<p>Impregnaci\u00f3n penetrante acr\u00edlica de part\u00edcula muy fina. Principalmente dise\u00f1ada como fondo para mejorar la adherencia y la aplicabilidad antes de la aplicaci\u00f3n del mortero de acabado, gracias a sus m\u00e1rmoles finamente molidos. Ayuda a mejorar la cubrici\u00f3n y a impermeabilizar.. <\/p>\n","protected":false},"excerpt":{"rendered":"<p>Impregnaci\u00f3n penetrante acr\u00edlica de part\u00edcula muy fina. Principalmente dise\u00f1ada como fondo para mejorar la adherencia y la aplicabilidad antes de la aplicaci\u00f3n del mortero de acabado, gracias a sus m\u00e1rmoles finamente molidos. Ayuda a mejorar la cubrici\u00f3n y a impermeabilizar..<\/p>\n","protected":false},"featured_media":82922,"comment_status":"closed","ping_status":"closed","template":"","meta":{"_acf_changed":false,"_links_to":"","_links_to_target":""},"product_brand":[],"product_cat":[1277,836],"product_tag":[],"class_list":{"0":"post-8838","1":"product","2":"type-product","3":"status-publish","4":"has-post-thumbnail","6":"product_cat-morteros-acrilicos","7":"product_cat-revestimientos","8":"pa_formatos-20kg","9":"pa_herramientas-airless","10":"pa_herramientas-brocha","11":"pa_herramientas-pistola","12":"pa_herramientas-rodillo","13":"pa_iconos-base-agua","14":"pa_iconos-exterior","15":"pa_iconos-mate-texturado","16":"pa_iconos-rendimiento-5-8-m2-l","18":"first","19":"instock","20":"shipping-taxable","21":"product-type-simple"},"acf":[],"_links":{"self":[{"href":"https:\/\/jafep.com\/en\/wp-json\/wp\/v2\/product\/8838","targetHints":{"allow":["GET"]}}],"collection":[{"href":"https:\/\/jafep.com\/en\/wp-json\/wp\/v2\/product"}],"about":[{"href":"https:\/\/jafep.com\/en\/wp-json\/wp\/v2\/types\/product"}],"replies":[{"embeddable":true,"href":"https:\/\/jafep.com\/en\/wp-json\/wp\/v2\/comments?post=8838"}],"wp:featuredmedia":[{"embeddable":true,"href":"https:\/\/jafep.com\/en\/wp-json\/wp\/v2\/media\/82922"}],"wp:attachment":[{"href":"https:\/\/jafep.com\/en\/wp-json\/wp\/v2\/media?parent=8838"}],"wp:term":[{"taxonomy":"product_brand","embeddable":true,"href":"https:\/\/jafep.com\/en\/wp-json\/wp\/v2\/product_brand?post=8838"},{"taxonomy":"product_cat","embeddable":true,"href":"https:\/\/jafep.com\/en\/wp-json\/wp\/v2\/product_cat?post=8838"},{"taxonomy":"product_tag","embeddable":true,"href":"https:\/\/jafep.com\/en\/wp-json\/wp\/v2\/product_tag?post=8838"}],"curies":[{"name":"wp","href":"https:\/\/api.w.org\/{rel}","templated":true}]}}