{"id":8801,"date":"2019-04-02T15:57:07","date_gmt":"2019-04-02T15:57:07","guid":{"rendered":"https:\/\/jafep.com\/?post_type=product&#038;p=8801"},"modified":"2025-04-03T07:25:11","modified_gmt":"2025-04-03T07:25:11","slug":"pintura-plastica-mate-interior-p-d-tr-multicolor-300","status":"publish","type":"product","link":"https:\/\/jafep.com\/en\/producto\/pintura-plastica-mate-interior-p-d-tr-multicolor-300\/","title":{"rendered":"Pintura Pl\u00e1stica Mate -interior- P- D- TR &#8211; Multicolor 300"},"content":{"rendered":"<p>Pintura pl\u00e1stica acr\u00edlica de excelente calidad, especialmente dise\u00f1ada en tres bases: P, D y TR para los sistemas tintom\u00e9tricos Multicolor Jafep, para obtener acabados en diferentes tonos de color. Para todo tipo de trabajos de decoraci\u00f3n, restauraci\u00f3n y mantenimiento de interiores.<\/p>\n","protected":false},"excerpt":{"rendered":"<p>Pintura pl\u00e1stica acr\u00edlica de excelente calidad, especialmente dise\u00f1ada en tres bases: P, D y TR para los sistemas tintom\u00e9tricos Multicolor Jafep, para obtener acabados en diferentes tonos de color. Para todo tipo de trabajos de decoraci\u00f3n, restauraci\u00f3n y mantenimiento de interiores.<\/p>\n","protected":false},"featured_media":83700,"comment_status":"closed","ping_status":"closed","template":"","meta":{"_acf_changed":false,"_links_to":"","_links_to_target":""},"product_brand":[],"product_cat":[78,96,37],"product_tag":[],"class_list":{"0":"post-8801","1":"product","2":"type-product","3":"status-publish","4":"has-post-thumbnail","6":"product_cat-bases-sistema-multicolor","7":"product_cat-interiores","8":"product_cat-sistemas-tintometricos","9":"pa_formatos-15l","10":"pa_formatos-4l","11":"pa_formatos-750ml","12":"pa_herramientas-airless","13":"pa_herramientas-brocha","14":"pa_herramientas-pistola","15":"pa_herramientas-rodillo","16":"pa_iconos-rendimiento-8-10-m2l","17":"pa_iconos-mate-60o","18":"pa_iconos-base-agua","19":"pa_iconos-basep","20":"pa_iconos-basetr","21":"pa_iconos-interior","22":"pa_iconos-lavabilidad-nivel-2","24":"first","25":"instock","26":"shipping-taxable","27":"product-type-simple"},"acf":[],"_links":{"self":[{"href":"https:\/\/jafep.com\/en\/wp-json\/wp\/v2\/product\/8801","targetHints":{"allow":["GET"]}}],"collection":[{"href":"https:\/\/jafep.com\/en\/wp-json\/wp\/v2\/product"}],"about":[{"href":"https:\/\/jafep.com\/en\/wp-json\/wp\/v2\/types\/product"}],"replies":[{"embeddable":true,"href":"https:\/\/jafep.com\/en\/wp-json\/wp\/v2\/comments?post=8801"}],"wp:featuredmedia":[{"embeddable":true,"href":"https:\/\/jafep.com\/en\/wp-json\/wp\/v2\/media\/83700"}],"wp:attachment":[{"href":"https:\/\/jafep.com\/en\/wp-json\/wp\/v2\/media?parent=8801"}],"wp:term":[{"taxonomy":"product_brand","embeddable":true,"href":"https:\/\/jafep.com\/en\/wp-json\/wp\/v2\/product_brand?post=8801"},{"taxonomy":"product_cat","embeddable":true,"href":"https:\/\/jafep.com\/en\/wp-json\/wp\/v2\/product_cat?post=8801"},{"taxonomy":"product_tag","embeddable":true,"href":"https:\/\/jafep.com\/en\/wp-json\/wp\/v2\/product_tag?post=8801"}],"curies":[{"name":"wp","href":"https:\/\/api.w.org\/{rel}","templated":true}]}}